{"id":953,"date":"2020-07-15T08:32:08","date_gmt":"2020-07-15T06:32:08","guid":{"rendered":"https:\/\/parafia-chlewo.pl\/?page_id=953"},"modified":"2020-07-15T08:38:01","modified_gmt":"2020-07-15T06:38:01","slug":"odpust-ku-czci-sw-malgorzaty-antiochenskiej-w-gaci-pawezowej","status":"publish","type":"page","link":"https:\/\/parafia-chlewo.pl\/?page_id=953","title":{"rendered":"Odpust ku czci \u015bw. Ma\u0142gorzaty Antioche\u0144skiej w Gaci Paw\u0119zowej"},"content":{"rendered":"<style type=\"text\/css\" scoped>.rbs_gallery_69ff45c9bfde9Spinner{\r\n\t\t\t\tmargin: 50px auto;\r\n\t\t\t\twidth: 50px;\r\n\t\t\t\theight: 40px;\r\n\t\t\t\ttext-align: center;\r\n\t\t\t\tfont-size: 10px;\r\n\t\t\t}\r\n\t\t\t.rbs_gallery_69ff45c9bfde9Spinner > div{\r\n\t\t\t  background-color: #333;\r\n\t\t\t  height: 100%;\r\n\t\t\t  width: 6px;\r\n\t\t\t  display: inline-block;\r\n\t\t\t  -webkit-animation: rbs_gallery_69ff45c9bfde9-stretchdelay 1.2s infinite ease-in-out;\r\n\t\t\t  animation: rbs_gallery_69ff45c9bfde9-stretchdelay 1.2s infinite ease-in-out;\r\n\t\t\t}\r\n\t\t\t.rbs_gallery_69ff45c9bfde9Spinner .rbs_gallery_69ff45c9bfde9Rect2 {\r\n\t\t\t  -webkit-animation-delay: -1.1s;\r\n\t\t\t  animation-delay: -1.1s;\r\n\t\t\t}\r\n\t\t\t.rbs_gallery_69ff45c9bfde9Spinner .rbs_gallery_69ff45c9bfde9Rect3 {\r\n\t\t\t  -webkit-animation-delay: -1.0s;\r\n\t\t\t  animation-delay: -1.0s;\r\n\t\t\t}\r\n\t\t\t.rbs_gallery_69ff45c9bfde9Spinner .rbs_gallery_69ff45c9bfde9Rect4 {\r\n\t\t\t  -webkit-animation-delay: -0.9s;\r\n\t\t\t  animation-delay: -0.9s;\r\n\t\t\t}\r\n\t\t\t.rbs_gallery_69ff45c9bfde9Spinner .rbs_gallery_69ff45c9bfde9Rect5 {\r\n\t\t\t  -webkit-animation-delay: -0.8s;\r\n\t\t\t  animation-delay: -0.8s;\r\n\t\t\t}\r\n\t\t\t@-webkit-keyframes rbs_gallery_69ff45c9bfde9-stretchdelay {\r\n\t\t\t  0%, 40%, 100% { -webkit-transform: scaleY(0.4) }  \r\n\t\t\t  20% { -webkit-transform: scaleY(1.0) }\r\n\t\t\t}\r\n\t\t\t@keyframes rbs_gallery_69ff45c9bfde9-stretchdelay {\r\n\t\t\t  0%, 40%, 100% { \r\n\t\t\t    transform: scaleY(0.4);\r\n\t\t\t    -webkit-transform: scaleY(0.4);\r\n\t\t\t  }  20% { \r\n\t\t\t    transform: scaleY(1.0);\r\n\t\t\t    -webkit-transform: scaleY(1.0);\r\n\t\t\t  }\r\n\t\t\t}\r\n\t\t<\/style><div class=\"robo-gallery-wrap robo-gallery-wrap-id956 robo-gallery-\" ><div id=\"rbs_gallery_69ff45c9bfde9-block-loader\" class=\"rbs_gallery_69ff45c9bfde9Spinner\"><div class=\"rbs_gallery_69ff45c9bfde9Rect1\"><\/div> <div class=\"rbs_gallery_69ff45c9bfde9Rect2\"><\/div> <div class=\"rbs_gallery_69ff45c9bfde9Rect3\"><\/div> <div class=\"rbs_gallery_69ff45c9bfde9Rect4\"><\/div> <div class=\"rbs_gallery_69ff45c9bfde9Rect5\"><\/div><\/div><div class=\"rbs_gallery_button  rbs_gallery_align_left\" id=\"rbs_gallery_69ff45c9bfde9filter\" style=\" display: none;\" ><a class=\"button button-flat-primary button-large  \" href=\"#\" data-filter=\"*\">All<\/a><a class=\"button button-flat-primary button-large  \" href=\"#\" data-filter=\".category956\">Odpust \u015bw. Ma\u0142gorzaty<\/a><\/div><div id=\"robo_gallery_main_block_rbs_gallery_69ff45c9bfde9\" class=\"robogallery-gallery-956\" style=\"width:100%;  display: none;\"><div id=\"rbs_gallery_69ff45c9bfde9\" data-options=\"rbs_gallery_69ff45c9bfde9\" style=\"width:100%;\" class=\"robo_gallery  \"><div class=\"rbs-img  category956 \" ><div class=\"rbs-img-image   rbs-lightbox \" ><div class=\"rbs-img-thumbs\"  data-thumbnail=\"https:\/\/parafia-chlewo.pl\/wp-content\/uploads\/2020\/07\/IMG_0465-300x235.jpg\"  title=\"IMG_0465\"  data-width=\"300\"  data-height=\"235\" ><\/div><div class=\"rbs-img-data-popup\"  data-popup=\"https:\/\/parafia-chlewo.pl\/wp-content\/uploads\/2020\/07\/IMG_0465.jpg\"  title=\"IMG_0465\" ><\/div><div class=\"thumbnail-overlay\"><div class=\"rbsTitle \">IMG_0465<\/div><div class=\"rbsIcons\"><i class=\"fa fa-search-plus rbsZoomIcon \" ><\/i><\/div><\/div><\/div><\/div><div class=\"rbs-img  category956 \" ><div class=\"rbs-img-image   rbs-lightbox \" ><div class=\"rbs-img-thumbs\"  data-thumbnail=\"https:\/\/parafia-chlewo.pl\/wp-content\/uploads\/2020\/07\/IMG_0466-300x218.jpg\"  title=\"IMG_0466\"  data-width=\"300\"  data-height=\"218\" ><\/div><div class=\"rbs-img-data-popup\"  data-popup=\"https:\/\/parafia-chlewo.pl\/wp-content\/uploads\/2020\/07\/IMG_0466.jpg\"  title=\"IMG_0466\" ><\/div><div class=\"thumbnail-overlay\"><div class=\"rbsTitle \">IMG_0466<\/div><div class=\"rbsIcons\"><i class=\"fa fa-search-plus rbsZoomIcon \" ><\/i><\/div><\/div><\/div><\/div><div class=\"rbs-img  category956 \" ><div class=\"rbs-img-image   rbs-lightbox \" ><div class=\"rbs-img-thumbs\"  data-thumbnail=\"https:\/\/parafia-chlewo.pl\/wp-content\/uploads\/2020\/07\/IMG_0468-300x228.jpg\"  title=\"IMG_0468\"  data-width=\"300\"  data-height=\"228\" ><\/div><div class=\"rbs-img-data-popup\"  data-popup=\"https:\/\/parafia-chlewo.pl\/wp-content\/uploads\/2020\/07\/IMG_0468.jpg\"  title=\"IMG_0468\" ><\/div><div class=\"thumbnail-overlay\"><div class=\"rbsTitle \">IMG_0468<\/div><div class=\"rbsIcons\"><i class=\"fa fa-search-plus rbsZoomIcon \" ><\/i><\/div><\/div><\/div><\/div><div class=\"rbs-img  category956 \" ><div class=\"rbs-img-image   rbs-lightbox \" ><div class=\"rbs-img-thumbs\"  data-thumbnail=\"https:\/\/parafia-chlewo.pl\/wp-content\/uploads\/2020\/07\/IMG_0469-300x200.jpg\"  title=\"IMG_0469\"  data-width=\"300\"  data-height=\"200\" ><\/div><div class=\"rbs-img-data-popup\"  data-popup=\"https:\/\/parafia-chlewo.pl\/wp-content\/uploads\/2020\/07\/IMG_0469.jpg\"  title=\"IMG_0469\" ><\/div><div class=\"thumbnail-overlay\"><div class=\"rbsTitle \">IMG_0469<\/div><div class=\"rbsIcons\"><i class=\"fa fa-search-plus rbsZoomIcon \" ><\/i><\/div><\/div><\/div><\/div><div class=\"rbs-img  category956 \" ><div class=\"rbs-img-image   rbs-lightbox \" ><div class=\"rbs-img-thumbs\"  data-thumbnail=\"https:\/\/parafia-chlewo.pl\/wp-content\/uploads\/2020\/07\/IMG_0470-300x200.jpg\"  title=\"IMG_0470\"  data-width=\"300\"  data-height=\"200\" ><\/div><div class=\"rbs-img-data-popup\"  data-popup=\"https:\/\/parafia-chlewo.pl\/wp-content\/uploads\/2020\/07\/IMG_0470.jpg\"  title=\"IMG_0470\" ><\/div><div class=\"thumbnail-overlay\"><div class=\"rbsTitle \">IMG_0470<\/div><div class=\"rbsIcons\"><i class=\"fa fa-search-plus rbsZoomIcon \" ><\/i><\/div><\/div><\/div><\/div><div class=\"rbs-img  category956 \" ><div class=\"rbs-img-image   rbs-lightbox \" ><div class=\"rbs-img-thumbs\"  data-thumbnail=\"https:\/\/parafia-chlewo.pl\/wp-content\/uploads\/2020\/07\/IMG_0471-300x200.jpg\"  title=\"IMG_0471\"  data-width=\"300\"  data-height=\"200\" ><\/div><div class=\"rbs-img-data-popup\"  data-popup=\"https:\/\/parafia-chlewo.pl\/wp-content\/uploads\/2020\/07\/IMG_0471.jpg\"  title=\"IMG_0471\" ><\/div><div class=\"thumbnail-overlay\"><div class=\"rbsTitle \">IMG_0471<\/div><div class=\"rbsIcons\"><i class=\"fa fa-search-plus rbsZoomIcon \" ><\/i><\/div><\/div><\/div><\/div><div class=\"rbs-img  category956 \" ><div class=\"rbs-img-image   rbs-lightbox \" ><div class=\"rbs-img-thumbs\"  data-thumbnail=\"https:\/\/parafia-chlewo.pl\/wp-content\/uploads\/2020\/07\/IMG_0472-300x200.jpg\"  title=\"IMG_0472\"  data-width=\"300\"  data-height=\"200\" ><\/div><div class=\"rbs-img-data-popup\"  data-popup=\"https:\/\/parafia-chlewo.pl\/wp-content\/uploads\/2020\/07\/IMG_0472.jpg\"  title=\"IMG_0472\" ><\/div><div class=\"thumbnail-overlay\"><div class=\"rbsTitle \">IMG_0472<\/div><div class=\"rbsIcons\"><i class=\"fa fa-search-plus rbsZoomIcon \" ><\/i><\/div><\/div><\/div><\/div><div class=\"rbs-img  category956 \" ><div class=\"rbs-img-image   rbs-lightbox \" ><div class=\"rbs-img-thumbs\"  data-thumbnail=\"https:\/\/parafia-chlewo.pl\/wp-content\/uploads\/2020\/07\/IMG_0473-300x231.jpg\"  title=\"IMG_0473\"  data-width=\"300\"  data-height=\"231\" ><\/div><div class=\"rbs-img-data-popup\"  data-popup=\"https:\/\/parafia-chlewo.pl\/wp-content\/uploads\/2020\/07\/IMG_0473.jpg\"  title=\"IMG_0473\" ><\/div><div class=\"thumbnail-overlay\"><div class=\"rbsTitle \">IMG_0473<\/div><div class=\"rbsIcons\"><i class=\"fa fa-search-plus rbsZoomIcon \" ><\/i><\/div><\/div><\/div><\/div><div class=\"rbs-img  category956 \" ><div class=\"rbs-img-image   rbs-lightbox \" ><div class=\"rbs-img-thumbs\"  data-thumbnail=\"https:\/\/parafia-chlewo.pl\/wp-content\/uploads\/2020\/07\/IMG_0474-300x200.jpg\"  title=\"IMG_0474\"  data-width=\"300\"  data-height=\"200\" ><\/div><div class=\"rbs-img-data-popup\"  data-popup=\"https:\/\/parafia-chlewo.pl\/wp-content\/uploads\/2020\/07\/IMG_0474.jpg\"  title=\"IMG_0474\" ><\/div><div class=\"thumbnail-overlay\"><div class=\"rbsTitle \">IMG_0474<\/div><div class=\"rbsIcons\"><i class=\"fa fa-search-plus rbsZoomIcon \" ><\/i><\/div><\/div><\/div><\/div><div class=\"rbs-img  category956 \" ><div class=\"rbs-img-image   rbs-lightbox \" ><div class=\"rbs-img-thumbs\"  data-thumbnail=\"https:\/\/parafia-chlewo.pl\/wp-content\/uploads\/2020\/07\/IMG_0476-300x200.jpg\"  title=\"IMG_0476\"  data-width=\"300\"  data-height=\"200\" ><\/div><div class=\"rbs-img-data-popup\"  data-popup=\"https:\/\/parafia-chlewo.pl\/wp-content\/uploads\/2020\/07\/IMG_0476.jpg\"  title=\"IMG_0476\" ><\/div><div class=\"thumbnail-overlay\"><div class=\"rbsTitle \">IMG_0476<\/div><div class=\"rbsIcons\"><i class=\"fa fa-search-plus rbsZoomIcon \" ><\/i><\/div><\/div><\/div><\/div><div class=\"rbs-img  category956 \" ><div class=\"rbs-img-image   rbs-lightbox \" ><div class=\"rbs-img-thumbs\"  data-thumbnail=\"https:\/\/parafia-chlewo.pl\/wp-content\/uploads\/2020\/07\/IMG_0477-300x200.jpg\"  title=\"IMG_0477\"  data-width=\"300\"  data-height=\"200\" ><\/div><div class=\"rbs-img-data-popup\"  data-popup=\"https:\/\/parafia-chlewo.pl\/wp-content\/uploads\/2020\/07\/IMG_0477.jpg\"  title=\"IMG_0477\" ><\/div><div class=\"thumbnail-overlay\"><div class=\"rbsTitle \">IMG_0477<\/div><div class=\"rbsIcons\"><i class=\"fa fa-search-plus rbsZoomIcon \" ><\/i><\/div><\/div><\/div><\/div><div class=\"rbs-img  category956 \" ><div class=\"rbs-img-image   rbs-lightbox \" ><div class=\"rbs-img-thumbs\"  data-thumbnail=\"https:\/\/parafia-chlewo.pl\/wp-content\/uploads\/2020\/07\/IMG_0478-300x200.jpg\"  title=\"IMG_0478\"  data-width=\"300\"  data-height=\"200\" ><\/div><div class=\"rbs-img-data-popup\"  data-popup=\"https:\/\/parafia-chlewo.pl\/wp-content\/uploads\/2020\/07\/IMG_0478.jpg\"  title=\"IMG_0478\" ><\/div><div class=\"thumbnail-overlay\"><div class=\"rbsTitle \">IMG_0478<\/div><div class=\"rbsIcons\"><i class=\"fa fa-search-plus rbsZoomIcon \" ><\/i><\/div><\/div><\/div><\/div><div class=\"rbs-img  category956 \" ><div class=\"rbs-img-image   rbs-lightbox \" ><div class=\"rbs-img-thumbs\"  data-thumbnail=\"https:\/\/parafia-chlewo.pl\/wp-content\/uploads\/2020\/07\/IMG_0479-200x300.jpg\"  title=\"IMG_0479\"  data-width=\"200\"  data-height=\"300\" ><\/div><div class=\"rbs-img-data-popup\"  data-popup=\"https:\/\/parafia-chlewo.pl\/wp-content\/uploads\/2020\/07\/IMG_0479.jpg\"  title=\"IMG_0479\" ><\/div><div class=\"thumbnail-overlay\"><div class=\"rbsTitle \">IMG_0479<\/div><div class=\"rbsIcons\"><i class=\"fa fa-search-plus rbsZoomIcon \" ><\/i><\/div><\/div><\/div><\/div><div class=\"rbs-img  category956 \" ><div class=\"rbs-img-image   rbs-lightbox \" ><div class=\"rbs-img-thumbs\"  data-thumbnail=\"https:\/\/parafia-chlewo.pl\/wp-content\/uploads\/2020\/07\/IMG_0480-183x300.jpg\"  title=\"IMG_0480\"  data-width=\"183\"  data-height=\"300\" ><\/div><div class=\"rbs-img-data-popup\"  data-popup=\"https:\/\/parafia-chlewo.pl\/wp-content\/uploads\/2020\/07\/IMG_0480.jpg\"  title=\"IMG_0480\" ><\/div><div class=\"thumbnail-overlay\"><div class=\"rbsTitle \">IMG_0480<\/div><div class=\"rbsIcons\"><i class=\"fa fa-search-plus rbsZoomIcon \" ><\/i><\/div><\/div><\/div><\/div><\/div><\/div><\/div><script>var rbs_gallery_69ff45c9bfde9 = {\"version\":\"5.0.3\",\"id\":956,\"class\":\"id956\",\"roboGalleryDelay\":1000,\"mainContainer\":\"#robo_gallery_main_block_rbs_gallery_69ff45c9bfde9\",\"loadingContainer\":\"#rbs_gallery_69ff45c9bfde9-block-loader\",\"loadingContainerObj\":\"rbs_gallery_69ff45c9bfde9-block-loader\",\"columnWidth\":\"auto\",\"columns\":3,\"resolutions\":[{\"columnWidth\":\"auto\",\"columns\":3,\"maxWidth\":960},{\"columnWidth\":\"auto\",\"columns\":2,\"maxWidth\":650},{\"columnWidth\":\"auto\",\"columns\":1,\"maxWidth\":450}],\"lightboxOptions\":{\"gallery\":{\"enabled\":true,\"tCounter\":\"%curr% of %total%\"}},\"overlayEffect\":\"direction-aware-fade\",\"boxesToLoadStart\":12,\"boxesToLoad\":8,\"waitUntilThumbLoads\":1,\"LoadingWord\":\"Loading...\",\"loadMoreWord\":\"Load More\",\"noMoreEntriesWord\":\"No More Entries\",\"horizontalSpaceBetweenBoxes\":15,\"verticalSpaceBetweenBoxes\":15,\"lazyLoad\":1,\"wrapContainer\":\"#robo-gallery-wrap-rbs_gallery_69ff45c9bfde9\",\"filterContainer\":\"#rbs_gallery_69ff45c9bfde9filter\",\"loadMoreClass\":\"button-flat-primary button-large \"};<\/script>\n","protected":false},"excerpt":{"rendered":"","protected":false},"author":1,"featured_media":0,"parent":459,"menu_order":0,"comment_status":"closed","ping_status":"closed","template":"","meta":{"footnotes":""},"class_list":["post-953","page","type-page","status-publish","hentry"],"_links":{"self":[{"href":"https:\/\/parafia-chlewo.pl\/index.php?rest_route=\/wp\/v2\/pages\/953","targetHints":{"allow":["GET"]}}],"collection":[{"href":"https:\/\/parafia-chlewo.pl\/index.php?rest_route=\/wp\/v2\/pages"}],"about":[{"href":"https:\/\/parafia-chlewo.pl\/index.php?rest_route=\/wp\/v2\/types\/page"}],"author":[{"embeddable":true,"href":"https:\/\/parafia-chlewo.pl\/index.php?rest_route=\/wp\/v2\/users\/1"}],"replies":[{"embeddable":true,"href":"https:\/\/parafia-chlewo.pl\/index.php?rest_route=%2Fwp%2Fv2%2Fcomments&post=953"}],"version-history":[{"count":2,"href":"https:\/\/parafia-chlewo.pl\/index.php?rest_route=\/wp\/v2\/pages\/953\/revisions"}],"predecessor-version":[{"id":971,"href":"https:\/\/parafia-chlewo.pl\/index.php?rest_route=\/wp\/v2\/pages\/953\/revisions\/971"}],"up":[{"embeddable":true,"href":"https:\/\/parafia-chlewo.pl\/index.php?rest_route=\/wp\/v2\/pages\/459"}],"wp:attachment":[{"href":"https:\/\/parafia-chlewo.pl\/index.php?rest_route=%2Fwp%2Fv2%2Fmedia&parent=953"}],"curies":[{"name":"wp","href":"https:\/\/api.w.org\/{rel}","templated":true}]}}