{"id":59,"date":"2019-12-05T23:12:16","date_gmt":"2019-12-05T22:12:16","guid":{"rendered":"http:\/\/parafia-chlewo.pl\/?page_id=59"},"modified":"2023-04-02T18:32:01","modified_gmt":"2023-04-02T16:32:01","slug":"zywy-rozaniec","status":"publish","type":"page","link":"https:\/\/parafia-chlewo.pl\/?page_id=59","title":{"rendered":"\u017bywy R\u00f3\u017caniec"},"content":{"rendered":"<h4><\/h4>\n<h4><img loading=\"lazy\" decoding=\"async\" class=\" wp-image-501 alignleft\" src=\"http:\/\/parafia-chlewo.pl\/wp-content\/uploads\/2020\/02\/pobrane-300x168.jpg\" alt=\"\" width=\"352\" height=\"197\" srcset=\"https:\/\/parafia-chlewo.pl\/wp-content\/uploads\/2020\/02\/pobrane-300x168.jpg 300w, https:\/\/parafia-chlewo.pl\/wp-content\/uploads\/2020\/02\/pobrane.jpg 474w\" sizes=\"auto, (max-width: 352px) 100vw, 352px\" \/>&#8222;\u017bywy R\u00f3\u017caniec&#8221; jest zorganizowan\u0105 wsp\u00f3lnot\u0105 os\u00f3b, kt\u00f3re modl\u0105 si\u0119 codziennie na r\u00f3\u017ca\u0144cu. Organizacja ta odpowiada kszta\u0142towi samej modlitwy r\u00f3\u017ca\u0144cowej, kt\u00f3ra polega na rozwa\u017caniu 20 tajemnic z \u017cycia Jezusa i Maryi przy jednoczesnym odmawianiu przy ka\u017cdej tajemnicy jednego &#8222;Ojcze nasz&#8221; 10 &#8222;Zdrowa\u015b Maryjo&#8221; i jednego &#8222;Chwa\u0142a Ojcu&#8221;.\u00a0 Ka\u017cda &#8222;\u017bywa R\u00f3\u017ca&#8221; sk\u0142ada si\u0119 z 20 os\u00f3b, a ka\u017cda z nich odmawia codziennie przynajmniej jedn\u0105 tajemnic\u0119 r\u00f3\u017ca\u0144ca. Koniecznie jednak t\u0119, kt\u00f3ra zostaje powierzona do rozwa\u017cania i odmawiania raz w miesi\u0105cu, przy &#8222;zmianie tajemnic&#8221;. Przy tej zmianie, co miesi\u0105c, wszystkim cz\u0142onkom przydziela si\u0119 nowe tajemnice do odmawiania, w taki jednak spos\u00f3b, aby w jednej &#8222;\u017bywej R\u00f3\u017cy&#8221; by\u0142y ka\u017cdego dnia odm\u00f3wione wszystkie tajemnice w sumie dwadzie\u015bcia. Tak wi\u0119c, nawet, gdy poszczeg\u00f3lni cz\u0142onkowie &#8222;\u017bywej R\u00f3\u017cy&#8221; odmawiaj\u0105 dziennie tylko jedn\u0105 tajemnic\u0119, to w ca\u0142ej R\u00f3\u017cy rozwa\u017cany jest ca\u0142y r\u00f3\u017caniec, czyli wszystkie cz\u0119\u015bci i tajemnice.\u00a0\u00a0Bardzo istotne jest r\u00f3wnie\u017c to, \u017ce wszyscy cz\u0142onkowie R\u00f3\u017cy modl\u0105 si\u0119 w tej samej intencji, kt\u00f3ra jest r\u00f3wnie\u017c zmieniana co miesi\u0105c.<\/h4>\n<h4 id=\"ftoc-heading-2\" class=\"ftwp-heading\"><span style=\"color: #0000ff;\"><strong>Intencje Papieskie na 2023 rok<\/strong><\/span><\/h4>\n<h4><span style=\"color: #0000ff;\">Stycze\u0144 <\/span><br \/>\n<span style=\"color: #0000ff;\">Za wychowawc\u00f3w<\/span><br \/>\n<span style=\"color: #0000ff;\">M\u00f3dlmy si\u0119, aby wychowawcy byli wiarygodnymi \u015bwiadkami, ucz\u0105c braterstwa, a nie rywalizacji, i pomagaj\u0105c w szczeg\u00f3lno\u015bci najbardziej bezbronnym m\u0142odym ludziom.<\/span><\/h4>\n<h4><span style=\"color: #0000ff;\">Luty <\/span><br \/>\n<span style=\"color: #0000ff;\">Za parafie<\/span><br \/>\n<span style=\"color: #0000ff;\">M\u00f3dlmy si\u0119, aby parafie, stawiaj\u0105c w centrum komuni\u0119, stawa\u0142y si\u0119 coraz bardziej wsp\u00f3lnotami wiary, braterstwa i otwarto\u015bci wobec najbardziej potrzebuj\u0105cych.<\/span><\/h4>\n<h4><span style=\"color: #0000ff;\">Marzec <\/span><br \/>\n<span style=\"color: #0000ff;\">Za ofiary nadu\u017cy\u0107<\/span><br \/>\n<span style=\"color: #0000ff;\">M\u00f3dlmy si\u0119 za tych, kt\u00f3rzy cierpi\u0105 z powodu z\u0142a wyrz\u0105dzonego im przez cz\u0142onk\u00f3w wsp\u00f3lnoty ko\u015bcielnej, aby w\u0142a\u015bnie w Ko\u015bciele znale\u017ali konkretn\u0105 odpowied\u017a na sw\u00f3j b\u00f3l i swoje cierpienia.<\/span><\/h4>\n<h4><span style=\"color: #0000ff;\">Kwiecie\u0144 <\/span><br \/>\n<span style=\"color: #0000ff;\">O kultur\u0119 wyrzeczenia si\u0119 przemocy<\/span><br \/>\n<span style=\"color: #0000ff;\">M\u00f3dlmy si\u0119 o wi\u0119ksze propagowanie kultury rezygnacji z przemocy, do kt\u00f3rej prowadzi coraz rzadsze u\u017cywanie broni, zar\u00f3wno przez pa\u0144stwa, jak i obywateli.<\/span><\/h4>\n<h4><span style=\"color: #0000ff;\">Maj <\/span><br \/>\n<span style=\"color: #0000ff;\">Za ruchy i grupy ko\u015bcielne<\/span><br \/>\n<span style=\"color: #0000ff;\">M\u00f3dlmy si\u0119, aby ruchy i grupy ko\u015bcielne ka\u017cdego dnia na nowo odkrywa\u0142y swoj\u0105 misj\u0119 ewangelizacyjn\u0105, oddaj\u0105c swoje charyzmaty na s\u0142u\u017cb\u0119 w potrzebach \u015bwiata.<\/span><\/h4>\n<h4><span style=\"color: #0000ff;\">Czerwiec <\/span><br \/>\n<span style=\"color: #0000ff;\">O zniesienie tortur<\/span><br \/>\n<span style=\"color: #0000ff;\">M\u00f3dlmy si\u0119, aby wsp\u00f3lnota mi\u0119dzynarodowa podj\u0119\u0142a konkretne dzia\u0142ania, zmierzaj\u0105ce do zniesienia tortur, zapewniaj\u0105c wsparcie ofiarom i ich rodzinom.<\/span><\/h4>\n<h4><span style=\"color: #0000ff;\">Lipiec <\/span><br \/>\n<span style=\"color: #0000ff;\">O \u017cycie eucharystyczne<\/span><br \/>\n<span style=\"color: #0000ff;\">M\u00f3dlmy si\u0119, aby katolicy stawiali w centrum swojego \u017cycia celebrowanie Eucharystii, kt\u00f3ra g\u0142\u0119boko przemienia relacje mi\u0119dzyludzkie oraz otwiera na spotkanie z Bogiem i bra\u0107mi.<\/span><\/h4>\n<h4><span style=\"color: #0000ff;\">Sierpie\u0144 <\/span><br \/>\n<span style=\"color: #0000ff;\">Za \u015awiatowy Dzie\u0144 M\u0142odzie\u017cy<\/span><br \/>\n<span style=\"color: #0000ff;\">M\u00f3dlmy si\u0119, aby \u015awiatowy Dzie\u0144 M\u0142odzie\u017cy w Lizbonie pom\u00f3g\u0142 m\u0142odym ludziom wyrusza\u0107 w drog\u0119 i dawa\u0107 \u015bwiadectwo Ewangelii w\u0142asnym \u017cyciem.<\/span><\/h4>\n<h4><span style=\"color: #0000ff;\">Wrzesie\u0144 <\/span><br \/>\n<span style=\"color: #0000ff;\">Za ludzi \u017cyj\u0105cych na marginesie<\/span><br \/>\n<span style=\"color: #0000ff;\">M\u00f3dlmy si\u0119, aby ludzie, kt\u00f3rzy \u017cyj\u0105 na marginesie spo\u0142ecze\u0144stwa, w nieludzkich warunkach egzystencjalnych, nie byli zapominani przez instytucje i by nigdy nie byli uwa\u017cani za pozbawionych warto\u015bci.<\/span><\/h4>\n<h4><span style=\"color: #0000ff;\">Pa\u017adziernik <\/span><br \/>\n<span style=\"color: #0000ff;\">Za Synod<\/span><br \/>\n<span style=\"color: #0000ff;\">M\u00f3dlmy si\u0119 za Ko\u015bci\u00f3\u0142, aby przyj\u0105\u0142 s\u0142uchanie i dialog jako styl \u017cycia na ka\u017cdym szczeblu, pozwalaj\u0105c si\u0119 prowadzi\u0107 Duchowi \u015awi\u0119temu ku peryferiom \u015bwiata.<\/span><\/h4>\n<h4><span style=\"color: #0000ff;\">Listopad <\/span><br \/>\n<span style=\"color: #0000ff;\">Za Papie\u017ca<\/span><br \/>\n<span style=\"color: #0000ff;\">M\u00f3dlmy si\u0119 za Papie\u017ca, aby pe\u0142ni\u0105c swoj\u0105 misj\u0119 z pomoc\u0105 Ducha \u015awi\u0119tego, nadal towarzyszy\u0142 w wierze powierzonej mu trzodzie.<\/span><\/h4>\n<h4><span style=\"color: #0000ff;\">Grudzie\u0144 <\/span><br \/>\n<span style=\"color: #0000ff;\">Za osoby z niepe\u0142nosprawno\u015bciami<\/span><br \/>\n<span style=\"color: #0000ff;\">M\u00f3dlmy si\u0119, aby osoby z niepe\u0142nosprawno\u015bciami by\u0142y w centrum uwagi spo\u0142ecze\u0144stwa, a instytucje promowa\u0142y programy integracyjne, kt\u00f3re zwi\u0119kszy\u0142yby ich aktywne uczestnictwo.<\/span><\/h4>\n<h4><span style=\"color: #0000ff;\">INTENCJE PARAFIALNE &#8211; na ca\u0142y rok<\/span><br \/>\n<span style=\"color: #0000ff;\">Za ko\u015bci\u00f3\u0142, za kap\u0142an\u00f3w, o powo\u0142ania kap\u0142a\u0144skie i zakonne, za dzieci i m\u0142odzie\u017c, aby trwa\u0142y w wierze i zawsze odnajdowa\u0142y drog\u0119 do Ko\u015bcio\u0142a, za chorych, rodziny, ma\u0142\u017ce\u0144stwa prze\u017cywaj\u0105ce kryzys, za \u017cyj\u0105cych w zwi\u0105zkach niesakramentalnych, za zniewolonych przez uzale\u017cnienia, za unikaj\u0105cych spowiedzi.<\/span><\/h4>\n<h4><\/h4>\n<h4><strong><span style=\"color: #000000;\">Historia<\/span><\/strong><\/h4>\n<h4><span style=\"color: #000000;\">Od po\u0142owy XIX wieku najbardziej popularn\u0105 r\u00f3\u017ca\u0144cow\u0105 wsp\u00f3lnot\u0119 modlitewn\u0105 stanowi <strong>Stowarzyszenie \u017bywego R\u00f3\u017ca\u0144ca<\/strong>, za\u0142o\u017cone przez Paulin\u0119 Jaricot (1799-1862) w Lyonie w roku 1826. &#8222;Najwa\u017cniejsz\u0105&#8230; rzecz\u0105 i najtrudniejsz\u0105 jest uczyni\u0107 r\u00f3\u017caniec modlitw\u0105 wszystkich&#8221; &#8211; napisa\u0142a wtedy. Ka\u017cdy cz\u0142owiek mo\u017ce znale\u017a\u0107 w ci\u0105gu dnia kilka minut, aby odm\u00f3wi\u0107 dziesi\u0105tek r\u00f3\u017ca\u0144ca, czyli jedn\u0105 tajemnic\u0119. Paulina Jaricot zacz\u0119\u0142a organizowa\u0107 pi\u0119tnastoosobowe grupy, nazwane p\u00f3\u017aniej ?\u017cywymi r\u00f3\u017cami?. Ka\u017cda z os\u00f3b tworz\u0105cych pi\u0119tnastk\u0119 zobowi\u0105zywa\u0142a si\u0119 do odmawiania jednej tajemnicy, czyli wszyscy razem odmawiaj\u0105 codziennie ca\u0142y r\u00f3\u017caniec. Wszystkich cz\u0142onk\u00f3w r\u00f3\u017cy dotyczy taka sama zas\u0142uga jakby odm\u00f3wili ca\u0142y r\u00f3\u017caniec. Nieodm\u00f3wienie tajemnicy nie oznacza grzechu, a utrat\u0119 zas\u0142ugi. Celem Stowarzyszenia \u017bywego R\u00f3\u017ca\u0144ca jest wed\u0142ug Za\u0142o\u017cycielki wspieranie modlitw\u0105, ofiar\u0105 duchow\u0105 i materialn\u0105 dzia\u0142a\u0144 misyjnych Ko\u015bcio\u0142a. Dzie\u0142u Pauliny Jaricot udzieli\u0142o poparcia wielu biskup\u00f3w oraz ojciec genera\u0142 Zakonu Kaznodziejskiego, kt\u00f3ry przy\u0142\u0105czy\u0142 Stowarzyszenie \u017bywego R\u00f3\u017ca\u0144ca do wielkiej historycznej dominika\u0144skiej Rodziny R\u00f3\u017ca\u0144cowej, obejmuj\u0105cej Bractwa R\u00f3\u017ca\u0144cowe i R\u00f3\u017caniec Wieczysty. Wkr\u00f3tce papie\u017c Grzegorz XVI wyda\u0142 breve aprobuj\u0105ce stowarzyszenie. \u017bywy R\u00f3\u017caniec w kr\u00f3tkim czasie rozprzestrzeni\u0142 si\u0119 w ca\u0142ej Francji, a nast\u0119pnie na \u015bwiecie. Po pi\u0119ciu latach, w roku 1831, Paulina Jaricot napisa\u0142a:<\/span><\/h4>\n<h4><span style=\"color: #000000;\">&#8222;Liczba odmawiaj\u0105cych dziesi\u0105tek r\u00f3\u017ca\u0144ca ro\u015bnie z niewiarygodn\u0105 szybko\u015bci\u0105 we W\u0142oszech, Szwajcarii, Belgii, Anglii i wielu regionach Ameryki. (&#8230;) Wsz\u0119dzie, gdzie tworz\u0105 si\u0119 pi\u0119tnastki, mo\u017cna zauwa\u017cy\u0107 nie notowane wcze\u015bniej umacnianie si\u0119 dobra&#8221;. Kilka lat p\u00f3\u017aniej doda\u0142a: &#8222;Stopniowo stajemy si\u0119 zjednoczeni w modlitwie ze wszystkimi lud\u017ami \u015bwiata&#8221;.<\/span><\/h4>\n<h4><span style=\"color: #000000;\">Papie\u017c Leon XIII w breve z 13 czerwca 1881 roku napisa\u0142 m.in.<\/span><\/h4>\n<h4><span style=\"color: #000000;\">&#8222;Paulinie Jaricot &#8230; zawdzi\u0119czamy szcz\u0119\u015bliwy pomys\u0142 rozdzielenia w\u015br\u00f3d pi\u0119tnastu os\u00f3b pi\u0119tnastu dziesi\u0105tk\u00f3w R\u00f3\u017ca\u0144ca. W ten spos\u00f3b &#8230; cudownie rozpowszechni\u0142a i uczyni\u0142a nieustann\u0105 modlitw\u0119 do Matki Bo\u017cej&#8221;.<\/span><\/h4>\n<h4><span style=\"color: #000000;\">Za\u0142o\u017cycielka \u017bywego R\u00f3\u017ca\u0144ca, Paulina Jaricot pragn\u0119\u0142a, aby modlitwa r\u00f3\u017ca\u0144cowa wspar\u0142a zainicjowane przez ni\u0105 kilka lat wcze\u015bniej Dzie\u0142o Rozkrzewiania Wiary, kt\u00f3re w stulecie powstania, 3 maja 1922 roku, papie\u017c Pius XI uczyni\u0142 Papieskim i poleci\u0142 wprowadzi\u0107 w ca\u0142ym Ko\u015bciele. Misyjne korzenie \u017bywego R\u00f3\u017ca\u0144ca na nowo odkry\u0142 w latach pi\u0119\u0107dziesi\u0105tych XX wieku dyrektor Papieskiego Dzie\u0142a Rozkrzewiania Wiary w USA, abp Sheen, tercjarz dominika\u0144ski.<\/span><\/h4>\n<h4><span style=\"color: #000000;\">Rozpoczynaj\u0105c 25. rok swojego pontyfikatu, Jan Pawe\u0142 II w li\u015bcie apostolskim zatytu\u0142owanym? R\u00f3\u017caniec Dziewicy Maryi? og\u0142osi\u0142 <strong>Rok R\u00f3\u017ca\u0144ca<\/strong>\u00a0(okres od pa\u017adziernika 2002 do pa\u017adziernika 2003 roku). Ojciec \u015awi\u0119ty wprowadzi\u0142 now\u0105 cz\u0119\u015b\u0107 r\u00f3\u017ca\u0144ca, tajemnice \u015bwiat\u0142a, uwzgl\u0119dniaj\u0105ce lata publicznej dzia\u0142alno\u015bci Pana Jezusa, ?aby r\u00f3\u017caniec w pe\u0142niejszy spos\u00f3b mo\u017cna by\u0142o nazwa\u0107 streszczeniem Ewangelii?. Odt\u0105d ca\u0142y r\u00f3\u017caniec liczy 20 tajemnic, czyli \u017cywe r\u00f3\u017ce sk\u0142adaj\u0105 si\u0119 z 20 os\u00f3b.<\/span><\/h4>\n<h4><span style=\"color: #000000;\">W Roku R\u00f3\u017ca\u0144ca Jan Pawe\u0142 II podzi\u0119kowa\u0142 cz\u0142onkom \u017bywego R\u00f3\u017ca\u0144ca na ca\u0142ym \u015bwiecie za to, \u017ce modl\u0105c si\u0119 w papieskich intencjach misyjnych wspieraj\u0105 dzie\u0142o ewangelizacji na wszystkich kontynentach, a tym samym i jego pos\u0142ug\u0119.<\/span><\/h4>\n<h4><\/h4>\n","protected":false},"excerpt":{"rendered":"<p>&#8222;\u017bywy R\u00f3\u017caniec&#8221; jest zorganizowan\u0105 wsp\u00f3lnot\u0105 os\u00f3b, kt\u00f3re modl\u0105 si\u0119 codziennie na r\u00f3\u017ca\u0144cu. Organizacja ta odpowiada kszta\u0142towi samej modlitwy r\u00f3\u017ca\u0144cowej, kt\u00f3ra polega na rozwa\u017caniu 20 tajemnic z \u017cycia Jezusa i Maryi przy jednoczesnym odmawianiu przy ka\u017cdej tajemnicy jednego &#8222;Ojcze nasz&#8221; 10 &#8222;Zdrowa\u015b Maryjo&#8221; i jednego &#8222;Chwa\u0142a Ojcu&#8221;.\u00a0 Ka\u017cda &#8222;\u017bywa R\u00f3\u017ca&#8221; sk\u0142ada si\u0119 z 20 os\u00f3b, a ka\u017cda z nich odmawia codziennie przynajmniej jedn\u0105 tajemnic\u0119 r\u00f3\u017ca\u0144ca. &hellip;<\/p>\n","protected":false},"author":1,"featured_media":0,"parent":0,"menu_order":0,"comment_status":"closed","ping_status":"closed","template":"","meta":{"footnotes":""},"class_list":["post-59","page","type-page","status-publish","hentry"],"_links":{"self":[{"href":"https:\/\/parafia-chlewo.pl\/index.php?rest_route=\/wp\/v2\/pages\/59","targetHints":{"allow":["GET"]}}],"collection":[{"href":"https:\/\/parafia-chlewo.pl\/index.php?rest_route=\/wp\/v2\/pages"}],"about":[{"href":"https:\/\/parafia-chlewo.pl\/index.php?rest_route=\/wp\/v2\/types\/page"}],"author":[{"embeddable":true,"href":"https:\/\/parafia-chlewo.pl\/index.php?rest_route=\/wp\/v2\/users\/1"}],"replies":[{"embeddable":true,"href":"https:\/\/parafia-chlewo.pl\/index.php?rest_route=%2Fwp%2Fv2%2Fcomments&post=59"}],"version-history":[{"count":11,"href":"https:\/\/parafia-chlewo.pl\/index.php?rest_route=\/wp\/v2\/pages\/59\/revisions"}],"predecessor-version":[{"id":3236,"href":"https:\/\/parafia-chlewo.pl\/index.php?rest_route=\/wp\/v2\/pages\/59\/revisions\/3236"}],"wp:attachment":[{"href":"https:\/\/parafia-chlewo.pl\/index.php?rest_route=%2Fwp%2Fv2%2Fmedia&parent=59"}],"curies":[{"name":"wp","href":"https:\/\/api.w.org\/{rel}","templated":true}]}}