{"id":47,"date":"2019-12-05T19:41:01","date_gmt":"2019-12-05T18:41:01","guid":{"rendered":"http:\/\/parafia-chlewo.pl\/?page_id=47"},"modified":"2026-03-28T17:04:30","modified_gmt":"2026-03-28T16:04:30","slug":"ogloszenia","status":"publish","type":"page","link":"https:\/\/parafia-chlewo.pl\/?page_id=47","title":{"rendered":"Og\u0142oszenia"},"content":{"rendered":"<h4>OG\u0141OSZENIA DUSZPASTERSKIE NIEDZIELA PALMOWA 29.03.2026<\/h4>\n<h4>1. Zapraszam na dzisiejsz\u0105 Drog\u0119 Krzy\u017cow\u0105, p\u00f3jdziemy t\u0105 sam\u0105 tras\u0105 co w zesz\u0142ym roku, wychodzimy z ko\u015bcio\u0142a o godz. 16.00.<\/h4>\n<h4>2. Okazja do spowiedzi w poniedzia\u0142ek, wtorek i \u015brod\u0119 od godz. 17.30 do 18.00.<\/h4>\n<h4>3. Duszpasterskie odwiedziny chorych ze spowiedzi\u0105 i Komuni\u0105 wielkanocn\u0105 b\u0119d\u0105 w \u015brod\u0119 od godz. 9.00. Prosz\u0119 zg\u0142asza\u0107 chorych.<\/h4>\n<h4>4. W Wielki Czwartek o godz. 18.00 celebrowa\u0107 b\u0119dziemy Msz\u0119 \u015awi\u0119t\u0105, zwana Msz\u0105 Wieczerzy Pa\u0144skiej, na pami\u0105tk\u0119 ustanowienia przez Chrystusa sakrament\u00f3w Eucharystii i Kap\u0142a\u0144stwa. Podczas tej Mszy \u015bw. po\u015bwi\u0119c\u0119 ksi\u0105\u017ceczki dla dzieci z klasy III. Po liturgii adoracja do godz. 21.00.<\/h4>\n<h4>5. W Wielki Pi\u0105tek obowi\u0105zuje post \u015bcis\u0142y, polegaj\u0105cy na powstrzymaniu si\u0119 od potraw mi\u0119snych oraz tego dnia mo\u017cemy zje\u015b\u0107 tylko trzy posi\u0142ki. Zapraszam na Koronk\u0119 do Mi\u0142osierdzia Bo\u017cego w pi\u0105tek o 15.00. Pocz\u0105tek wielkopi\u0105tkowej liturgii b\u0119dzie o godz. 18.00. Tego dnia nie sprawuje si\u0119 Mszy \u015bw.; jest to dzie\u0144 rozwa\u017cania M\u0119ki Pa\u0144skiej i Adoracji Krzy\u017ca. Na zako\u0144czenie liturgii Naj\u015bwi\u0119tszy Sakrament zostanie przeniesiony do Grobu Pa\u0144skiego. Adoracja do godz. 21.00.<\/h4>\n<h4>6. Wielka Sobota jest dniem adoracji Naj\u015bwi\u0119tszego Sakramentu w Grobie Pa\u0144skim, w naszym ko\u015bciele od godz. 9.00 do 21.00. Prosz\u0119 stra\u017cak\u00f3w o pe\u0142nienie stra\u017cy przy Grobie Pa\u0144skim.<\/h4>\n<h4>7. Pokarmy na st\u00f3\u0142 wielkanocny b\u0119d\u0105 b\u0142ogos\u0142awione w sobot\u0119: w ko\u015bciele w Chlewie o godz. 9.00, 10.00 i 11.00, w ko\u015bciele w Gaci o godz. 14.00 i w Woli T\u0142omakowej o godz. 14.30.<\/h4>\n<h4>8. W sobotni wiecz\u00f3r Uroczyst\u0105 Wigili\u0119 Paschaln\u0105 rozpoczniemy o godz. 21.00, a zako\u0144czymy procesj\u0105 rezurekcyjn\u0105 wok\u00f3\u0142 ko\u015bcio\u0142a (przynosimy \u015bwiece). Msze \u015bw. w Niedziel\u0119 Zmartwychwstania i w Poniedzia\u0142ek Wielkanocny b\u0119d\u0105 sprawowane wed\u0142ug porz\u0105dku niedzielnego.<\/h4>\n<h4>9. Dzi\u0119kuj\u0119 za posprz\u0105tanie ko\u015bcio\u0142a paniom i panom: \u017banecie Bartosik, Klaudii Michalak, Tobiaszowi Stawickiemu i Tobiaszowi Michalakowi. O posprz\u0105tanie ko\u015bcio\u0142a w przysz\u0142ym tygodniu w \u015brod\u0119 po nowennie lub w czwartek rano, prosz\u0119 rodziny z Chlewa: Sztander\u00f3w, Tomaszewskich, Przyby\u0142a, Betkier, Paterskich, Bia\u0142czyk.<\/h4>\n<h4>10. Dzi\u0119kuj\u0119 za posprz\u0105tanie ko\u015bcio\u0142a w Gaci. O posprz\u0105tanie w przysz\u0142ym tygodniu prosz\u0119 rodziny z Woli T\u0142omakowej Kolonia: Wachowskich, Ordon, Ordon, Danielewskich.<\/h4>\n<h4>11. Dzisiaj po Mszach \u015bw. b\u0119dziemy zbiera\u0107 ofiary do puszek na kwiaty do Grobu Pa\u0144skiego.<\/h4>\n<h4>12. Dzieci mog\u0105 zabra\u0107 Owieczk\u0119.<\/h4>\n","protected":false},"excerpt":{"rendered":"<p>OG\u0141OSZENIA DUSZPASTERSKIE NIEDZIELA PALMOWA 29.03.2026 1. Zapraszam na dzisiejsz\u0105 Drog\u0119 Krzy\u017cow\u0105, p\u00f3jdziemy t\u0105 sam\u0105 tras\u0105 co w zesz\u0142ym roku, wychodzimy z ko\u015bcio\u0142a o godz. 16.00. 2. Okazja do spowiedzi w poniedzia\u0142ek, wtorek i \u015brod\u0119 od godz. 17.30 do 18.00. 3. Duszpasterskie odwiedziny chorych ze spowiedzi\u0105 i Komuni\u0105 wielkanocn\u0105 b\u0119d\u0105 w \u015brod\u0119 od godz. 9.00. Prosz\u0119 zg\u0142asza\u0107 chorych. 4. W Wielki Czwartek o godz. 18.00 &hellip;<\/p>\n","protected":false},"author":1,"featured_media":0,"parent":0,"menu_order":0,"comment_status":"closed","ping_status":"closed","template":"","meta":{"footnotes":""},"class_list":["post-47","page","type-page","status-publish","hentry"],"_links":{"self":[{"href":"https:\/\/parafia-chlewo.pl\/index.php?rest_route=\/wp\/v2\/pages\/47","targetHints":{"allow":["GET"]}}],"collection":[{"href":"https:\/\/parafia-chlewo.pl\/index.php?rest_route=\/wp\/v2\/pages"}],"about":[{"href":"https:\/\/parafia-chlewo.pl\/index.php?rest_route=\/wp\/v2\/types\/page"}],"author":[{"embeddable":true,"href":"https:\/\/parafia-chlewo.pl\/index.php?rest_route=\/wp\/v2\/users\/1"}],"replies":[{"embeddable":true,"href":"https:\/\/parafia-chlewo.pl\/index.php?rest_route=%2Fwp%2Fv2%2Fcomments&post=47"}],"version-history":[{"count":525,"href":"https:\/\/parafia-chlewo.pl\/index.php?rest_route=\/wp\/v2\/pages\/47\/revisions"}],"predecessor-version":[{"id":4110,"href":"https:\/\/parafia-chlewo.pl\/index.php?rest_route=\/wp\/v2\/pages\/47\/revisions\/4110"}],"wp:attachment":[{"href":"https:\/\/parafia-chlewo.pl\/index.php?rest_route=%2Fwp%2Fv2%2Fmedia&parent=47"}],"curies":[{"name":"wp","href":"https:\/\/api.w.org\/{rel}","templated":true}]}}