{"id":459,"date":"2020-01-08T20:41:36","date_gmt":"2020-01-08T19:41:36","guid":{"rendered":"http:\/\/parafia-chlewo.pl\/?page_id=459"},"modified":"2021-02-01T12:35:06","modified_gmt":"2021-02-01T11:35:06","slug":"2020-2","status":"publish","type":"page","link":"https:\/\/parafia-chlewo.pl\/?page_id=459","title":{"rendered":"Galeria roku 2020"},"content":{"rendered":"<h3><a href=\"https:\/\/parafia-chlewo.pl\/?page_id=461\" target=\"_blank\" rel=\"noopener\"><span style=\"color: #000080;\">Koncert charytatywny<\/span><\/a><\/h3>\n<h3><a href=\"https:\/\/parafia-chlewo.pl\/?page_id=485\" target=\"_blank\" rel=\"noopener\"><span style=\"color: #000080;\">Jase\u0142ka<\/span><\/a><\/h3>\n<h3><span style=\"color: #000080;\">Renowacja \u015bw. Walentego i innych<\/span><\/h3>\n<h3><a href=\"https:\/\/parafia-chlewo.pl\/?page_id=810\" target=\"_blank\" rel=\"noopener\"><span style=\"color: #000080;\">Kapliczki naszej parafii<\/span><\/a><\/h3>\n<h3><a href=\"https:\/\/parafia-chlewo.pl\/?page_id=899\" target=\"_blank\" rel=\"noopener\"><span style=\"color: #000080;\">Elektroz\u0142om na misje<\/span><\/a><\/h3>\n<h3><a href=\"https:\/\/parafia-chlewo.pl\/?page_id=909\" target=\"_blank\" rel=\"noopener\"><span style=\"color: #000080;\">Odpust \u015bw. Benedykta<\/span><\/a><\/h3>\n<h3><a href=\"https:\/\/parafia-chlewo.pl\/?page_id=953\" target=\"_blank\" rel=\"noopener\"><span style=\"color: #000080;\">Odpust \u015bw. Ma\u0142gorzaty Antioche\u0144skiej w Gaci Paw\u0119zowej<\/span><\/a><\/h3>\n<h3><a href=\"https:\/\/parafia-chlewo.pl\/?page_id=1004\" target=\"_blank\" rel=\"noopener\"><span style=\"color: #000080;\">I Komunia \u015aw.<\/span><\/a><\/h3>\n<h3><a href=\"https:\/\/parafia-chlewo.pl\/?page_id=1088\" target=\"_blank\" rel=\"noopener\"><span style=\"color: #000080;\">Do\u017cynki parafialne w Waliszewicach<\/span><\/a><\/h3>\n<h3><a href=\"https:\/\/parafia-chlewo.pl\/?page_id=1231\" target=\"_blank\" rel=\"noopener\"><span style=\"color: #000080;\">X rocznica nawiedzenia Obrazu Matki Bo\u017cej (zdj\u0119cia z 2010 r.)<\/span><\/a><\/h3>\n<h3><a href=\"https:\/\/parafia-chlewo.pl\/?page_id=1275\" target=\"_blank\" rel=\"noopener\"><span style=\"color: #000080;\">Odpust Matki Bo\u017cej R\u00f3\u017ca\u0144cowej<\/span><\/a><\/h3>\n<h3><a href=\"https:\/\/parafia-chlewo.pl\/?page_id=1488\" target=\"_blank\" rel=\"noopener\"><span style=\"color: #000080;\">Bo\u017ce Narodzenie &#8211; \u017c\u0142\u00f3bek<\/span><\/a><\/h3>\n<h3><\/h3>\n","protected":false},"excerpt":{"rendered":"<p>Koncert charytatywny Jase\u0142ka Renowacja \u015bw. Walentego i innych Kapliczki naszej parafii Elektroz\u0142om na misje Odpust \u015bw. Benedykta Odpust \u015bw. Ma\u0142gorzaty Antioche\u0144skiej w Gaci Paw\u0119zowej I Komunia \u015aw. Do\u017cynki parafialne w Waliszewicach X rocznica nawiedzenia Obrazu Matki Bo\u017cej (zdj\u0119cia z 2010 r.) Odpust Matki Bo\u017cej R\u00f3\u017ca\u0144cowej Bo\u017ce Narodzenie &#8211; \u017c\u0142\u00f3bek<\/p>\n","protected":false},"author":1,"featured_media":0,"parent":68,"menu_order":0,"comment_status":"closed","ping_status":"closed","template":"","meta":{"footnotes":""},"class_list":["post-459","page","type-page","status-publish","hentry"],"_links":{"self":[{"href":"https:\/\/parafia-chlewo.pl\/index.php?rest_route=\/wp\/v2\/pages\/459","targetHints":{"allow":["GET"]}}],"collection":[{"href":"https:\/\/parafia-chlewo.pl\/index.php?rest_route=\/wp\/v2\/pages"}],"about":[{"href":"https:\/\/parafia-chlewo.pl\/index.php?rest_route=\/wp\/v2\/types\/page"}],"author":[{"embeddable":true,"href":"https:\/\/parafia-chlewo.pl\/index.php?rest_route=\/wp\/v2\/users\/1"}],"replies":[{"embeddable":true,"href":"https:\/\/parafia-chlewo.pl\/index.php?rest_route=%2Fwp%2Fv2%2Fcomments&post=459"}],"version-history":[{"count":5,"href":"https:\/\/parafia-chlewo.pl\/index.php?rest_route=\/wp\/v2\/pages\/459\/revisions"}],"predecessor-version":[{"id":1490,"href":"https:\/\/parafia-chlewo.pl\/index.php?rest_route=\/wp\/v2\/pages\/459\/revisions\/1490"}],"up":[{"embeddable":true,"href":"https:\/\/parafia-chlewo.pl\/index.php?rest_route=\/wp\/v2\/pages\/68"}],"wp:attachment":[{"href":"https:\/\/parafia-chlewo.pl\/index.php?rest_route=%2Fwp%2Fv2%2Fmedia&parent=459"}],"curies":[{"name":"wp","href":"https:\/\/api.w.org\/{rel}","templated":true}]}}