{"id":386,"date":"2019-12-22T18:49:24","date_gmt":"2019-12-22T17:49:24","guid":{"rendered":"http:\/\/parafia-chlewo.pl\/?page_id=386"},"modified":"2019-12-22T18:54:35","modified_gmt":"2019-12-22T17:54:35","slug":"sw-malgorzata-antiochenska","status":"publish","type":"page","link":"https:\/\/parafia-chlewo.pl\/?page_id=386","title":{"rendered":"\u015bw. Ma\u0142gorzata Antioche\u0144ska"},"content":{"rendered":"<h4><a href=\"http:\/\/parafia-chlewo.pl\/wp-content\/uploads\/2019\/12\/sw_Ma\u0142gorzata.jpg\"><img loading=\"lazy\" decoding=\"async\" class=\"alignleft wp-image-387 size-medium\" src=\"http:\/\/parafia-chlewo.pl\/wp-content\/uploads\/2019\/12\/sw_Ma\u0142gorzata-239x300.jpg\" alt=\"\" width=\"239\" height=\"300\" srcset=\"https:\/\/parafia-chlewo.pl\/wp-content\/uploads\/2019\/12\/sw_Ma\u0142gorzata-239x300.jpg 239w, https:\/\/parafia-chlewo.pl\/wp-content\/uploads\/2019\/12\/sw_Ma\u0142gorzata-815x1024.jpg 815w, https:\/\/parafia-chlewo.pl\/wp-content\/uploads\/2019\/12\/sw_Ma\u0142gorzata-768x965.jpg 768w, https:\/\/parafia-chlewo.pl\/wp-content\/uploads\/2019\/12\/sw_Ma\u0142gorzata-279x350.jpg 279w, https:\/\/parafia-chlewo.pl\/wp-content\/uploads\/2019\/12\/sw_Ma\u0142gorzata.jpg 900w\" sizes=\"auto, (max-width: 239px) 100vw, 239px\" \/><\/a>Ma\u0142gorzata mia\u0142a by\u0107 wed\u0142ug podania c\u00f3rk\u0105 poga\u0144skiego kap\u0142ana. Po przedwczesnej \u015bmierci matki zosta\u0142a oddana pod opiek\u0119 piastunce, kt\u00f3ra by\u0142a chrze\u015bcijank\u0105. Ta doprowadzi\u0142a j\u0105 do poznania nauki Pana Jezusa i do chrztu.<br \/>\nW tym w\u0142a\u015bnie czasie wybuch\u0142o prze\u015bladowanie za panowania cesarza Dioklecjana (284-305). Ma\u0142gorzata by\u0142a bardzo pi\u0119kna i bogata. Mia\u0142 si\u0119 w niej zakocha\u0107 namiestnik rzymski, kt\u00f3ry chcia\u0142 j\u0105 poj\u0105\u0107 za \u017con\u0119. Ma\u0142gorzata jednak stanowczo odm\u00f3wi\u0142a, twierdz\u0105c, \u017ce ma ju\u017c Oblubie\u0144ca &#8211; Jezusa Chrystusa. Namiestnik kaza\u0142 aresztowa\u0107 j\u0105 i usi\u0142owa\u0142 obietnicami i gro\u017abami sk\u0142oni\u0107 do odst\u0119pstwa. Kiedy te zawiod\u0142y, nakaza\u0142 zastosowa\u0107 wobec niej wyszukane tortury: szarpano jej cia\u0142o hakami i palono j\u0105 ogniem. Nast\u0119pnie wrzucono do wi\u0119zienia, gro\u017c\u0105c jej jeszcze wi\u0119kszymi m\u0119kami. Wtedy te\u017c mia\u0142 si\u0119 jej pojawi\u0107 szatan w postaci smoka i j\u0105 zaatakowa\u0107. Odp\u0119dzi\u0142a go jednak znakiem krzy\u017ca \u015bwi\u0119tego. Kiedy nadal obstawa\u0142a przy wyznawaniu wiary, zosta\u0142a \u015bci\u0119ta.<br \/>\nBohaterska \u015bmier\u0107 dziewicy nada\u0142a rozg\u0142os jej imieniu. \u015awi\u0119ta m\u0119czennica da\u0142a imi\u0119 wielu kolejnym \u015bwi\u0119tym. Nale\u017ca\u0142a do bardzo znanych i popularnych \u015bwi\u0119tych w \u015bredniowieczu. Jej kult rozpowszechnili zapewne krzy\u017cowcy, widz\u0105c, jak wielkiej czci doznawa\u0142a w Ma\u0142ej Azji i na ca\u0142ym Wschodzie. Nale\u017ca\u0142a na Zachodzie do grona Czternastu Wspomo\u017cycieli, do kt\u00f3rych pomocy ucieka\u0142 si\u0119 lud w szczeg\u00f3lnych potrzebach. Podobnie jak ku czci \u015bw. Barbary i \u015bw. Katarzyny, tak i ku czci \u015bw. Ma\u0142gorzaty wystawiono na Zachodzie wiele ko\u015bcio\u0142\u00f3w. Wspomnienie jej przypada 20 lipca, gdy\u017c tego dnia mia\u0142a ponie\u015b\u0107 \u015bmier\u0107 m\u0119cze\u0144sk\u0105 w latach 303-305.<br \/>\nKu czci \u015bw. Ma\u0142gorzaty, m\u0119czennicy, wystawiono w Polsce ponad 70 ko\u015bcio\u0142\u00f3w. Jej o\u0142tarzy i obraz\u00f3w jest znacznie wi\u0119cej. Wizerunek tej \u015awi\u0119tej figuruje w herbie Nowego S\u0105cza, O\u017carowa, Przysuchy, Szczekocin, Sawina, Tomaszowa Mazowieckiego, Tucholi i Golubia-Dobrzynia. Z dniem \u015bw. Ma\u0142gorzaty \u0142\u0105czy si\u0119 te\u017c szereg przys\u0142\u00f3w, jak np. &#8222;\u015aw. Ma\u0142gorzata zapowiada \u015brodek lata&#8221;. Znany jest kwiat o nazwie &#8222;margeryta&#8221;. Tak\u017ce pierwsze gruszki lud zwyk\u0142 nazywa\u0107 &#8222;ma\u0142gorzatkami&#8221;.<\/h4>\n<h4><b>Ikonografia<\/b>\u00a0zwyk\u0142a przedstawia\u0107 Ma\u0142gorzat\u0119 ze smokiem lub z krzy\u017cem w r\u0119ku, kt\u00f3rym mia\u0142a odp\u0119dzi\u0107 szatana. Dla podkre\u015blenia jej pochodzenia ze szlacheckiej rodziny przedstawia\u0107 si\u0119 j\u0105 zwyk\u0142o &#8211; podobnie jak \u015bw. Barbar\u0119 i \u015bw. Katarzyn\u0119, m\u0119czennice &#8211; z koron\u0105 na g\u0142owie, chocia\u017c nigdy nie by\u0142a kr\u00f3low\u0105.<\/h4>\n<h4>Obraz z ko\u015bcio\u0142a w Gaci Paw\u0119zowej.<\/h4>\n<h4>Tekst ze strony brewiarz.pl<\/h4>\n","protected":false},"excerpt":{"rendered":"<p>Ma\u0142gorzata mia\u0142a by\u0107 wed\u0142ug podania c\u00f3rk\u0105 poga\u0144skiego kap\u0142ana. Po przedwczesnej \u015bmierci matki zosta\u0142a oddana pod opiek\u0119 piastunce, kt\u00f3ra by\u0142a chrze\u015bcijank\u0105. Ta doprowadzi\u0142a j\u0105 do poznania nauki Pana Jezusa i do chrztu. W tym w\u0142a\u015bnie czasie wybuch\u0142o prze\u015bladowanie za panowania cesarza Dioklecjana (284-305). Ma\u0142gorzata by\u0142a bardzo pi\u0119kna i bogata. Mia\u0142 si\u0119 w niej zakocha\u0107 namiestnik rzymski, kt\u00f3ry chcia\u0142 j\u0105 poj\u0105\u0107 za \u017con\u0119. Ma\u0142gorzata jednak stanowczo &hellip;<\/p>\n","protected":false},"author":1,"featured_media":0,"parent":0,"menu_order":0,"comment_status":"closed","ping_status":"closed","template":"","meta":{"footnotes":""},"class_list":["post-386","page","type-page","status-publish","hentry"],"_links":{"self":[{"href":"https:\/\/parafia-chlewo.pl\/index.php?rest_route=\/wp\/v2\/pages\/386","targetHints":{"allow":["GET"]}}],"collection":[{"href":"https:\/\/parafia-chlewo.pl\/index.php?rest_route=\/wp\/v2\/pages"}],"about":[{"href":"https:\/\/parafia-chlewo.pl\/index.php?rest_route=\/wp\/v2\/types\/page"}],"author":[{"embeddable":true,"href":"https:\/\/parafia-chlewo.pl\/index.php?rest_route=\/wp\/v2\/users\/1"}],"replies":[{"embeddable":true,"href":"https:\/\/parafia-chlewo.pl\/index.php?rest_route=%2Fwp%2Fv2%2Fcomments&post=386"}],"version-history":[{"count":3,"href":"https:\/\/parafia-chlewo.pl\/index.php?rest_route=\/wp\/v2\/pages\/386\/revisions"}],"predecessor-version":[{"id":393,"href":"https:\/\/parafia-chlewo.pl\/index.php?rest_route=\/wp\/v2\/pages\/386\/revisions\/393"}],"wp:attachment":[{"href":"https:\/\/parafia-chlewo.pl\/index.php?rest_route=%2Fwp%2Fv2%2Fmedia&parent=386"}],"curies":[{"name":"wp","href":"https:\/\/api.w.org\/{rel}","templated":true}]}}