{"id":3242,"date":"2023-04-02T18:54:38","date_gmt":"2023-04-02T16:54:38","guid":{"rendered":"https:\/\/parafia-chlewo.pl\/?page_id=3242"},"modified":"2023-04-02T18:54:38","modified_gmt":"2023-04-02T16:54:38","slug":"apostolat-margaretka","status":"publish","type":"page","link":"https:\/\/parafia-chlewo.pl\/?page_id=3242","title":{"rendered":"Apostolat Margaretka"},"content":{"rendered":"<h4><span style=\"color: #666699;\"><img loading=\"lazy\" decoding=\"async\" class=\"alignnone size-medium wp-image-3243\" src=\"https:\/\/parafia-chlewo.pl\/wp-content\/uploads\/2023\/04\/margaretki-300x249.jpg\" alt=\"\" width=\"300\" height=\"249\" srcset=\"https:\/\/parafia-chlewo.pl\/wp-content\/uploads\/2023\/04\/margaretki-300x249.jpg 300w, https:\/\/parafia-chlewo.pl\/wp-content\/uploads\/2023\/04\/margaretki-768x638.jpg 768w, https:\/\/parafia-chlewo.pl\/wp-content\/uploads\/2023\/04\/margaretki-421x350.jpg 421w, https:\/\/parafia-chlewo.pl\/wp-content\/uploads\/2023\/04\/margaretki.jpg 800w\" sizes=\"auto, (max-width: 300px) 100vw, 300px\" \/><\/span><\/h4>\n<h4><span style=\"color: #666699;\">Pocz\u0105tki apostolatu zwi\u0105zane s\u0105 z \u017cyciem Margaret O&#8217;Donnell, m\u0142odej Kanadyjki, kt\u00f3ra w wieku 13 lat na skutek choroby Heinego-Medina zosta\u0142a sparali\u017cowana. Choroba, kt\u00f3ra j\u0105 dotkn\u0119\u0142a sta\u0142a si\u0119 dla niej impulsem do podj\u0119cia modlitwy i ofiarowania cierpienia szczeg\u00f3lnie w intencji ksi\u0119\u017cy, proboszcza, parafii. Wkr\u00f3tce zacz\u0119\u0142a spotyka\u0107 si\u0119 z lud\u017ami, kt\u00f3rzy przychodzili, aby prosi\u0107 j\u0105 o modlitw\u0119. W\u015br\u00f3d nich coraz wi\u0119ksz\u0105 grup\u0119 stanowili ksi\u0119\u017ca. Margaret do ko\u0144ca swojego \u017cycia po\u015bwi\u0119ca\u0142a si\u0119 modlitwie. Zmar\u0142a w wieku 40 lat. Po jej \u015bmierci prof. Lousie Wald, kt\u00f3ra zna\u0142a j\u0105 osobi\u015bcie, zainicjowa\u0142a w 1981 roku na szersz\u0105 skal\u0119 ruch modlitwy za kap\u0142an\u00f3w, kt\u00f3rego nazw\u0119 wzi\u0119\u0142a od imienia Margaret. Symbolem inicjatywy sta\u0142 si\u0119 kwiat jastrun w\u0142a\u015bciwy zwany popularnie margaretk\u0105. <\/span><br \/>\n<span style=\"color: #666699;\">Modlitwa za kap\u0142an\u00f3w w apostolacie Margaretek polega na przyrzeczeniu wieczystej (a\u017c do \u015bmierci) modlitwy za konkretnego ksi\u0119dza, kt\u00f3re sk\u0142ada wsp\u00f3lnota siedmiu os\u00f3b lub siedmiu rodzin. Po z\u0142o\u017ceniu przyrzeczenia ka\u017cda z os\u00f3b w jednym dniu tygodnia odmawia dowoln\u0105 modlitw\u0119 za kap\u0142ana. Najcz\u0119\u015bciej wsp\u00f3lnota, kt\u00f3ra przyj\u0119\u0142a na siebie zobowi\u0105zanie przygotowuje dla kap\u0142ana symboliczn\u0105 margaretk\u0119, w kt\u00f3rej centrum wpisane jest imi\u0119 ksi\u0119dza, a na siedmiu bia\u0142ych p\u0142atkach imiona os\u00f3b z apostolatu.<\/span><\/h4>\n","protected":false},"excerpt":{"rendered":"<p>Pocz\u0105tki apostolatu zwi\u0105zane s\u0105 z \u017cyciem Margaret O&#8217;Donnell, m\u0142odej Kanadyjki, kt\u00f3ra w wieku 13 lat na skutek choroby Heinego-Medina zosta\u0142a sparali\u017cowana. Choroba, kt\u00f3ra j\u0105 dotkn\u0119\u0142a sta\u0142a si\u0119 dla niej impulsem do podj\u0119cia modlitwy i ofiarowania cierpienia szczeg\u00f3lnie w intencji ksi\u0119\u017cy, proboszcza, parafii. Wkr\u00f3tce zacz\u0119\u0142a spotyka\u0107 si\u0119 z lud\u017ami, kt\u00f3rzy przychodzili, aby prosi\u0107 j\u0105 o modlitw\u0119. W\u015br\u00f3d nich coraz wi\u0119ksz\u0105 grup\u0119 stanowili ksi\u0119\u017ca. Margaret do &hellip;<\/p>\n","protected":false},"author":1,"featured_media":0,"parent":0,"menu_order":0,"comment_status":"closed","ping_status":"closed","template":"","meta":{"footnotes":""},"class_list":["post-3242","page","type-page","status-publish","hentry"],"_links":{"self":[{"href":"https:\/\/parafia-chlewo.pl\/index.php?rest_route=\/wp\/v2\/pages\/3242","targetHints":{"allow":["GET"]}}],"collection":[{"href":"https:\/\/parafia-chlewo.pl\/index.php?rest_route=\/wp\/v2\/pages"}],"about":[{"href":"https:\/\/parafia-chlewo.pl\/index.php?rest_route=\/wp\/v2\/types\/page"}],"author":[{"embeddable":true,"href":"https:\/\/parafia-chlewo.pl\/index.php?rest_route=\/wp\/v2\/users\/1"}],"replies":[{"embeddable":true,"href":"https:\/\/parafia-chlewo.pl\/index.php?rest_route=%2Fwp%2Fv2%2Fcomments&post=3242"}],"version-history":[{"count":1,"href":"https:\/\/parafia-chlewo.pl\/index.php?rest_route=\/wp\/v2\/pages\/3242\/revisions"}],"predecessor-version":[{"id":3244,"href":"https:\/\/parafia-chlewo.pl\/index.php?rest_route=\/wp\/v2\/pages\/3242\/revisions\/3244"}],"wp:attachment":[{"href":"https:\/\/parafia-chlewo.pl\/index.php?rest_route=%2Fwp%2Fv2%2Fmedia&parent=3242"}],"curies":[{"name":"wp","href":"https:\/\/api.w.org\/{rel}","templated":true}]}}