{"id":3239,"date":"2023-04-02T18:47:45","date_gmt":"2023-04-02T16:47:45","guid":{"rendered":"https:\/\/parafia-chlewo.pl\/?page_id=3239"},"modified":"2023-04-02T18:51:56","modified_gmt":"2023-04-02T16:51:56","slug":"krag-biblijny","status":"publish","type":"page","link":"https:\/\/parafia-chlewo.pl\/?page_id=3239","title":{"rendered":"Kr\u0105g Biblijny"},"content":{"rendered":"<h4><img loading=\"lazy\" decoding=\"async\" class=\"size-medium wp-image-3240 alignleft\" src=\"https:\/\/parafia-chlewo.pl\/wp-content\/uploads\/2023\/04\/OIP-300x200.jpg\" alt=\"\" width=\"300\" height=\"200\" srcset=\"https:\/\/parafia-chlewo.pl\/wp-content\/uploads\/2023\/04\/OIP-300x200.jpg 300w, https:\/\/parafia-chlewo.pl\/wp-content\/uploads\/2023\/04\/OIP.jpg 474w\" sizes=\"auto, (max-width: 300px) 100vw, 300px\" \/><span style=\"color: #808000;\">Kr\u0105g biblijny jest wsp\u00f3lnot\u0105, kt\u00f3ra ma na celu pog\u0142\u0119bi\u0107 znajomo\u015b\u0107 Pisma \u015awi\u0119tego i pom\u00f3c w prze\u017cywaniu niedzielnej Liturgii S\u0142owa. Spotkania Kr\u0119gu biblijnego maj\u0105 sta\u0142y schemat. Rozpoczynaj\u0105 si\u0119 od odm\u00f3wienia nieszpor\u00f3w z brewiarza, modlitwy do Ducha \u015awi\u0119tego, odczytania fragmentu Ewangelii przeznaczonego na najbli\u017csz\u0105 niedziel\u0119, nast\u0119pnie prowadz\u0105cy kap\u0142an wyja\u015bnia dany tekst, przybli\u017caj\u0105c jego znaczenie, kontekst historyczny i kulturowy, t\u0142umaczy poszczeg\u00f3lne zwroty, kt\u00f3re mog\u0105 powodowa\u0107 trudno\u015b\u0107 w rozumieniu tekstu. Kolejnym etapem jest indywidualne rozwa\u017canie S\u0142owa przez uczestnik\u00f3w &#8211; czyli co B\u00f3g m\u00f3wi do mnie w tym fragmencie? Spotkanie ko\u0144czy modlitwa i b\u0142ogos\u0142awie\u0144stwo. Spotkania maj\u0105 charakter otwarty tzn. ka\u017cdy zainteresowany mo\u017ce przyj\u015b\u0107.<\/span><\/h4>\n","protected":false},"excerpt":{"rendered":"<p>Kr\u0105g biblijny jest wsp\u00f3lnot\u0105, kt\u00f3ra ma na celu pog\u0142\u0119bi\u0107 znajomo\u015b\u0107 Pisma \u015awi\u0119tego i pom\u00f3c w prze\u017cywaniu niedzielnej Liturgii S\u0142owa. Spotkania Kr\u0119gu biblijnego maj\u0105 sta\u0142y schemat. Rozpoczynaj\u0105 si\u0119 od odm\u00f3wienia nieszpor\u00f3w z brewiarza, modlitwy do Ducha \u015awi\u0119tego, odczytania fragmentu Ewangelii przeznaczonego na najbli\u017csz\u0105 niedziel\u0119, nast\u0119pnie prowadz\u0105cy kap\u0142an wyja\u015bnia dany tekst, przybli\u017caj\u0105c jego znaczenie, kontekst historyczny i kulturowy, t\u0142umaczy poszczeg\u00f3lne zwroty, kt\u00f3re mog\u0105 powodowa\u0107 trudno\u015b\u0107 w &hellip;<\/p>\n","protected":false},"author":1,"featured_media":0,"parent":0,"menu_order":0,"comment_status":"closed","ping_status":"closed","template":"","meta":{"footnotes":""},"class_list":["post-3239","page","type-page","status-publish","hentry"],"_links":{"self":[{"href":"https:\/\/parafia-chlewo.pl\/index.php?rest_route=\/wp\/v2\/pages\/3239","targetHints":{"allow":["GET"]}}],"collection":[{"href":"https:\/\/parafia-chlewo.pl\/index.php?rest_route=\/wp\/v2\/pages"}],"about":[{"href":"https:\/\/parafia-chlewo.pl\/index.php?rest_route=\/wp\/v2\/types\/page"}],"author":[{"embeddable":true,"href":"https:\/\/parafia-chlewo.pl\/index.php?rest_route=\/wp\/v2\/users\/1"}],"replies":[{"embeddable":true,"href":"https:\/\/parafia-chlewo.pl\/index.php?rest_route=%2Fwp%2Fv2%2Fcomments&post=3239"}],"version-history":[{"count":1,"href":"https:\/\/parafia-chlewo.pl\/index.php?rest_route=\/wp\/v2\/pages\/3239\/revisions"}],"predecessor-version":[{"id":3241,"href":"https:\/\/parafia-chlewo.pl\/index.php?rest_route=\/wp\/v2\/pages\/3239\/revisions\/3241"}],"wp:attachment":[{"href":"https:\/\/parafia-chlewo.pl\/index.php?rest_route=%2Fwp%2Fv2%2Fmedia&parent=3239"}],"curies":[{"name":"wp","href":"https:\/\/api.w.org\/{rel}","templated":true}]}}