{"id":3046,"date":"2022-10-30T21:07:32","date_gmt":"2022-10-30T20:07:32","guid":{"rendered":"https:\/\/parafia-chlewo.pl\/?page_id=3046"},"modified":"2022-11-04T14:20:19","modified_gmt":"2022-11-04T13:20:19","slug":"poswiecenie-odnowionego-krzyza-w-morawkach","status":"publish","type":"page","link":"https:\/\/parafia-chlewo.pl\/?page_id=3046","title":{"rendered":"Po\u015bwi\u0119cenie odnowionego krzy\u017ca w Morawkach"},"content":{"rendered":"<div id='gallery-1' class='gallery galleryid-3046 gallery-columns-3 gallery-size-medium'><figure class='gallery-item'>\n\t\t\t<div class='gallery-icon portrait'>\n\t\t\t\t<a href='https:\/\/parafia-chlewo.pl\/wp-content\/uploads\/2022\/10\/1-1.jpg'><img loading=\"lazy\" decoding=\"async\" width=\"200\" height=\"300\" src=\"https:\/\/parafia-chlewo.pl\/wp-content\/uploads\/2022\/10\/1-1-200x300.jpg\" class=\"attachment-medium size-medium\" alt=\"\" srcset=\"https:\/\/parafia-chlewo.pl\/wp-content\/uploads\/2022\/10\/1-1-200x300.jpg 200w, https:\/\/parafia-chlewo.pl\/wp-content\/uploads\/2022\/10\/1-1-683x1024.jpg 683w, https:\/\/parafia-chlewo.pl\/wp-content\/uploads\/2022\/10\/1-1-768x1152.jpg 768w, https:\/\/parafia-chlewo.pl\/wp-content\/uploads\/2022\/10\/1-1-1024x1536.jpg 1024w, https:\/\/parafia-chlewo.pl\/wp-content\/uploads\/2022\/10\/1-1-233x350.jpg 233w, https:\/\/parafia-chlewo.pl\/wp-content\/uploads\/2022\/10\/1-1.jpg 1080w\" sizes=\"auto, (max-width: 200px) 100vw, 200px\" \/><\/a>\n\t\t\t<\/div><\/figure><figure class='gallery-item'>\n\t\t\t<div class='gallery-icon landscape'>\n\t\t\t\t<a href='https:\/\/parafia-chlewo.pl\/wp-content\/uploads\/2022\/10\/DSC0306.jpg'><img loading=\"lazy\" decoding=\"async\" width=\"300\" height=\"200\" src=\"https:\/\/parafia-chlewo.pl\/wp-content\/uploads\/2022\/10\/DSC0306-300x200.jpg\" class=\"attachment-medium size-medium\" alt=\"\" srcset=\"https:\/\/parafia-chlewo.pl\/wp-content\/uploads\/2022\/10\/DSC0306-300x200.jpg 300w, https:\/\/parafia-chlewo.pl\/wp-content\/uploads\/2022\/10\/DSC0306-1024x683.jpg 1024w, https:\/\/parafia-chlewo.pl\/wp-content\/uploads\/2022\/10\/DSC0306-768x512.jpg 768w, https:\/\/parafia-chlewo.pl\/wp-content\/uploads\/2022\/10\/DSC0306-1536x1024.jpg 1536w, https:\/\/parafia-chlewo.pl\/wp-content\/uploads\/2022\/10\/DSC0306-525x350.jpg 525w, https:\/\/parafia-chlewo.pl\/wp-content\/uploads\/2022\/10\/DSC0306.jpg 1620w\" sizes=\"auto, (max-width: 300px) 100vw, 300px\" \/><\/a>\n\t\t\t<\/div><\/figure><figure class='gallery-item'>\n\t\t\t<div class='gallery-icon landscape'>\n\t\t\t\t<a href='https:\/\/parafia-chlewo.pl\/wp-content\/uploads\/2022\/10\/DSC0307.jpg'><img loading=\"lazy\" decoding=\"async\" width=\"300\" height=\"200\" src=\"https:\/\/parafia-chlewo.pl\/wp-content\/uploads\/2022\/10\/DSC0307-300x200.jpg\" class=\"attachment-medium size-medium\" alt=\"\" srcset=\"https:\/\/parafia-chlewo.pl\/wp-content\/uploads\/2022\/10\/DSC0307-300x200.jpg 300w, https:\/\/parafia-chlewo.pl\/wp-content\/uploads\/2022\/10\/DSC0307-1024x683.jpg 1024w, https:\/\/parafia-chlewo.pl\/wp-content\/uploads\/2022\/10\/DSC0307-768x512.jpg 768w, https:\/\/parafia-chlewo.pl\/wp-content\/uploads\/2022\/10\/DSC0307-1536x1024.jpg 1536w, https:\/\/parafia-chlewo.pl\/wp-content\/uploads\/2022\/10\/DSC0307-525x350.jpg 525w, https:\/\/parafia-chlewo.pl\/wp-content\/uploads\/2022\/10\/DSC0307.jpg 1620w\" sizes=\"auto, (max-width: 300px) 100vw, 300px\" \/><\/a>\n\t\t\t<\/div><\/figure><figure class='gallery-item'>\n\t\t\t<div class='gallery-icon landscape'>\n\t\t\t\t<a href='https:\/\/parafia-chlewo.pl\/wp-content\/uploads\/2022\/10\/DSC0308.jpg'><img loading=\"lazy\" decoding=\"async\" width=\"300\" height=\"200\" src=\"https:\/\/parafia-chlewo.pl\/wp-content\/uploads\/2022\/10\/DSC0308-300x200.jpg\" class=\"attachment-medium size-medium\" alt=\"\" srcset=\"https:\/\/parafia-chlewo.pl\/wp-content\/uploads\/2022\/10\/DSC0308-300x200.jpg 300w, https:\/\/parafia-chlewo.pl\/wp-content\/uploads\/2022\/10\/DSC0308-1024x683.jpg 1024w, https:\/\/parafia-chlewo.pl\/wp-content\/uploads\/2022\/10\/DSC0308-768x512.jpg 768w, https:\/\/parafia-chlewo.pl\/wp-content\/uploads\/2022\/10\/DSC0308-1536x1024.jpg 1536w, https:\/\/parafia-chlewo.pl\/wp-content\/uploads\/2022\/10\/DSC0308-525x350.jpg 525w, https:\/\/parafia-chlewo.pl\/wp-content\/uploads\/2022\/10\/DSC0308.jpg 1620w\" sizes=\"auto, (max-width: 300px) 100vw, 300px\" \/><\/a>\n\t\t\t<\/div><\/figure><figure class='gallery-item'>\n\t\t\t<div class='gallery-icon landscape'>\n\t\t\t\t<a href='https:\/\/parafia-chlewo.pl\/wp-content\/uploads\/2022\/10\/DSC0309.jpg'><img loading=\"lazy\" decoding=\"async\" width=\"300\" height=\"200\" src=\"https:\/\/parafia-chlewo.pl\/wp-content\/uploads\/2022\/10\/DSC0309-300x200.jpg\" class=\"attachment-medium size-medium\" alt=\"\" srcset=\"https:\/\/parafia-chlewo.pl\/wp-content\/uploads\/2022\/10\/DSC0309-300x200.jpg 300w, https:\/\/parafia-chlewo.pl\/wp-content\/uploads\/2022\/10\/DSC0309-1024x683.jpg 1024w, https:\/\/parafia-chlewo.pl\/wp-content\/uploads\/2022\/10\/DSC0309-768x512.jpg 768w, https:\/\/parafia-chlewo.pl\/wp-content\/uploads\/2022\/10\/DSC0309-1536x1024.jpg 1536w, https:\/\/parafia-chlewo.pl\/wp-content\/uploads\/2022\/10\/DSC0309-525x350.jpg 525w, https:\/\/parafia-chlewo.pl\/wp-content\/uploads\/2022\/10\/DSC0309.jpg 1620w\" sizes=\"auto, (max-width: 300px) 100vw, 300px\" \/><\/a>\n\t\t\t<\/div><\/figure><figure class='gallery-item'>\n\t\t\t<div class='gallery-icon portrait'>\n\t\t\t\t<a href='https:\/\/parafia-chlewo.pl\/wp-content\/uploads\/2022\/10\/DSC0317.jpg'><img loading=\"lazy\" decoding=\"async\" width=\"181\" height=\"300\" src=\"https:\/\/parafia-chlewo.pl\/wp-content\/uploads\/2022\/10\/DSC0317-181x300.jpg\" class=\"attachment-medium size-medium\" alt=\"\" srcset=\"https:\/\/parafia-chlewo.pl\/wp-content\/uploads\/2022\/10\/DSC0317-181x300.jpg 181w, https:\/\/parafia-chlewo.pl\/wp-content\/uploads\/2022\/10\/DSC0317-617x1024.jpg 617w, https:\/\/parafia-chlewo.pl\/wp-content\/uploads\/2022\/10\/DSC0317-768x1275.jpg 768w, https:\/\/parafia-chlewo.pl\/wp-content\/uploads\/2022\/10\/DSC0317-211x350.jpg 211w, https:\/\/parafia-chlewo.pl\/wp-content\/uploads\/2022\/10\/DSC0317.jpg 918w\" sizes=\"auto, (max-width: 181px) 100vw, 181px\" \/><\/a>\n\t\t\t<\/div><\/figure><figure class='gallery-item'>\n\t\t\t<div class='gallery-icon landscape'>\n\t\t\t\t<a href='https:\/\/parafia-chlewo.pl\/wp-content\/uploads\/2022\/10\/DSC0327.jpg'><img loading=\"lazy\" decoding=\"async\" width=\"300\" height=\"200\" src=\"https:\/\/parafia-chlewo.pl\/wp-content\/uploads\/2022\/10\/DSC0327-300x200.jpg\" class=\"attachment-medium size-medium\" alt=\"\" srcset=\"https:\/\/parafia-chlewo.pl\/wp-content\/uploads\/2022\/10\/DSC0327-300x200.jpg 300w, https:\/\/parafia-chlewo.pl\/wp-content\/uploads\/2022\/10\/DSC0327-1024x683.jpg 1024w, https:\/\/parafia-chlewo.pl\/wp-content\/uploads\/2022\/10\/DSC0327-768x512.jpg 768w, https:\/\/parafia-chlewo.pl\/wp-content\/uploads\/2022\/10\/DSC0327-1536x1024.jpg 1536w, https:\/\/parafia-chlewo.pl\/wp-content\/uploads\/2022\/10\/DSC0327-525x350.jpg 525w, https:\/\/parafia-chlewo.pl\/wp-content\/uploads\/2022\/10\/DSC0327.jpg 1620w\" sizes=\"auto, (max-width: 300px) 100vw, 300px\" \/><\/a>\n\t\t\t<\/div><\/figure><figure class='gallery-item'>\n\t\t\t<div class='gallery-icon landscape'>\n\t\t\t\t<a href='https:\/\/parafia-chlewo.pl\/wp-content\/uploads\/2022\/10\/DSC0337.jpg'><img loading=\"lazy\" decoding=\"async\" width=\"300\" height=\"200\" src=\"https:\/\/parafia-chlewo.pl\/wp-content\/uploads\/2022\/10\/DSC0337-300x200.jpg\" class=\"attachment-medium size-medium\" alt=\"\" srcset=\"https:\/\/parafia-chlewo.pl\/wp-content\/uploads\/2022\/10\/DSC0337-300x200.jpg 300w, https:\/\/parafia-chlewo.pl\/wp-content\/uploads\/2022\/10\/DSC0337-1024x683.jpg 1024w, https:\/\/parafia-chlewo.pl\/wp-content\/uploads\/2022\/10\/DSC0337-768x512.jpg 768w, https:\/\/parafia-chlewo.pl\/wp-content\/uploads\/2022\/10\/DSC0337-1536x1024.jpg 1536w, https:\/\/parafia-chlewo.pl\/wp-content\/uploads\/2022\/10\/DSC0337-525x350.jpg 525w, https:\/\/parafia-chlewo.pl\/wp-content\/uploads\/2022\/10\/DSC0337.jpg 1620w\" sizes=\"auto, (max-width: 300px) 100vw, 300px\" \/><\/a>\n\t\t\t<\/div><\/figure><figure class='gallery-item'>\n\t\t\t<div class='gallery-icon landscape'>\n\t\t\t\t<a href='https:\/\/parafia-chlewo.pl\/wp-content\/uploads\/2022\/10\/DSC0339.jpg'><img loading=\"lazy\" decoding=\"async\" width=\"300\" height=\"200\" src=\"https:\/\/parafia-chlewo.pl\/wp-content\/uploads\/2022\/10\/DSC0339-300x200.jpg\" class=\"attachment-medium size-medium\" alt=\"\" srcset=\"https:\/\/parafia-chlewo.pl\/wp-content\/uploads\/2022\/10\/DSC0339-300x200.jpg 300w, https:\/\/parafia-chlewo.pl\/wp-content\/uploads\/2022\/10\/DSC0339-1024x683.jpg 1024w, https:\/\/parafia-chlewo.pl\/wp-content\/uploads\/2022\/10\/DSC0339-768x512.jpg 768w, https:\/\/parafia-chlewo.pl\/wp-content\/uploads\/2022\/10\/DSC0339-1536x1024.jpg 1536w, https:\/\/parafia-chlewo.pl\/wp-content\/uploads\/2022\/10\/DSC0339-525x350.jpg 525w, https:\/\/parafia-chlewo.pl\/wp-content\/uploads\/2022\/10\/DSC0339.jpg 1620w\" sizes=\"auto, (max-width: 300px) 100vw, 300px\" \/><\/a>\n\t\t\t<\/div><\/figure><figure class='gallery-item'>\n\t\t\t<div class='gallery-icon landscape'>\n\t\t\t\t<a href='https:\/\/parafia-chlewo.pl\/wp-content\/uploads\/2022\/10\/DSC0340.jpg'><img loading=\"lazy\" decoding=\"async\" width=\"300\" height=\"200\" src=\"https:\/\/parafia-chlewo.pl\/wp-content\/uploads\/2022\/10\/DSC0340-300x200.jpg\" class=\"attachment-medium size-medium\" alt=\"\" srcset=\"https:\/\/parafia-chlewo.pl\/wp-content\/uploads\/2022\/10\/DSC0340-300x200.jpg 300w, https:\/\/parafia-chlewo.pl\/wp-content\/uploads\/2022\/10\/DSC0340-1024x683.jpg 1024w, https:\/\/parafia-chlewo.pl\/wp-content\/uploads\/2022\/10\/DSC0340-768x512.jpg 768w, https:\/\/parafia-chlewo.pl\/wp-content\/uploads\/2022\/10\/DSC0340-1536x1024.jpg 1536w, https:\/\/parafia-chlewo.pl\/wp-content\/uploads\/2022\/10\/DSC0340-525x350.jpg 525w, https:\/\/parafia-chlewo.pl\/wp-content\/uploads\/2022\/10\/DSC0340.jpg 1620w\" sizes=\"auto, (max-width: 300px) 100vw, 300px\" \/><\/a>\n\t\t\t<\/div><\/figure><figure class='gallery-item'>\n\t\t\t<div class='gallery-icon landscape'>\n\t\t\t\t<a href='https:\/\/parafia-chlewo.pl\/wp-content\/uploads\/2022\/10\/DSC0341.jpg'><img loading=\"lazy\" decoding=\"async\" width=\"300\" height=\"200\" src=\"https:\/\/parafia-chlewo.pl\/wp-content\/uploads\/2022\/10\/DSC0341-300x200.jpg\" class=\"attachment-medium size-medium\" alt=\"\" srcset=\"https:\/\/parafia-chlewo.pl\/wp-content\/uploads\/2022\/10\/DSC0341-300x200.jpg 300w, https:\/\/parafia-chlewo.pl\/wp-content\/uploads\/2022\/10\/DSC0341-1024x683.jpg 1024w, https:\/\/parafia-chlewo.pl\/wp-content\/uploads\/2022\/10\/DSC0341-768x512.jpg 768w, https:\/\/parafia-chlewo.pl\/wp-content\/uploads\/2022\/10\/DSC0341-1536x1024.jpg 1536w, https:\/\/parafia-chlewo.pl\/wp-content\/uploads\/2022\/10\/DSC0341-525x350.jpg 525w, https:\/\/parafia-chlewo.pl\/wp-content\/uploads\/2022\/10\/DSC0341.jpg 1620w\" sizes=\"auto, (max-width: 300px) 100vw, 300px\" \/><\/a>\n\t\t\t<\/div><\/figure><figure class='gallery-item'>\n\t\t\t<div class='gallery-icon landscape'>\n\t\t\t\t<a href='https:\/\/parafia-chlewo.pl\/wp-content\/uploads\/2022\/10\/DSC0352.jpg'><img loading=\"lazy\" decoding=\"async\" width=\"300\" height=\"200\" src=\"https:\/\/parafia-chlewo.pl\/wp-content\/uploads\/2022\/10\/DSC0352-300x200.jpg\" class=\"attachment-medium size-medium\" alt=\"\" srcset=\"https:\/\/parafia-chlewo.pl\/wp-content\/uploads\/2022\/10\/DSC0352-300x200.jpg 300w, https:\/\/parafia-chlewo.pl\/wp-content\/uploads\/2022\/10\/DSC0352-1024x683.jpg 1024w, https:\/\/parafia-chlewo.pl\/wp-content\/uploads\/2022\/10\/DSC0352-768x512.jpg 768w, https:\/\/parafia-chlewo.pl\/wp-content\/uploads\/2022\/10\/DSC0352-1536x1024.jpg 1536w, https:\/\/parafia-chlewo.pl\/wp-content\/uploads\/2022\/10\/DSC0352-525x350.jpg 525w, https:\/\/parafia-chlewo.pl\/wp-content\/uploads\/2022\/10\/DSC0352.jpg 1620w\" sizes=\"auto, (max-width: 300px) 100vw, 300px\" \/><\/a>\n\t\t\t<\/div><\/figure><figure class='gallery-item'>\n\t\t\t<div class='gallery-icon landscape'>\n\t\t\t\t<a href='https:\/\/parafia-chlewo.pl\/wp-content\/uploads\/2022\/10\/DSC0353.jpg'><img loading=\"lazy\" decoding=\"async\" width=\"300\" height=\"200\" src=\"https:\/\/parafia-chlewo.pl\/wp-content\/uploads\/2022\/10\/DSC0353-300x200.jpg\" class=\"attachment-medium size-medium\" alt=\"\" srcset=\"https:\/\/parafia-chlewo.pl\/wp-content\/uploads\/2022\/10\/DSC0353-300x200.jpg 300w, https:\/\/parafia-chlewo.pl\/wp-content\/uploads\/2022\/10\/DSC0353-1024x683.jpg 1024w, https:\/\/parafia-chlewo.pl\/wp-content\/uploads\/2022\/10\/DSC0353-768x512.jpg 768w, https:\/\/parafia-chlewo.pl\/wp-content\/uploads\/2022\/10\/DSC0353-1536x1024.jpg 1536w, https:\/\/parafia-chlewo.pl\/wp-content\/uploads\/2022\/10\/DSC0353-525x350.jpg 525w, https:\/\/parafia-chlewo.pl\/wp-content\/uploads\/2022\/10\/DSC0353.jpg 1620w\" sizes=\"auto, (max-width: 300px) 100vw, 300px\" \/><\/a>\n\t\t\t<\/div><\/figure><figure class='gallery-item'>\n\t\t\t<div class='gallery-icon landscape'>\n\t\t\t\t<a href='https:\/\/parafia-chlewo.pl\/wp-content\/uploads\/2022\/10\/DSC0360.jpg'><img loading=\"lazy\" decoding=\"async\" width=\"300\" height=\"200\" src=\"https:\/\/parafia-chlewo.pl\/wp-content\/uploads\/2022\/10\/DSC0360-300x200.jpg\" class=\"attachment-medium size-medium\" alt=\"\" srcset=\"https:\/\/parafia-chlewo.pl\/wp-content\/uploads\/2022\/10\/DSC0360-300x200.jpg 300w, https:\/\/parafia-chlewo.pl\/wp-content\/uploads\/2022\/10\/DSC0360-1024x683.jpg 1024w, https:\/\/parafia-chlewo.pl\/wp-content\/uploads\/2022\/10\/DSC0360-768x512.jpg 768w, https:\/\/parafia-chlewo.pl\/wp-content\/uploads\/2022\/10\/DSC0360-1536x1024.jpg 1536w, https:\/\/parafia-chlewo.pl\/wp-content\/uploads\/2022\/10\/DSC0360-525x350.jpg 525w, https:\/\/parafia-chlewo.pl\/wp-content\/uploads\/2022\/10\/DSC0360.jpg 1620w\" sizes=\"auto, (max-width: 300px) 100vw, 300px\" \/><\/a>\n\t\t\t<\/div><\/figure>\n\t\t<\/div>\n\n","protected":false},"excerpt":{"rendered":"","protected":false},"author":1,"featured_media":0,"parent":2241,"menu_order":0,"comment_status":"closed","ping_status":"closed","template":"","meta":{"footnotes":""},"class_list":["post-3046","page","type-page","status-publish","hentry"],"_links":{"self":[{"href":"https:\/\/parafia-chlewo.pl\/index.php?rest_route=\/wp\/v2\/pages\/3046","targetHints":{"allow":["GET"]}}],"collection":[{"href":"https:\/\/parafia-chlewo.pl\/index.php?rest_route=\/wp\/v2\/pages"}],"about":[{"href":"https:\/\/parafia-chlewo.pl\/index.php?rest_route=\/wp\/v2\/types\/page"}],"author":[{"embeddable":true,"href":"https:\/\/parafia-chlewo.pl\/index.php?rest_route=\/wp\/v2\/users\/1"}],"replies":[{"embeddable":true,"href":"https:\/\/parafia-chlewo.pl\/index.php?rest_route=%2Fwp%2Fv2%2Fcomments&post=3046"}],"version-history":[{"count":2,"href":"https:\/\/parafia-chlewo.pl\/index.php?rest_route=\/wp\/v2\/pages\/3046\/revisions"}],"predecessor-version":[{"id":3107,"href":"https:\/\/parafia-chlewo.pl\/index.php?rest_route=\/wp\/v2\/pages\/3046\/revisions\/3107"}],"up":[{"embeddable":true,"href":"https:\/\/parafia-chlewo.pl\/index.php?rest_route=\/wp\/v2\/pages\/2241"}],"wp:attachment":[{"href":"https:\/\/parafia-chlewo.pl\/index.php?rest_route=%2Fwp%2Fv2%2Fmedia&parent=3046"}],"curies":[{"name":"wp","href":"https:\/\/api.w.org\/{rel}","templated":true}]}}