{"id":2904,"date":"2022-09-04T22:23:51","date_gmt":"2022-09-04T20:23:51","guid":{"rendered":"https:\/\/parafia-chlewo.pl\/?page_id=2904"},"modified":"2022-09-04T22:39:06","modified_gmt":"2022-09-04T20:39:06","slug":"nasi-parafialnie-na-pieszej-pielgrzymce-na-jasna-gore","status":"publish","type":"page","link":"https:\/\/parafia-chlewo.pl\/?page_id=2904","title":{"rendered":"Nasi parafianie na pieszej pielgrzymce na Jasn\u0105 G\u00f3r\u0119"},"content":{"rendered":"<style type=\"text\/css\" scoped>.rbs_gallery_69e5f6762a7efSpinner{\r\n\t\t\t\tmargin: 50px auto;\r\n\t\t\t\twidth: 50px;\r\n\t\t\t\theight: 40px;\r\n\t\t\t\ttext-align: center;\r\n\t\t\t\tfont-size: 10px;\r\n\t\t\t}\r\n\t\t\t.rbs_gallery_69e5f6762a7efSpinner > div{\r\n\t\t\t  background-color: #333;\r\n\t\t\t  height: 100%;\r\n\t\t\t  width: 6px;\r\n\t\t\t  display: inline-block;\r\n\t\t\t  -webkit-animation: rbs_gallery_69e5f6762a7ef-stretchdelay 1.2s infinite ease-in-out;\r\n\t\t\t  animation: rbs_gallery_69e5f6762a7ef-stretchdelay 1.2s infinite ease-in-out;\r\n\t\t\t}\r\n\t\t\t.rbs_gallery_69e5f6762a7efSpinner .rbs_gallery_69e5f6762a7efRect2 {\r\n\t\t\t  -webkit-animation-delay: -1.1s;\r\n\t\t\t  animation-delay: -1.1s;\r\n\t\t\t}\r\n\t\t\t.rbs_gallery_69e5f6762a7efSpinner .rbs_gallery_69e5f6762a7efRect3 {\r\n\t\t\t  -webkit-animation-delay: -1.0s;\r\n\t\t\t  animation-delay: -1.0s;\r\n\t\t\t}\r\n\t\t\t.rbs_gallery_69e5f6762a7efSpinner .rbs_gallery_69e5f6762a7efRect4 {\r\n\t\t\t  -webkit-animation-delay: -0.9s;\r\n\t\t\t  animation-delay: -0.9s;\r\n\t\t\t}\r\n\t\t\t.rbs_gallery_69e5f6762a7efSpinner .rbs_gallery_69e5f6762a7efRect5 {\r\n\t\t\t  -webkit-animation-delay: -0.8s;\r\n\t\t\t  animation-delay: -0.8s;\r\n\t\t\t}\r\n\t\t\t@-webkit-keyframes rbs_gallery_69e5f6762a7ef-stretchdelay {\r\n\t\t\t  0%, 40%, 100% { -webkit-transform: scaleY(0.4) }  \r\n\t\t\t  20% { -webkit-transform: scaleY(1.0) }\r\n\t\t\t}\r\n\t\t\t@keyframes rbs_gallery_69e5f6762a7ef-stretchdelay {\r\n\t\t\t  0%, 40%, 100% { \r\n\t\t\t    transform: scaleY(0.4);\r\n\t\t\t    -webkit-transform: scaleY(0.4);\r\n\t\t\t  }  20% { \r\n\t\t\t    transform: scaleY(1.0);\r\n\t\t\t    -webkit-transform: scaleY(1.0);\r\n\t\t\t  }\r\n\t\t\t}\r\n\t\t<\/style><div class=\"robo-gallery-wrap robo-gallery-wrap-id2816 robo-gallery-grid\" ><div id=\"rbs_gallery_69e5f6762a7ef-block-loader\" class=\"rbs_gallery_69e5f6762a7efSpinner\"><div class=\"rbs_gallery_69e5f6762a7efRect1\"><\/div> <div class=\"rbs_gallery_69e5f6762a7efRect2\"><\/div> <div class=\"rbs_gallery_69e5f6762a7efRect3\"><\/div> <div class=\"rbs_gallery_69e5f6762a7efRect4\"><\/div> <div class=\"rbs_gallery_69e5f6762a7efRect5\"><\/div><\/div><div id=\"robo_gallery_main_block_rbs_gallery_69e5f6762a7ef\" class=\"robogallery-gallery-2816\" style=\"width:100%;  display: none;\"><div id=\"rbs_gallery_69e5f6762a7ef\" data-options=\"rbs_gallery_69e5f6762a7ef\" style=\"width:100%;\" class=\"robo_gallery  \"><div class=\"rbs-img  category2816 \" ><div class=\"rbs-img-image   rbs-lightbox \" ><div class=\"rbs-img-thumbs\"  data-thumbnail=\"https:\/\/parafia-chlewo.pl\/wp-content\/uploads\/2022\/09\/IMG_2030-1024x683.jpg\"  title=\"IMG_2030\"  data-width=\"539\"  data-height=\"360\" ><\/div><div class=\"rbs-img-data-popup\"  data-popup=\"https:\/\/parafia-chlewo.pl\/wp-content\/uploads\/2022\/09\/IMG_2030.jpg\"  title=\"IMG_2030\" ><\/div><div class=\"thumbnail-overlay\"><div class=\"rbsTitle \">IMG_2030<\/div><div class=\"rbsIcons\"><i class=\"fa fa-search-plus rbsZoomIcon \" ><\/i><\/div><\/div><\/div><\/div><div class=\"rbs-img  category2816 \" ><div class=\"rbs-img-image   rbs-lightbox \" ><div class=\"rbs-img-thumbs\"  data-thumbnail=\"https:\/\/parafia-chlewo.pl\/wp-content\/uploads\/2022\/09\/IMG_2031-1024x683.jpg\"  title=\"IMG_2031\"  data-width=\"539\"  data-height=\"360\" ><\/div><div class=\"rbs-img-data-popup\"  data-popup=\"https:\/\/parafia-chlewo.pl\/wp-content\/uploads\/2022\/09\/IMG_2031.jpg\"  title=\"IMG_2031\" ><\/div><div class=\"thumbnail-overlay\"><div class=\"rbsTitle \">IMG_2031<\/div><div class=\"rbsIcons\"><i class=\"fa fa-search-plus rbsZoomIcon \" ><\/i><\/div><\/div><\/div><\/div><div class=\"rbs-img  category2816 \" ><div class=\"rbs-img-image   rbs-lightbox \" ><div class=\"rbs-img-thumbs\"  data-thumbnail=\"https:\/\/parafia-chlewo.pl\/wp-content\/uploads\/2022\/09\/IMG_2033-1024x683.jpg\"  title=\"IMG_2033\"  data-width=\"539\"  data-height=\"360\" ><\/div><div class=\"rbs-img-data-popup\"  data-popup=\"https:\/\/parafia-chlewo.pl\/wp-content\/uploads\/2022\/09\/IMG_2033.jpg\"  title=\"IMG_2033\" ><\/div><div class=\"thumbnail-overlay\"><div class=\"rbsTitle \">IMG_2033<\/div><div class=\"rbsIcons\"><i class=\"fa fa-search-plus rbsZoomIcon \" ><\/i><\/div><\/div><\/div><\/div><div class=\"rbs-img  category2816 \" ><div class=\"rbs-img-image   rbs-lightbox \" ><div class=\"rbs-img-thumbs\"  data-thumbnail=\"https:\/\/parafia-chlewo.pl\/wp-content\/uploads\/2022\/09\/IMG_2035-1024x683.jpg\"  title=\"IMG_2035\"  data-width=\"539\"  data-height=\"360\" ><\/div><div class=\"rbs-img-data-popup\"  data-popup=\"https:\/\/parafia-chlewo.pl\/wp-content\/uploads\/2022\/09\/IMG_2035.jpg\"  title=\"IMG_2035\" ><\/div><div class=\"thumbnail-overlay\"><div class=\"rbsTitle \">IMG_2035<\/div><div class=\"rbsIcons\"><i class=\"fa fa-search-plus rbsZoomIcon \" ><\/i><\/div><\/div><\/div><\/div><div class=\"rbs-img  category2816 \" ><div class=\"rbs-img-image   rbs-lightbox \" ><div class=\"rbs-img-thumbs\"  data-thumbnail=\"https:\/\/parafia-chlewo.pl\/wp-content\/uploads\/2022\/09\/IMG_2036-1024x683.jpg\"  title=\"IMG_2036\"  data-width=\"539\"  data-height=\"360\" ><\/div><div class=\"rbs-img-data-popup\"  data-popup=\"https:\/\/parafia-chlewo.pl\/wp-content\/uploads\/2022\/09\/IMG_2036.jpg\"  title=\"IMG_2036\" ><\/div><div class=\"thumbnail-overlay\"><div class=\"rbsTitle \">IMG_2036<\/div><div class=\"rbsIcons\"><i class=\"fa fa-search-plus rbsZoomIcon \" ><\/i><\/div><\/div><\/div><\/div><div class=\"rbs-img  category2816 \" ><div class=\"rbs-img-image   rbs-lightbox \" ><div class=\"rbs-img-thumbs\"  data-thumbnail=\"https:\/\/parafia-chlewo.pl\/wp-content\/uploads\/2022\/09\/IMG_2038-1024x683.jpg\"  title=\"IMG_2038\"  data-width=\"539\"  data-height=\"360\" ><\/div><div class=\"rbs-img-data-popup\"  data-popup=\"https:\/\/parafia-chlewo.pl\/wp-content\/uploads\/2022\/09\/IMG_2038.jpg\"  title=\"IMG_2038\" ><\/div><div class=\"thumbnail-overlay\"><div class=\"rbsTitle \">IMG_2038<\/div><div class=\"rbsIcons\"><i class=\"fa fa-search-plus rbsZoomIcon \" ><\/i><\/div><\/div><\/div><\/div><div class=\"rbs-img  category2816 \" ><div class=\"rbs-img-image   rbs-lightbox \" ><div class=\"rbs-img-thumbs\"  data-thumbnail=\"https:\/\/parafia-chlewo.pl\/wp-content\/uploads\/2022\/09\/IMG_2043-1024x683.jpg\"  title=\"IMG_2043\"  data-width=\"539\"  data-height=\"360\" ><\/div><div class=\"rbs-img-data-popup\"  data-popup=\"https:\/\/parafia-chlewo.pl\/wp-content\/uploads\/2022\/09\/IMG_2043.jpg\"  title=\"IMG_2043\" ><\/div><div class=\"thumbnail-overlay\"><div class=\"rbsTitle \">IMG_2043<\/div><div class=\"rbsIcons\"><i class=\"fa fa-search-plus rbsZoomIcon \" ><\/i><\/div><\/div><\/div><\/div><div class=\"rbs-img  category2816 \" ><div class=\"rbs-img-image   rbs-lightbox \" ><div class=\"rbs-img-thumbs\"  data-thumbnail=\"https:\/\/parafia-chlewo.pl\/wp-content\/uploads\/2022\/09\/IMG_2044-1024x683.jpg\"  title=\"IMG_2044\"  data-width=\"539\"  data-height=\"360\" ><\/div><div class=\"rbs-img-data-popup\"  data-popup=\"https:\/\/parafia-chlewo.pl\/wp-content\/uploads\/2022\/09\/IMG_2044.jpg\"  title=\"IMG_2044\" ><\/div><div class=\"thumbnail-overlay\"><div class=\"rbsTitle \">IMG_2044<\/div><div class=\"rbsIcons\"><i class=\"fa fa-search-plus rbsZoomIcon \" ><\/i><\/div><\/div><\/div><\/div><div class=\"rbs-img  category2816 \" ><div class=\"rbs-img-image   rbs-lightbox \" ><div class=\"rbs-img-thumbs\"  data-thumbnail=\"https:\/\/parafia-chlewo.pl\/wp-content\/uploads\/2022\/09\/IMG_2045-1024x683.jpg\"  title=\"IMG_2045\"  data-width=\"539\"  data-height=\"360\" ><\/div><div class=\"rbs-img-data-popup\"  data-popup=\"https:\/\/parafia-chlewo.pl\/wp-content\/uploads\/2022\/09\/IMG_2045.jpg\"  title=\"IMG_2045\" ><\/div><div class=\"thumbnail-overlay\"><div class=\"rbsTitle \">IMG_2045<\/div><div class=\"rbsIcons\"><i class=\"fa fa-search-plus rbsZoomIcon \" ><\/i><\/div><\/div><\/div><\/div><div class=\"rbs-img  category2816 \" ><div class=\"rbs-img-image   rbs-lightbox \" ><div class=\"rbs-img-thumbs\"  data-thumbnail=\"https:\/\/parafia-chlewo.pl\/wp-content\/uploads\/2022\/09\/IMG_2046-1024x683.jpg\"  title=\"IMG_2046\"  data-width=\"539\"  data-height=\"360\" ><\/div><div class=\"rbs-img-data-popup\"  data-popup=\"https:\/\/parafia-chlewo.pl\/wp-content\/uploads\/2022\/09\/IMG_2046.jpg\"  title=\"IMG_2046\" ><\/div><div class=\"thumbnail-overlay\"><div class=\"rbsTitle \">IMG_2046<\/div><div class=\"rbsIcons\"><i class=\"fa fa-search-plus rbsZoomIcon \" ><\/i><\/div><\/div><\/div><\/div><div class=\"rbs-img  category2816 \" ><div class=\"rbs-img-image   rbs-lightbox \" ><div class=\"rbs-img-thumbs\"  data-thumbnail=\"https:\/\/parafia-chlewo.pl\/wp-content\/uploads\/2022\/09\/IMG_2047-1024x683.jpg\"  title=\"IMG_2047\"  data-width=\"539\"  data-height=\"360\" ><\/div><div class=\"rbs-img-data-popup\"  data-popup=\"https:\/\/parafia-chlewo.pl\/wp-content\/uploads\/2022\/09\/IMG_2047.jpg\"  title=\"IMG_2047\" ><\/div><div class=\"thumbnail-overlay\"><div class=\"rbsTitle \">IMG_2047<\/div><div class=\"rbsIcons\"><i class=\"fa fa-search-plus rbsZoomIcon \" ><\/i><\/div><\/div><\/div><\/div><div class=\"rbs-img  category2816 \" ><div class=\"rbs-img-image   rbs-lightbox \" ><div class=\"rbs-img-thumbs\"  data-thumbnail=\"https:\/\/parafia-chlewo.pl\/wp-content\/uploads\/2022\/09\/IMG_2048-1024x683.jpg\"  title=\"IMG_2048\"  data-width=\"539\"  data-height=\"360\" ><\/div><div class=\"rbs-img-data-popup\"  data-popup=\"https:\/\/parafia-chlewo.pl\/wp-content\/uploads\/2022\/09\/IMG_2048.jpg\"  title=\"IMG_2048\" ><\/div><div class=\"thumbnail-overlay\"><div class=\"rbsTitle \">IMG_2048<\/div><div class=\"rbsIcons\"><i class=\"fa fa-search-plus rbsZoomIcon \" ><\/i><\/div><\/div><\/div><\/div><\/div><\/div><\/div><script>var rbs_gallery_69e5f6762a7ef = {\"version\":\"5.0.3\",\"id\":2816,\"class\":\"id2816\",\"roboGalleryDelay\":1000,\"mainContainer\":\"#robo_gallery_main_block_rbs_gallery_69e5f6762a7ef\",\"loadingContainer\":\"#rbs_gallery_69e5f6762a7ef-block-loader\",\"loadingContainerObj\":\"rbs_gallery_69e5f6762a7ef-block-loader\",\"columnWidth\":\"auto\",\"columns\":3,\"resolutions\":[{\"columnWidth\":\"auto\",\"columns\":3,\"maxWidth\":960},{\"columnWidth\":\"auto\",\"columns\":2,\"maxWidth\":650},{\"columnWidth\":\"auto\",\"columns\":1,\"maxWidth\":450}],\"lightboxOptions\":{\"gallery\":{\"enabled\":true,\"tCounter\":\"%curr% of %total%\"}},\"overlayEffect\":\"direction-aware-fade\",\"boxesToLoadStart\":12,\"boxesToLoad\":8,\"waitUntilThumbLoads\":1,\"LoadingWord\":\"Loading...\",\"loadMoreWord\":\"Load More\",\"noMoreEntriesWord\":\"No More Entries\",\"horizontalSpaceBetweenBoxes\":15,\"verticalSpaceBetweenBoxes\":15,\"lazyLoad\":1,\"wrapContainer\":\"#robo-gallery-wrap-rbs_gallery_69e5f6762a7ef\"};<\/script>\n","protected":false},"excerpt":{"rendered":"","protected":false},"author":1,"featured_media":0,"parent":2241,"menu_order":0,"comment_status":"closed","ping_status":"closed","template":"","meta":{"footnotes":""},"class_list":["post-2904","page","type-page","status-publish","hentry"],"_links":{"self":[{"href":"https:\/\/parafia-chlewo.pl\/index.php?rest_route=\/wp\/v2\/pages\/2904","targetHints":{"allow":["GET"]}}],"collection":[{"href":"https:\/\/parafia-chlewo.pl\/index.php?rest_route=\/wp\/v2\/pages"}],"about":[{"href":"https:\/\/parafia-chlewo.pl\/index.php?rest_route=\/wp\/v2\/types\/page"}],"author":[{"embeddable":true,"href":"https:\/\/parafia-chlewo.pl\/index.php?rest_route=\/wp\/v2\/users\/1"}],"replies":[{"embeddable":true,"href":"https:\/\/parafia-chlewo.pl\/index.php?rest_route=%2Fwp%2Fv2%2Fcomments&post=2904"}],"version-history":[{"count":2,"href":"https:\/\/parafia-chlewo.pl\/index.php?rest_route=\/wp\/v2\/pages\/2904\/revisions"}],"predecessor-version":[{"id":2911,"href":"https:\/\/parafia-chlewo.pl\/index.php?rest_route=\/wp\/v2\/pages\/2904\/revisions\/2911"}],"up":[{"embeddable":true,"href":"https:\/\/parafia-chlewo.pl\/index.php?rest_route=\/wp\/v2\/pages\/2241"}],"wp:attachment":[{"href":"https:\/\/parafia-chlewo.pl\/index.php?rest_route=%2Fwp%2Fv2%2Fmedia&parent=2904"}],"curies":[{"name":"wp","href":"https:\/\/api.w.org\/{rel}","templated":true}]}}