{"id":2891,"date":"2022-09-04T22:18:55","date_gmt":"2022-09-04T20:18:55","guid":{"rendered":"https:\/\/parafia-chlewo.pl\/?page_id=2891"},"modified":"2022-09-04T22:27:58","modified_gmt":"2022-09-04T20:27:58","slug":"oltarze-podczas-uroczystosci-bozego-ciala","status":"publish","type":"page","link":"https:\/\/parafia-chlewo.pl\/?page_id=2891","title":{"rendered":"O\u0142tarze podczas uroczysto\u015bci Bo\u017cego Cia\u0142a"},"content":{"rendered":"<style type=\"text\/css\" scoped>.rbs_gallery_69eb4261f1630Spinner{\r\n\t\t\t\tmargin: 50px auto;\r\n\t\t\t\twidth: 50px;\r\n\t\t\t\theight: 40px;\r\n\t\t\t\ttext-align: center;\r\n\t\t\t\tfont-size: 10px;\r\n\t\t\t}\r\n\t\t\t.rbs_gallery_69eb4261f1630Spinner > div{\r\n\t\t\t  background-color: #333;\r\n\t\t\t  height: 100%;\r\n\t\t\t  width: 6px;\r\n\t\t\t  display: inline-block;\r\n\t\t\t  -webkit-animation: rbs_gallery_69eb4261f1630-stretchdelay 1.2s infinite ease-in-out;\r\n\t\t\t  animation: rbs_gallery_69eb4261f1630-stretchdelay 1.2s infinite ease-in-out;\r\n\t\t\t}\r\n\t\t\t.rbs_gallery_69eb4261f1630Spinner .rbs_gallery_69eb4261f1630Rect2 {\r\n\t\t\t  -webkit-animation-delay: -1.1s;\r\n\t\t\t  animation-delay: -1.1s;\r\n\t\t\t}\r\n\t\t\t.rbs_gallery_69eb4261f1630Spinner .rbs_gallery_69eb4261f1630Rect3 {\r\n\t\t\t  -webkit-animation-delay: -1.0s;\r\n\t\t\t  animation-delay: -1.0s;\r\n\t\t\t}\r\n\t\t\t.rbs_gallery_69eb4261f1630Spinner .rbs_gallery_69eb4261f1630Rect4 {\r\n\t\t\t  -webkit-animation-delay: -0.9s;\r\n\t\t\t  animation-delay: -0.9s;\r\n\t\t\t}\r\n\t\t\t.rbs_gallery_69eb4261f1630Spinner .rbs_gallery_69eb4261f1630Rect5 {\r\n\t\t\t  -webkit-animation-delay: -0.8s;\r\n\t\t\t  animation-delay: -0.8s;\r\n\t\t\t}\r\n\t\t\t@-webkit-keyframes rbs_gallery_69eb4261f1630-stretchdelay {\r\n\t\t\t  0%, 40%, 100% { -webkit-transform: scaleY(0.4) }  \r\n\t\t\t  20% { -webkit-transform: scaleY(1.0) }\r\n\t\t\t}\r\n\t\t\t@keyframes rbs_gallery_69eb4261f1630-stretchdelay {\r\n\t\t\t  0%, 40%, 100% { \r\n\t\t\t    transform: scaleY(0.4);\r\n\t\t\t    -webkit-transform: scaleY(0.4);\r\n\t\t\t  }  20% { \r\n\t\t\t    transform: scaleY(1.0);\r\n\t\t\t    -webkit-transform: scaleY(1.0);\r\n\t\t\t  }\r\n\t\t\t}\r\n\t\t<\/style><div class=\"robo-gallery-wrap robo-gallery-wrap-id2552 robo-gallery-grid\" ><div id=\"rbs_gallery_69eb4261f1630-block-loader\" class=\"rbs_gallery_69eb4261f1630Spinner\"><div class=\"rbs_gallery_69eb4261f1630Rect1\"><\/div> <div class=\"rbs_gallery_69eb4261f1630Rect2\"><\/div> <div class=\"rbs_gallery_69eb4261f1630Rect3\"><\/div> <div class=\"rbs_gallery_69eb4261f1630Rect4\"><\/div> <div class=\"rbs_gallery_69eb4261f1630Rect5\"><\/div><\/div><div id=\"robo_gallery_main_block_rbs_gallery_69eb4261f1630\" class=\"robogallery-gallery-2552\" style=\"width:100%;  display: none;\"><div id=\"rbs_gallery_69eb4261f1630\" data-options=\"rbs_gallery_69eb4261f1630\" style=\"width:100%;\" class=\"robo_gallery  \"><div class=\"rbs-img  category2552 \" ><div class=\"rbs-img-image   rbs-lightbox \" ><div class=\"rbs-img-thumbs\"  data-thumbnail=\"https:\/\/parafia-chlewo.pl\/wp-content\/uploads\/2022\/09\/20220616_091221-655x1024.jpg\"  title=\"20220616_091221\"  data-width=\"539\"  data-height=\"843\" ><\/div><div class=\"rbs-img-data-popup\"  data-popup=\"https:\/\/parafia-chlewo.pl\/wp-content\/uploads\/2022\/09\/20220616_091221.jpg\"  title=\"20220616_091221\" ><\/div><div class=\"thumbnail-overlay\"><div class=\"rbsTitle \">20220616_091221<\/div><div class=\"rbsIcons\"><i class=\"fa fa-search-plus rbsZoomIcon \" ><\/i><\/div><\/div><\/div><\/div><div class=\"rbs-img  category2552 \" ><div class=\"rbs-img-image   rbs-lightbox \" ><div class=\"rbs-img-thumbs\"  data-thumbnail=\"https:\/\/parafia-chlewo.pl\/wp-content\/uploads\/2022\/09\/20220616_120109-1024x461.jpg\"  title=\"20220616_120109\"  data-width=\"539\"  data-height=\"243\" ><\/div><div class=\"rbs-img-data-popup\"  data-popup=\"https:\/\/parafia-chlewo.pl\/wp-content\/uploads\/2022\/09\/20220616_120109.jpg\"  title=\"20220616_120109\" ><\/div><div class=\"thumbnail-overlay\"><div class=\"rbsTitle \">20220616_120109<\/div><div class=\"rbsIcons\"><i class=\"fa fa-search-plus rbsZoomIcon \" ><\/i><\/div><\/div><\/div><\/div><div class=\"rbs-img  category2552 \" ><div class=\"rbs-img-image   rbs-lightbox \" ><div class=\"rbs-img-thumbs\"  data-thumbnail=\"https:\/\/parafia-chlewo.pl\/wp-content\/uploads\/2022\/09\/20220616_124150-1024x461.jpg\"  title=\"20220616_124150\"  data-width=\"539\"  data-height=\"243\" ><\/div><div class=\"rbs-img-data-popup\"  data-popup=\"https:\/\/parafia-chlewo.pl\/wp-content\/uploads\/2022\/09\/20220616_124150.jpg\"  title=\"20220616_124150\" ><\/div><div class=\"thumbnail-overlay\"><div class=\"rbsTitle \">20220616_124150<\/div><div class=\"rbsIcons\"><i class=\"fa fa-search-plus rbsZoomIcon \" ><\/i><\/div><\/div><\/div><\/div><div class=\"rbs-img  category2552 \" ><div class=\"rbs-img-image   rbs-lightbox \" ><div class=\"rbs-img-thumbs\"  data-thumbnail=\"https:\/\/parafia-chlewo.pl\/wp-content\/uploads\/2022\/09\/287545715_393186829533500_203501807042865790_n-\u2014-kopia-765x1024.jpg\"  title=\"287545715_393186829533500_203501807042865790_n \u2014 kopia\"  data-width=\"539\"  data-height=\"721\" ><\/div><div class=\"rbs-img-data-popup\"  data-popup=\"https:\/\/parafia-chlewo.pl\/wp-content\/uploads\/2022\/09\/287545715_393186829533500_203501807042865790_n-\u2014-kopia.jpg\"  title=\"287545715_393186829533500_203501807042865790_n \u2014 kopia\" ><\/div><div class=\"thumbnail-overlay\"><div class=\"rbsTitle \">287545715_393186829533500_203501807042865790_n \u2014 kopia<\/div><div class=\"rbsIcons\"><i class=\"fa fa-search-plus rbsZoomIcon \" ><\/i><\/div><\/div><\/div><\/div><div class=\"rbs-img  category2552 \" ><div class=\"rbs-img-image   rbs-lightbox \" ><div class=\"rbs-img-thumbs\"  data-thumbnail=\"https:\/\/parafia-chlewo.pl\/wp-content\/uploads\/2022\/09\/287655546_785259825795570_3491560412620967774_n-765x1024.jpg\"  title=\"287655546_785259825795570_3491560412620967774_n\"  data-width=\"539\"  data-height=\"721\" ><\/div><div class=\"rbs-img-data-popup\"  data-popup=\"https:\/\/parafia-chlewo.pl\/wp-content\/uploads\/2022\/09\/287655546_785259825795570_3491560412620967774_n.jpg\"  title=\"287655546_785259825795570_3491560412620967774_n\" ><\/div><div class=\"thumbnail-overlay\"><div class=\"rbsTitle \">287655546_785259825795570_3491560412620967774_n<\/div><div class=\"rbsIcons\"><i class=\"fa fa-search-plus rbsZoomIcon \" ><\/i><\/div><\/div><\/div><\/div><div class=\"rbs-img  category2552 \" ><div class=\"rbs-img-image   rbs-lightbox \" ><div class=\"rbs-img-thumbs\"  data-thumbnail=\"https:\/\/parafia-chlewo.pl\/wp-content\/uploads\/2022\/09\/287692091_563522468542961_6673119836029477282_n-765x1024.jpg\"  title=\"287692091_563522468542961_6673119836029477282_n\"  data-width=\"539\"  data-height=\"721\" ><\/div><div class=\"rbs-img-data-popup\"  data-popup=\"https:\/\/parafia-chlewo.pl\/wp-content\/uploads\/2022\/09\/287692091_563522468542961_6673119836029477282_n.jpg\"  title=\"287692091_563522468542961_6673119836029477282_n\" ><\/div><div class=\"thumbnail-overlay\"><div class=\"rbsTitle \">287692091_563522468542961_6673119836029477282_n<\/div><div class=\"rbsIcons\"><i class=\"fa fa-search-plus rbsZoomIcon \" ><\/i><\/div><\/div><\/div><\/div><div class=\"rbs-img  category2552 \" ><div class=\"rbs-img-image   rbs-lightbox \" ><div class=\"rbs-img-thumbs\"  data-thumbnail=\"https:\/\/parafia-chlewo.pl\/wp-content\/uploads\/2022\/09\/288329580_1913983545471026_4882252286053687385_n-1024x603.jpg\"  title=\"288329580_1913983545471026_4882252286053687385_n\"  data-width=\"539\"  data-height=\"317\" ><\/div><div class=\"rbs-img-data-popup\"  data-popup=\"https:\/\/parafia-chlewo.pl\/wp-content\/uploads\/2022\/09\/288329580_1913983545471026_4882252286053687385_n.jpg\"  title=\"288329580_1913983545471026_4882252286053687385_n\" ><\/div><div class=\"thumbnail-overlay\"><div class=\"rbsTitle \">288329580_1913983545471026_4882252286053687385_n<\/div><div class=\"rbsIcons\"><i class=\"fa fa-search-plus rbsZoomIcon \" ><\/i><\/div><\/div><\/div><\/div><\/div><\/div><\/div><script>var rbs_gallery_69eb4261f1630 = {\"version\":\"5.0.3\",\"id\":2552,\"class\":\"id2552\",\"roboGalleryDelay\":1000,\"mainContainer\":\"#robo_gallery_main_block_rbs_gallery_69eb4261f1630\",\"loadingContainer\":\"#rbs_gallery_69eb4261f1630-block-loader\",\"loadingContainerObj\":\"rbs_gallery_69eb4261f1630-block-loader\",\"columnWidth\":\"auto\",\"columns\":3,\"resolutions\":[{\"columnWidth\":\"auto\",\"columns\":3,\"maxWidth\":960},{\"columnWidth\":\"auto\",\"columns\":2,\"maxWidth\":650},{\"columnWidth\":\"auto\",\"columns\":1,\"maxWidth\":450}],\"lightboxOptions\":{\"gallery\":{\"enabled\":true,\"tCounter\":\"%curr% of %total%\"}},\"overlayEffect\":\"direction-aware-fade\",\"boxesToLoadStart\":12,\"boxesToLoad\":8,\"waitUntilThumbLoads\":1,\"LoadingWord\":\"Loading...\",\"loadMoreWord\":\"Load More\",\"noMoreEntriesWord\":\"No More Entries\",\"horizontalSpaceBetweenBoxes\":15,\"verticalSpaceBetweenBoxes\":15,\"lazyLoad\":1,\"wrapContainer\":\"#robo-gallery-wrap-rbs_gallery_69eb4261f1630\"};<\/script>\n","protected":false},"excerpt":{"rendered":"","protected":false},"author":1,"featured_media":0,"parent":0,"menu_order":0,"comment_status":"closed","ping_status":"closed","template":"","meta":{"footnotes":""},"class_list":["post-2891","page","type-page","status-publish","hentry"],"_links":{"self":[{"href":"https:\/\/parafia-chlewo.pl\/index.php?rest_route=\/wp\/v2\/pages\/2891","targetHints":{"allow":["GET"]}}],"collection":[{"href":"https:\/\/parafia-chlewo.pl\/index.php?rest_route=\/wp\/v2\/pages"}],"about":[{"href":"https:\/\/parafia-chlewo.pl\/index.php?rest_route=\/wp\/v2\/types\/page"}],"author":[{"embeddable":true,"href":"https:\/\/parafia-chlewo.pl\/index.php?rest_route=\/wp\/v2\/users\/1"}],"replies":[{"embeddable":true,"href":"https:\/\/parafia-chlewo.pl\/index.php?rest_route=%2Fwp%2Fv2%2Fcomments&post=2891"}],"version-history":[{"count":1,"href":"https:\/\/parafia-chlewo.pl\/index.php?rest_route=\/wp\/v2\/pages\/2891\/revisions"}],"predecessor-version":[{"id":2892,"href":"https:\/\/parafia-chlewo.pl\/index.php?rest_route=\/wp\/v2\/pages\/2891\/revisions\/2892"}],"wp:attachment":[{"href":"https:\/\/parafia-chlewo.pl\/index.php?rest_route=%2Fwp%2Fv2%2Fmedia&parent=2891"}],"curies":[{"name":"wp","href":"https:\/\/api.w.org\/{rel}","templated":true}]}}