{"id":2376,"date":"2022-04-10T22:52:58","date_gmt":"2022-04-10T20:52:58","guid":{"rendered":"https:\/\/parafia-chlewo.pl\/?page_id=2376"},"modified":"2022-04-10T22:52:58","modified_gmt":"2022-04-10T20:52:58","slug":"odpust-ku-czci-sw-jozefa-w-gaci-pawezowej","status":"publish","type":"page","link":"https:\/\/parafia-chlewo.pl\/?page_id=2376","title":{"rendered":"Odpust ku czci \u015bw. J\u00f3zefa w Gaci Paw\u0119zowej"},"content":{"rendered":"<style type=\"text\/css\" scoped>.rbs_gallery_69e5f698ed406Spinner{\r\n\t\t\t\tmargin: 50px auto;\r\n\t\t\t\twidth: 50px;\r\n\t\t\t\theight: 40px;\r\n\t\t\t\ttext-align: center;\r\n\t\t\t\tfont-size: 10px;\r\n\t\t\t}\r\n\t\t\t.rbs_gallery_69e5f698ed406Spinner > div{\r\n\t\t\t  background-color: #333;\r\n\t\t\t  height: 100%;\r\n\t\t\t  width: 6px;\r\n\t\t\t  display: inline-block;\r\n\t\t\t  -webkit-animation: rbs_gallery_69e5f698ed406-stretchdelay 1.2s infinite ease-in-out;\r\n\t\t\t  animation: rbs_gallery_69e5f698ed406-stretchdelay 1.2s infinite ease-in-out;\r\n\t\t\t}\r\n\t\t\t.rbs_gallery_69e5f698ed406Spinner .rbs_gallery_69e5f698ed406Rect2 {\r\n\t\t\t  -webkit-animation-delay: -1.1s;\r\n\t\t\t  animation-delay: -1.1s;\r\n\t\t\t}\r\n\t\t\t.rbs_gallery_69e5f698ed406Spinner .rbs_gallery_69e5f698ed406Rect3 {\r\n\t\t\t  -webkit-animation-delay: -1.0s;\r\n\t\t\t  animation-delay: -1.0s;\r\n\t\t\t}\r\n\t\t\t.rbs_gallery_69e5f698ed406Spinner .rbs_gallery_69e5f698ed406Rect4 {\r\n\t\t\t  -webkit-animation-delay: -0.9s;\r\n\t\t\t  animation-delay: -0.9s;\r\n\t\t\t}\r\n\t\t\t.rbs_gallery_69e5f698ed406Spinner .rbs_gallery_69e5f698ed406Rect5 {\r\n\t\t\t  -webkit-animation-delay: -0.8s;\r\n\t\t\t  animation-delay: -0.8s;\r\n\t\t\t}\r\n\t\t\t@-webkit-keyframes rbs_gallery_69e5f698ed406-stretchdelay {\r\n\t\t\t  0%, 40%, 100% { -webkit-transform: scaleY(0.4) }  \r\n\t\t\t  20% { -webkit-transform: scaleY(1.0) }\r\n\t\t\t}\r\n\t\t\t@keyframes rbs_gallery_69e5f698ed406-stretchdelay {\r\n\t\t\t  0%, 40%, 100% { \r\n\t\t\t    transform: scaleY(0.4);\r\n\t\t\t    -webkit-transform: scaleY(0.4);\r\n\t\t\t  }  20% { \r\n\t\t\t    transform: scaleY(1.0);\r\n\t\t\t    -webkit-transform: scaleY(1.0);\r\n\t\t\t  }\r\n\t\t\t}\r\n\t\t<\/style><div class=\"robo-gallery-wrap robo-gallery-wrap-id2301 robo-gallery-grid\" ><div id=\"rbs_gallery_69e5f698ed406-block-loader\" class=\"rbs_gallery_69e5f698ed406Spinner\"><div class=\"rbs_gallery_69e5f698ed406Rect1\"><\/div> <div class=\"rbs_gallery_69e5f698ed406Rect2\"><\/div> <div class=\"rbs_gallery_69e5f698ed406Rect3\"><\/div> <div class=\"rbs_gallery_69e5f698ed406Rect4\"><\/div> <div class=\"rbs_gallery_69e5f698ed406Rect5\"><\/div><\/div><div id=\"robo_gallery_main_block_rbs_gallery_69e5f698ed406\" class=\"robogallery-gallery-2301\" style=\"width:100%;  display: none;\"><div id=\"rbs_gallery_69e5f698ed406\" data-options=\"rbs_gallery_69e5f698ed406\" style=\"width:100%;\" class=\"robo_gallery  \"><div class=\"rbs-img  category2301 \" ><div class=\"rbs-img-image   rbs-lightbox \" ><div class=\"rbs-img-thumbs\"  data-thumbnail=\"https:\/\/parafia-chlewo.pl\/wp-content\/uploads\/2022\/04\/IMG_1382-1024x892.jpg\"  title=\"IMG_1382\"  data-width=\"539\"  data-height=\"470\" ><\/div><div class=\"rbs-img-data-popup\"  data-popup=\"https:\/\/parafia-chlewo.pl\/wp-content\/uploads\/2022\/04\/IMG_1382.jpg\"  title=\"IMG_1382\" ><\/div><div class=\"thumbnail-overlay\"><div class=\"rbsTitle \">IMG_1382<\/div><div class=\"rbsIcons\"><i class=\"fa fa-search-plus rbsZoomIcon \" ><\/i><\/div><\/div><\/div><\/div><div class=\"rbs-img  category2301 \" ><div class=\"rbs-img-image   rbs-lightbox \" ><div class=\"rbs-img-thumbs\"  data-thumbnail=\"https:\/\/parafia-chlewo.pl\/wp-content\/uploads\/2022\/04\/IMG_1383-1024x683.jpg\"  title=\"IMG_1383\"  data-width=\"539\"  data-height=\"360\" ><\/div><div class=\"rbs-img-data-popup\"  data-popup=\"https:\/\/parafia-chlewo.pl\/wp-content\/uploads\/2022\/04\/IMG_1383.jpg\"  title=\"IMG_1383\" ><\/div><div class=\"thumbnail-overlay\"><div class=\"rbsTitle \">IMG_1383<\/div><div class=\"rbsIcons\"><i class=\"fa fa-search-plus rbsZoomIcon \" ><\/i><\/div><\/div><\/div><\/div><div class=\"rbs-img  category2301 \" ><div class=\"rbs-img-image   rbs-lightbox \" ><div class=\"rbs-img-thumbs\"  data-thumbnail=\"https:\/\/parafia-chlewo.pl\/wp-content\/uploads\/2022\/04\/IMG_1384-1024x683.jpg\"  title=\"IMG_1384\"  data-width=\"539\"  data-height=\"360\" ><\/div><div class=\"rbs-img-data-popup\"  data-popup=\"https:\/\/parafia-chlewo.pl\/wp-content\/uploads\/2022\/04\/IMG_1384.jpg\"  title=\"IMG_1384\" ><\/div><div class=\"thumbnail-overlay\"><div class=\"rbsTitle \">IMG_1384<\/div><div class=\"rbsIcons\"><i class=\"fa fa-search-plus rbsZoomIcon \" ><\/i><\/div><\/div><\/div><\/div><div class=\"rbs-img  category2301 \" ><div class=\"rbs-img-image   rbs-lightbox \" ><div class=\"rbs-img-thumbs\"  data-thumbnail=\"https:\/\/parafia-chlewo.pl\/wp-content\/uploads\/2022\/04\/IMG_1385-683x1024.jpg\"  title=\"IMG_1385\"  data-width=\"539\"  data-height=\"808\" ><\/div><div class=\"rbs-img-data-popup\"  data-popup=\"https:\/\/parafia-chlewo.pl\/wp-content\/uploads\/2022\/04\/IMG_1385.jpg\"  title=\"IMG_1385\" ><\/div><div class=\"thumbnail-overlay\"><div class=\"rbsTitle \">IMG_1385<\/div><div class=\"rbsIcons\"><i class=\"fa fa-search-plus rbsZoomIcon \" ><\/i><\/div><\/div><\/div><\/div><div class=\"rbs-img  category2301 \" ><div class=\"rbs-img-image   rbs-lightbox \" ><div class=\"rbs-img-thumbs\"  data-thumbnail=\"https:\/\/parafia-chlewo.pl\/wp-content\/uploads\/2022\/04\/IMG_1386-1024x683.jpg\"  title=\"IMG_1386\"  data-width=\"539\"  data-height=\"360\" ><\/div><div class=\"rbs-img-data-popup\"  data-popup=\"https:\/\/parafia-chlewo.pl\/wp-content\/uploads\/2022\/04\/IMG_1386.jpg\"  title=\"IMG_1386\" ><\/div><div class=\"thumbnail-overlay\"><div class=\"rbsTitle \">IMG_1386<\/div><div class=\"rbsIcons\"><i class=\"fa fa-search-plus rbsZoomIcon \" ><\/i><\/div><\/div><\/div><\/div><div class=\"rbs-img  category2301 \" ><div class=\"rbs-img-image   rbs-lightbox \" ><div class=\"rbs-img-thumbs\"  data-thumbnail=\"https:\/\/parafia-chlewo.pl\/wp-content\/uploads\/2022\/04\/IMG_1387-1024x683.jpg\"  title=\"IMG_1387\"  data-width=\"539\"  data-height=\"360\" ><\/div><div class=\"rbs-img-data-popup\"  data-popup=\"https:\/\/parafia-chlewo.pl\/wp-content\/uploads\/2022\/04\/IMG_1387.jpg\"  title=\"IMG_1387\" ><\/div><div class=\"thumbnail-overlay\"><div class=\"rbsTitle \">IMG_1387<\/div><div class=\"rbsIcons\"><i class=\"fa fa-search-plus rbsZoomIcon \" ><\/i><\/div><\/div><\/div><\/div><div class=\"rbs-img  category2301 \" ><div class=\"rbs-img-image   rbs-lightbox \" ><div class=\"rbs-img-thumbs\"  data-thumbnail=\"https:\/\/parafia-chlewo.pl\/wp-content\/uploads\/2022\/04\/IMG_1388-1024x683.jpg\"  title=\"IMG_1388\"  data-width=\"539\"  data-height=\"360\" ><\/div><div class=\"rbs-img-data-popup\"  data-popup=\"https:\/\/parafia-chlewo.pl\/wp-content\/uploads\/2022\/04\/IMG_1388.jpg\"  title=\"IMG_1388\" ><\/div><div class=\"thumbnail-overlay\"><div class=\"rbsTitle \">IMG_1388<\/div><div class=\"rbsIcons\"><i class=\"fa fa-search-plus rbsZoomIcon \" ><\/i><\/div><\/div><\/div><\/div><div class=\"rbs-img  category2301 \" ><div class=\"rbs-img-image   rbs-lightbox \" ><div class=\"rbs-img-thumbs\"  data-thumbnail=\"https:\/\/parafia-chlewo.pl\/wp-content\/uploads\/2022\/04\/IMG_1389-1024x683.jpg\"  title=\"IMG_1389\"  data-width=\"539\"  data-height=\"360\" ><\/div><div class=\"rbs-img-data-popup\"  data-popup=\"https:\/\/parafia-chlewo.pl\/wp-content\/uploads\/2022\/04\/IMG_1389.jpg\"  title=\"IMG_1389\" ><\/div><div class=\"thumbnail-overlay\"><div class=\"rbsTitle \">IMG_1389<\/div><div class=\"rbsIcons\"><i class=\"fa fa-search-plus rbsZoomIcon \" ><\/i><\/div><\/div><\/div><\/div><div class=\"rbs-img  category2301 \" ><div class=\"rbs-img-image   rbs-lightbox \" ><div class=\"rbs-img-thumbs\"  data-thumbnail=\"https:\/\/parafia-chlewo.pl\/wp-content\/uploads\/2022\/04\/IMG_1390-1024x683.jpg\"  title=\"IMG_1390\"  data-width=\"539\"  data-height=\"360\" ><\/div><div class=\"rbs-img-data-popup\"  data-popup=\"https:\/\/parafia-chlewo.pl\/wp-content\/uploads\/2022\/04\/IMG_1390.jpg\"  title=\"IMG_1390\" ><\/div><div class=\"thumbnail-overlay\"><div class=\"rbsTitle \">IMG_1390<\/div><div class=\"rbsIcons\"><i class=\"fa fa-search-plus rbsZoomIcon \" ><\/i><\/div><\/div><\/div><\/div><div class=\"rbs-img  category2301 \" ><div class=\"rbs-img-image   rbs-lightbox \" ><div class=\"rbs-img-thumbs\"  data-thumbnail=\"https:\/\/parafia-chlewo.pl\/wp-content\/uploads\/2022\/04\/IMG_1391-1024x683.jpg\"  title=\"IMG_1391\"  data-width=\"539\"  data-height=\"360\" ><\/div><div class=\"rbs-img-data-popup\"  data-popup=\"https:\/\/parafia-chlewo.pl\/wp-content\/uploads\/2022\/04\/IMG_1391.jpg\"  title=\"IMG_1391\" ><\/div><div class=\"thumbnail-overlay\"><div class=\"rbsTitle \">IMG_1391<\/div><div class=\"rbsIcons\"><i class=\"fa fa-search-plus rbsZoomIcon \" ><\/i><\/div><\/div><\/div><\/div><div class=\"rbs-img  category2301 \" ><div class=\"rbs-img-image   rbs-lightbox \" ><div class=\"rbs-img-thumbs\"  data-thumbnail=\"https:\/\/parafia-chlewo.pl\/wp-content\/uploads\/2022\/04\/IMG_1392-1024x683.jpg\"  title=\"IMG_1392\"  data-width=\"539\"  data-height=\"360\" ><\/div><div class=\"rbs-img-data-popup\"  data-popup=\"https:\/\/parafia-chlewo.pl\/wp-content\/uploads\/2022\/04\/IMG_1392.jpg\"  title=\"IMG_1392\" ><\/div><div class=\"thumbnail-overlay\"><div class=\"rbsTitle \">IMG_1392<\/div><div class=\"rbsIcons\"><i class=\"fa fa-search-plus rbsZoomIcon \" ><\/i><\/div><\/div><\/div><\/div><div class=\"rbs-img  category2301 \" ><div class=\"rbs-img-image   rbs-lightbox \" ><div class=\"rbs-img-thumbs\"  data-thumbnail=\"https:\/\/parafia-chlewo.pl\/wp-content\/uploads\/2022\/04\/IMG_1393-1024x683.jpg\"  title=\"IMG_1393\"  data-width=\"539\"  data-height=\"360\" ><\/div><div class=\"rbs-img-data-popup\"  data-popup=\"https:\/\/parafia-chlewo.pl\/wp-content\/uploads\/2022\/04\/IMG_1393.jpg\"  title=\"IMG_1393\" ><\/div><div class=\"thumbnail-overlay\"><div class=\"rbsTitle \">IMG_1393<\/div><div class=\"rbsIcons\"><i class=\"fa fa-search-plus rbsZoomIcon \" ><\/i><\/div><\/div><\/div><\/div><div class=\"rbs-img  category2301 \" ><div class=\"rbs-img-image   rbs-lightbox \" ><div class=\"rbs-img-thumbs\"  data-thumbnail=\"https:\/\/parafia-chlewo.pl\/wp-content\/uploads\/2022\/04\/IMG_1394-1024x683.jpg\"  title=\"IMG_1394\"  data-width=\"539\"  data-height=\"360\" ><\/div><div class=\"rbs-img-data-popup\"  data-popup=\"https:\/\/parafia-chlewo.pl\/wp-content\/uploads\/2022\/04\/IMG_1394.jpg\"  title=\"IMG_1394\" ><\/div><div class=\"thumbnail-overlay\"><div class=\"rbsTitle \">IMG_1394<\/div><div class=\"rbsIcons\"><i class=\"fa fa-search-plus rbsZoomIcon \" ><\/i><\/div><\/div><\/div><\/div><div class=\"rbs-img  category2301 \" ><div class=\"rbs-img-image   rbs-lightbox \" ><div class=\"rbs-img-thumbs\"  data-thumbnail=\"https:\/\/parafia-chlewo.pl\/wp-content\/uploads\/2022\/04\/IMG_1395-1024x683.jpg\"  title=\"IMG_1395\"  data-width=\"539\"  data-height=\"360\" ><\/div><div class=\"rbs-img-data-popup\"  data-popup=\"https:\/\/parafia-chlewo.pl\/wp-content\/uploads\/2022\/04\/IMG_1395.jpg\"  title=\"IMG_1395\" ><\/div><div class=\"thumbnail-overlay\"><div class=\"rbsTitle \">IMG_1395<\/div><div class=\"rbsIcons\"><i class=\"fa fa-search-plus rbsZoomIcon \" ><\/i><\/div><\/div><\/div><\/div><\/div><\/div><\/div><script>var rbs_gallery_69e5f698ed406 = {\"version\":\"5.0.3\",\"id\":2301,\"class\":\"id2301\",\"roboGalleryDelay\":1000,\"mainContainer\":\"#robo_gallery_main_block_rbs_gallery_69e5f698ed406\",\"loadingContainer\":\"#rbs_gallery_69e5f698ed406-block-loader\",\"loadingContainerObj\":\"rbs_gallery_69e5f698ed406-block-loader\",\"columnWidth\":\"auto\",\"columns\":3,\"resolutions\":[{\"columnWidth\":\"auto\",\"columns\":3,\"maxWidth\":960},{\"columnWidth\":\"auto\",\"columns\":2,\"maxWidth\":650},{\"columnWidth\":\"auto\",\"columns\":1,\"maxWidth\":450}],\"lightboxOptions\":{\"gallery\":{\"enabled\":true,\"tCounter\":\"%curr% of %total%\"}},\"overlayEffect\":\"direction-aware-fade\",\"boxesToLoadStart\":12,\"boxesToLoad\":8,\"waitUntilThumbLoads\":1,\"LoadingWord\":\"Loading...\",\"loadMoreWord\":\"Load More\",\"noMoreEntriesWord\":\"No More Entries\",\"horizontalSpaceBetweenBoxes\":15,\"verticalSpaceBetweenBoxes\":15,\"lazyLoad\":1,\"wrapContainer\":\"#robo-gallery-wrap-rbs_gallery_69e5f698ed406\"};<\/script>\n","protected":false},"excerpt":{"rendered":"","protected":false},"author":1,"featured_media":0,"parent":2241,"menu_order":0,"comment_status":"closed","ping_status":"closed","template":"","meta":{"footnotes":""},"class_list":["post-2376","page","type-page","status-publish","hentry"],"_links":{"self":[{"href":"https:\/\/parafia-chlewo.pl\/index.php?rest_route=\/wp\/v2\/pages\/2376","targetHints":{"allow":["GET"]}}],"collection":[{"href":"https:\/\/parafia-chlewo.pl\/index.php?rest_route=\/wp\/v2\/pages"}],"about":[{"href":"https:\/\/parafia-chlewo.pl\/index.php?rest_route=\/wp\/v2\/types\/page"}],"author":[{"embeddable":true,"href":"https:\/\/parafia-chlewo.pl\/index.php?rest_route=\/wp\/v2\/users\/1"}],"replies":[{"embeddable":true,"href":"https:\/\/parafia-chlewo.pl\/index.php?rest_route=%2Fwp%2Fv2%2Fcomments&post=2376"}],"version-history":[{"count":1,"href":"https:\/\/parafia-chlewo.pl\/index.php?rest_route=\/wp\/v2\/pages\/2376\/revisions"}],"predecessor-version":[{"id":2377,"href":"https:\/\/parafia-chlewo.pl\/index.php?rest_route=\/wp\/v2\/pages\/2376\/revisions\/2377"}],"up":[{"embeddable":true,"href":"https:\/\/parafia-chlewo.pl\/index.php?rest_route=\/wp\/v2\/pages\/2241"}],"wp:attachment":[{"href":"https:\/\/parafia-chlewo.pl\/index.php?rest_route=%2Fwp%2Fv2%2Fmedia&parent=2376"}],"curies":[{"name":"wp","href":"https:\/\/api.w.org\/{rel}","templated":true}]}}