{"id":2241,"date":"2022-03-08T15:22:09","date_gmt":"2022-03-08T14:22:09","guid":{"rendered":"https:\/\/parafia-chlewo.pl\/?page_id=2241"},"modified":"2023-04-02T18:08:22","modified_gmt":"2023-04-02T16:08:22","slug":"galeria-2022","status":"publish","type":"page","link":"https:\/\/parafia-chlewo.pl\/?page_id=2241","title":{"rendered":"Galeria 2022"},"content":{"rendered":"<h3><span style=\"color: #993300;\"><a style=\"color: #993300;\" href=\"https:\/\/parafia-chlewo.pl\/?page_id=2239\">Pomoc Ukrainie<\/a><\/span><\/h3>\n<h3><span style=\"color: #993300;\"><a style=\"color: #993300;\" href=\"https:\/\/parafia-chlewo.pl\/?page_id=2374\">Rekolekcje szkolne<\/a><\/span><\/h3>\n<h3><span style=\"color: #993300;\"><a style=\"color: #993300;\" href=\"https:\/\/parafia-chlewo.pl\/?page_id=2376\">Odpust ku czci \u015bw. J\u00f3zefa w Gaci Paw\u0119zowej<\/a><\/span><\/h3>\n<h3><span style=\"color: #993300;\"><a style=\"color: #993300;\" href=\"https:\/\/parafia-chlewo.pl\/?page_id=2378\">Droga krzy\u017cowa ulicami naszej parafii<\/a><\/span><\/h3>\n<h3><span style=\"color: #993300;\"><a style=\"color: #993300;\" href=\"https:\/\/parafia-chlewo.pl\/?page_id=2885\">Inscenizacja Drogi krzy\u017cowej przygotowana przez uczni\u00f3w Szko\u0142y podstawowej w Chlewie<\/a><\/span><\/h3>\n<h3><span style=\"color: #993300;\"><a style=\"color: #993300;\" href=\"https:\/\/parafia-chlewo.pl\/?page_id=2887\">Liturgia Wigilii Paschalnej i procesja rezurekcyjna<\/a><\/span><\/h3>\n<h3><span style=\"color: #993300;\"><a style=\"color: #993300;\" href=\"https:\/\/parafia-chlewo.pl\/?page_id=2889\">I Komunia \u015awi\u0119ta<\/a><\/span><\/h3>\n<h3><span style=\"color: #993300;\"><a style=\"color: #993300;\" href=\"https:\/\/parafia-chlewo.pl\/?page_id=2891\">O\u0142tarze podczas uroczysto\u015bci Bo\u017cego Cia\u0142a<\/a><\/span><\/h3>\n<h3><span style=\"color: #993300;\"><a style=\"color: #993300;\" href=\"https:\/\/parafia-chlewo.pl\/?page_id=2893\">Po\u015bwi\u0119cenie odnowionej kapliczki w Moskurni<\/a><\/span><\/h3>\n<h3><span style=\"color: #993300;\"><a style=\"color: #993300;\" href=\"https:\/\/parafia-chlewo.pl\/?page_id=2895\">Dzieci pierwszokomunijne na pielgrzymce w Licheniu<\/a><\/span><\/h3>\n<h3><span style=\"color: #993300;\"><a style=\"color: #993300;\" href=\"https:\/\/parafia-chlewo.pl\/?page_id=2898\">Odpust \u015bw. Benedykta Opata w Chlewie<\/a><\/span><\/h3>\n<h3><span style=\"color: #993300;\"><a style=\"color: #993300;\" href=\"https:\/\/parafia-chlewo.pl\/?page_id=2900\">Odpust \u015bw. Ma\u0142gorzaty Antioche\u0144skiej w Gaci Paw\u0119zowej<\/a><\/span><\/h3>\n<h3><span style=\"color: #993300;\"><a style=\"color: #993300;\" href=\"https:\/\/parafia-chlewo.pl\/?page_id=2902\">Pielgrzymka do Gidel i Cz\u0119stochowy<\/a><\/span><\/h3>\n<h3><span style=\"color: #993300;\"><a style=\"color: #993300;\" href=\"https:\/\/parafia-chlewo.pl\/?page_id=2904\">Nasi parafianie na pieszej pielgrzymce na Jasn\u0105 G\u00f3r\u0119<\/a><\/span><\/h3>\n<h3><span style=\"color: #993300;\"><a style=\"color: #993300;\" href=\"https:\/\/parafia-chlewo.pl\/?page_id=2906\">Do\u017cynki parafialne<\/a><\/span><\/h3>\n<h3><a href=\"https:\/\/parafia-chlewo.pl\/?page_id=2937\"><span style=\"color: #993300;\">Pieszo na odpust do Z\u0142otnik<\/span><\/a><\/h3>\n<h3><span style=\"color: #993300;\"><a style=\"color: #993300;\" href=\"https:\/\/parafia-chlewo.pl\/?page_id=2970\">Mycie elewacji kaplicy przedpogrzebowej<\/a><\/span><\/h3>\n<h3><a href=\"https:\/\/parafia-chlewo.pl\/?page_id=3046\"><span style=\"color: #993300;\">Po\u015bwi\u0119cenie odnowionego krzy\u017ca w Morawkach<\/span><\/a><\/h3>\n<h3><a href=\"https:\/\/parafia-chlewo.pl\/?page_id=3221\"><span style=\"color: #993300;\">Odpust Matki Bo\u017cej R\u00f3\u017ca\u0144cowej<\/span><\/a><\/h3>\n<h3><span style=\"color: #993300;\"><a style=\"color: #993300;\" href=\"https:\/\/parafia-chlewo.pl\/?page_id=3043\">Korow\u00f3d \u015bwi\u0119tych\u00a0<\/a><\/span><\/h3>\n","protected":false},"excerpt":{"rendered":"<p>Pomoc Ukrainie Rekolekcje szkolne Odpust ku czci \u015bw. J\u00f3zefa w Gaci Paw\u0119zowej Droga krzy\u017cowa ulicami naszej parafii Inscenizacja Drogi krzy\u017cowej przygotowana przez uczni\u00f3w Szko\u0142y podstawowej w Chlewie Liturgia Wigilii Paschalnej i procesja rezurekcyjna I Komunia \u015awi\u0119ta O\u0142tarze podczas uroczysto\u015bci Bo\u017cego Cia\u0142a Po\u015bwi\u0119cenie odnowionej kapliczki w Moskurni Dzieci pierwszokomunijne na pielgrzymce w Licheniu Odpust \u015bw. Benedykta Opata w Chlewie Odpust \u015bw. Ma\u0142gorzaty Antioche\u0144skiej w Gaci &hellip;<\/p>\n","protected":false},"author":1,"featured_media":0,"parent":0,"menu_order":0,"comment_status":"closed","ping_status":"closed","template":"","meta":{"footnotes":""},"class_list":["post-2241","page","type-page","status-publish","hentry"],"_links":{"self":[{"href":"https:\/\/parafia-chlewo.pl\/index.php?rest_route=\/wp\/v2\/pages\/2241","targetHints":{"allow":["GET"]}}],"collection":[{"href":"https:\/\/parafia-chlewo.pl\/index.php?rest_route=\/wp\/v2\/pages"}],"about":[{"href":"https:\/\/parafia-chlewo.pl\/index.php?rest_route=\/wp\/v2\/types\/page"}],"author":[{"embeddable":true,"href":"https:\/\/parafia-chlewo.pl\/index.php?rest_route=\/wp\/v2\/users\/1"}],"replies":[{"embeddable":true,"href":"https:\/\/parafia-chlewo.pl\/index.php?rest_route=%2Fwp%2Fv2%2Fcomments&post=2241"}],"version-history":[{"count":12,"href":"https:\/\/parafia-chlewo.pl\/index.php?rest_route=\/wp\/v2\/pages\/2241\/revisions"}],"predecessor-version":[{"id":3223,"href":"https:\/\/parafia-chlewo.pl\/index.php?rest_route=\/wp\/v2\/pages\/2241\/revisions\/3223"}],"wp:attachment":[{"href":"https:\/\/parafia-chlewo.pl\/index.php?rest_route=%2Fwp%2Fv2%2Fmedia&parent=2241"}],"curies":[{"name":"wp","href":"https:\/\/api.w.org\/{rel}","templated":true}]}}