{"id":2140,"date":"2021-10-17T20:41:30","date_gmt":"2021-10-17T18:41:30","guid":{"rendered":"https:\/\/parafia-chlewo.pl\/?page_id=2140"},"modified":"2021-10-17T20:41:30","modified_gmt":"2021-10-17T18:41:30","slug":"odpust-ku-czci-matki-bozej-rozancowej","status":"publish","type":"page","link":"https:\/\/parafia-chlewo.pl\/?page_id=2140","title":{"rendered":"Odpust ku czci Matki Bo\u017cej R\u00f3\u017ca\u0144cowej"},"content":{"rendered":"<style type=\"text\/css\" scoped>.rbs_gallery_69ff4150344f4Spinner{\r\n\t\t\t\tmargin: 50px auto;\r\n\t\t\t\twidth: 50px;\r\n\t\t\t\theight: 40px;\r\n\t\t\t\ttext-align: center;\r\n\t\t\t\tfont-size: 10px;\r\n\t\t\t}\r\n\t\t\t.rbs_gallery_69ff4150344f4Spinner > div{\r\n\t\t\t  background-color: #333;\r\n\t\t\t  height: 100%;\r\n\t\t\t  width: 6px;\r\n\t\t\t  display: inline-block;\r\n\t\t\t  -webkit-animation: rbs_gallery_69ff4150344f4-stretchdelay 1.2s infinite ease-in-out;\r\n\t\t\t  animation: rbs_gallery_69ff4150344f4-stretchdelay 1.2s infinite ease-in-out;\r\n\t\t\t}\r\n\t\t\t.rbs_gallery_69ff4150344f4Spinner .rbs_gallery_69ff4150344f4Rect2 {\r\n\t\t\t  -webkit-animation-delay: -1.1s;\r\n\t\t\t  animation-delay: -1.1s;\r\n\t\t\t}\r\n\t\t\t.rbs_gallery_69ff4150344f4Spinner .rbs_gallery_69ff4150344f4Rect3 {\r\n\t\t\t  -webkit-animation-delay: -1.0s;\r\n\t\t\t  animation-delay: -1.0s;\r\n\t\t\t}\r\n\t\t\t.rbs_gallery_69ff4150344f4Spinner .rbs_gallery_69ff4150344f4Rect4 {\r\n\t\t\t  -webkit-animation-delay: -0.9s;\r\n\t\t\t  animation-delay: -0.9s;\r\n\t\t\t}\r\n\t\t\t.rbs_gallery_69ff4150344f4Spinner .rbs_gallery_69ff4150344f4Rect5 {\r\n\t\t\t  -webkit-animation-delay: -0.8s;\r\n\t\t\t  animation-delay: -0.8s;\r\n\t\t\t}\r\n\t\t\t@-webkit-keyframes rbs_gallery_69ff4150344f4-stretchdelay {\r\n\t\t\t  0%, 40%, 100% { -webkit-transform: scaleY(0.4) }  \r\n\t\t\t  20% { -webkit-transform: scaleY(1.0) }\r\n\t\t\t}\r\n\t\t\t@keyframes rbs_gallery_69ff4150344f4-stretchdelay {\r\n\t\t\t  0%, 40%, 100% { \r\n\t\t\t    transform: scaleY(0.4);\r\n\t\t\t    -webkit-transform: scaleY(0.4);\r\n\t\t\t  }  20% { \r\n\t\t\t    transform: scaleY(1.0);\r\n\t\t\t    -webkit-transform: scaleY(1.0);\r\n\t\t\t  }\r\n\t\t\t}\r\n\t\t<\/style><div class=\"robo-gallery-wrap robo-gallery-wrap-id2095 robo-gallery-grid\" ><div id=\"rbs_gallery_69ff4150344f4-block-loader\" class=\"rbs_gallery_69ff4150344f4Spinner\"><div class=\"rbs_gallery_69ff4150344f4Rect1\"><\/div> <div class=\"rbs_gallery_69ff4150344f4Rect2\"><\/div> <div class=\"rbs_gallery_69ff4150344f4Rect3\"><\/div> <div class=\"rbs_gallery_69ff4150344f4Rect4\"><\/div> <div class=\"rbs_gallery_69ff4150344f4Rect5\"><\/div><\/div><div id=\"robo_gallery_main_block_rbs_gallery_69ff4150344f4\" class=\"robogallery-gallery-2095\" style=\"width:100%;  display: none;\"><div id=\"rbs_gallery_69ff4150344f4\" data-options=\"rbs_gallery_69ff4150344f4\" style=\"width:100%;\" class=\"robo_gallery  \"><div class=\"rbs-img  category2095 \" ><div class=\"rbs-img-image   rbs-lightbox \" ><div class=\"rbs-img-thumbs\"  data-thumbnail=\"https:\/\/parafia-chlewo.pl\/wp-content\/uploads\/2021\/10\/OdpustMB-1-1024x683.jpg\"  title=\"OdpustMB (1)\"  data-width=\"539\"  data-height=\"360\" ><\/div><div class=\"rbs-img-data-popup\"  data-popup=\"https:\/\/parafia-chlewo.pl\/wp-content\/uploads\/2021\/10\/OdpustMB-1.jpg\"  title=\"OdpustMB (1)\" ><\/div><div class=\"thumbnail-overlay\"><div class=\"rbsTitle \">OdpustMB (1)<\/div><div class=\"rbsIcons\"><i class=\"fa fa-search-plus rbsZoomIcon \" ><\/i><\/div><\/div><\/div><\/div><div class=\"rbs-img  category2095 \" ><div class=\"rbs-img-image   rbs-lightbox \" ><div class=\"rbs-img-thumbs\"  data-thumbnail=\"https:\/\/parafia-chlewo.pl\/wp-content\/uploads\/2021\/10\/OdpustMB-2-1024x683.jpg\"  title=\"OdpustMB (2)\"  data-width=\"539\"  data-height=\"360\" ><\/div><div class=\"rbs-img-data-popup\"  data-popup=\"https:\/\/parafia-chlewo.pl\/wp-content\/uploads\/2021\/10\/OdpustMB-2.jpg\"  title=\"OdpustMB (2)\" ><\/div><div class=\"thumbnail-overlay\"><div class=\"rbsTitle \">OdpustMB (2)<\/div><div class=\"rbsIcons\"><i class=\"fa fa-search-plus rbsZoomIcon \" ><\/i><\/div><\/div><\/div><\/div><div class=\"rbs-img  category2095 \" ><div class=\"rbs-img-image   rbs-lightbox \" ><div class=\"rbs-img-thumbs\"  data-thumbnail=\"https:\/\/parafia-chlewo.pl\/wp-content\/uploads\/2021\/10\/OdpustMB-3-1024x683.jpg\"  title=\"OdpustMB (3)\"  data-width=\"539\"  data-height=\"360\" ><\/div><div class=\"rbs-img-data-popup\"  data-popup=\"https:\/\/parafia-chlewo.pl\/wp-content\/uploads\/2021\/10\/OdpustMB-3.jpg\"  title=\"OdpustMB (3)\" ><\/div><div class=\"thumbnail-overlay\"><div class=\"rbsTitle \">OdpustMB (3)<\/div><div class=\"rbsIcons\"><i class=\"fa fa-search-plus rbsZoomIcon \" ><\/i><\/div><\/div><\/div><\/div><div class=\"rbs-img  category2095 \" ><div class=\"rbs-img-image   rbs-lightbox \" ><div class=\"rbs-img-thumbs\"  data-thumbnail=\"https:\/\/parafia-chlewo.pl\/wp-content\/uploads\/2021\/10\/OdpustMB-4-1024x683.jpg\"  title=\"OdpustMB (4)\"  data-width=\"539\"  data-height=\"360\" ><\/div><div class=\"rbs-img-data-popup\"  data-popup=\"https:\/\/parafia-chlewo.pl\/wp-content\/uploads\/2021\/10\/OdpustMB-4.jpg\"  title=\"OdpustMB (4)\" ><\/div><div class=\"thumbnail-overlay\"><div class=\"rbsTitle \">OdpustMB (4)<\/div><div class=\"rbsIcons\"><i class=\"fa fa-search-plus rbsZoomIcon \" ><\/i><\/div><\/div><\/div><\/div><div class=\"rbs-img  category2095 \" ><div class=\"rbs-img-image   rbs-lightbox \" ><div class=\"rbs-img-thumbs\"  data-thumbnail=\"https:\/\/parafia-chlewo.pl\/wp-content\/uploads\/2021\/10\/OdpustMB-5-1024x683.jpg\"  title=\"OdpustMB (5)\"  data-width=\"539\"  data-height=\"360\" ><\/div><div class=\"rbs-img-data-popup\"  data-popup=\"https:\/\/parafia-chlewo.pl\/wp-content\/uploads\/2021\/10\/OdpustMB-5.jpg\"  title=\"OdpustMB (5)\" ><\/div><div class=\"thumbnail-overlay\"><div class=\"rbsTitle \">OdpustMB (5)<\/div><div class=\"rbsIcons\"><i class=\"fa fa-search-plus rbsZoomIcon \" ><\/i><\/div><\/div><\/div><\/div><div class=\"rbs-img  category2095 \" ><div class=\"rbs-img-image   rbs-lightbox \" ><div class=\"rbs-img-thumbs\"  data-thumbnail=\"https:\/\/parafia-chlewo.pl\/wp-content\/uploads\/2021\/10\/OdpustMB-6-1024x683.jpg\"  title=\"OdpustMB (6)\"  data-width=\"539\"  data-height=\"360\" ><\/div><div class=\"rbs-img-data-popup\"  data-popup=\"https:\/\/parafia-chlewo.pl\/wp-content\/uploads\/2021\/10\/OdpustMB-6.jpg\"  title=\"OdpustMB (6)\" ><\/div><div class=\"thumbnail-overlay\"><div class=\"rbsTitle \">OdpustMB (6)<\/div><div class=\"rbsIcons\"><i class=\"fa fa-search-plus rbsZoomIcon \" ><\/i><\/div><\/div><\/div><\/div><div class=\"rbs-img  category2095 \" ><div class=\"rbs-img-image   rbs-lightbox \" ><div class=\"rbs-img-thumbs\"  data-thumbnail=\"https:\/\/parafia-chlewo.pl\/wp-content\/uploads\/2021\/10\/OdpustMB-7-1024x683.jpg\"  title=\"OdpustMB (7)\"  data-width=\"539\"  data-height=\"360\" ><\/div><div class=\"rbs-img-data-popup\"  data-popup=\"https:\/\/parafia-chlewo.pl\/wp-content\/uploads\/2021\/10\/OdpustMB-7.jpg\"  title=\"OdpustMB (7)\" ><\/div><div class=\"thumbnail-overlay\"><div class=\"rbsTitle \">OdpustMB (7)<\/div><div class=\"rbsIcons\"><i class=\"fa fa-search-plus rbsZoomIcon \" ><\/i><\/div><\/div><\/div><\/div><div class=\"rbs-img  category2095 \" ><div class=\"rbs-img-image   rbs-lightbox \" ><div class=\"rbs-img-thumbs\"  data-thumbnail=\"https:\/\/parafia-chlewo.pl\/wp-content\/uploads\/2021\/10\/OdpustMB-8-1024x683.jpg\"  title=\"OdpustMB (8)\"  data-width=\"539\"  data-height=\"360\" ><\/div><div class=\"rbs-img-data-popup\"  data-popup=\"https:\/\/parafia-chlewo.pl\/wp-content\/uploads\/2021\/10\/OdpustMB-8.jpg\"  title=\"OdpustMB (8)\" ><\/div><div class=\"thumbnail-overlay\"><div class=\"rbsTitle \">OdpustMB (8)<\/div><div class=\"rbsIcons\"><i class=\"fa fa-search-plus rbsZoomIcon \" ><\/i><\/div><\/div><\/div><\/div><div class=\"rbs-img  category2095 \" ><div class=\"rbs-img-image   rbs-lightbox \" ><div class=\"rbs-img-thumbs\"  data-thumbnail=\"https:\/\/parafia-chlewo.pl\/wp-content\/uploads\/2021\/10\/OdpustMB-9-1024x683.jpg\"  title=\"OdpustMB (9)\"  data-width=\"539\"  data-height=\"360\" ><\/div><div class=\"rbs-img-data-popup\"  data-popup=\"https:\/\/parafia-chlewo.pl\/wp-content\/uploads\/2021\/10\/OdpustMB-9.jpg\"  title=\"OdpustMB (9)\" ><\/div><div class=\"thumbnail-overlay\"><div class=\"rbsTitle \">OdpustMB (9)<\/div><div class=\"rbsIcons\"><i class=\"fa fa-search-plus rbsZoomIcon \" ><\/i><\/div><\/div><\/div><\/div><div class=\"rbs-img  category2095 \" ><div class=\"rbs-img-image   rbs-lightbox \" ><div class=\"rbs-img-thumbs\"  data-thumbnail=\"https:\/\/parafia-chlewo.pl\/wp-content\/uploads\/2021\/10\/OdpustMB-10-1024x719.jpg\"  title=\"OdpustMB (10)\"  data-width=\"539\"  data-height=\"378\" ><\/div><div class=\"rbs-img-data-popup\"  data-popup=\"https:\/\/parafia-chlewo.pl\/wp-content\/uploads\/2021\/10\/OdpustMB-10.jpg\"  title=\"OdpustMB (10)\" ><\/div><div class=\"thumbnail-overlay\"><div class=\"rbsTitle \">OdpustMB (10)<\/div><div class=\"rbsIcons\"><i class=\"fa fa-search-plus rbsZoomIcon \" ><\/i><\/div><\/div><\/div><\/div><div class=\"rbs-img  category2095 \" ><div class=\"rbs-img-image   rbs-lightbox \" ><div class=\"rbs-img-thumbs\"  data-thumbnail=\"https:\/\/parafia-chlewo.pl\/wp-content\/uploads\/2021\/10\/OdpustMB-11-1024x683.jpg\"  title=\"OdpustMB (11)\"  data-width=\"539\"  data-height=\"360\" ><\/div><div class=\"rbs-img-data-popup\"  data-popup=\"https:\/\/parafia-chlewo.pl\/wp-content\/uploads\/2021\/10\/OdpustMB-11.jpg\"  title=\"OdpustMB (11)\" ><\/div><div class=\"thumbnail-overlay\"><div class=\"rbsTitle \">OdpustMB (11)<\/div><div class=\"rbsIcons\"><i class=\"fa fa-search-plus rbsZoomIcon \" ><\/i><\/div><\/div><\/div><\/div><div class=\"rbs-img  category2095 \" ><div class=\"rbs-img-image   rbs-lightbox \" ><div class=\"rbs-img-thumbs\"  data-thumbnail=\"https:\/\/parafia-chlewo.pl\/wp-content\/uploads\/2021\/10\/OdpustMB-12-1024x683.jpg\"  title=\"OdpustMB (12)\"  data-width=\"539\"  data-height=\"360\" ><\/div><div class=\"rbs-img-data-popup\"  data-popup=\"https:\/\/parafia-chlewo.pl\/wp-content\/uploads\/2021\/10\/OdpustMB-12.jpg\"  title=\"OdpustMB (12)\" ><\/div><div class=\"thumbnail-overlay\"><div class=\"rbsTitle \">OdpustMB (12)<\/div><div class=\"rbsIcons\"><i class=\"fa fa-search-plus rbsZoomIcon \" ><\/i><\/div><\/div><\/div><\/div><div class=\"rbs-img  category2095 \" ><div class=\"rbs-img-image   rbs-lightbox \" ><div class=\"rbs-img-thumbs\"  data-thumbnail=\"https:\/\/parafia-chlewo.pl\/wp-content\/uploads\/2021\/10\/OdpustMB-13-1024x683.jpg\"  title=\"OdpustMB (13)\"  data-width=\"539\"  data-height=\"360\" ><\/div><div class=\"rbs-img-data-popup\"  data-popup=\"https:\/\/parafia-chlewo.pl\/wp-content\/uploads\/2021\/10\/OdpustMB-13.jpg\"  title=\"OdpustMB (13)\" ><\/div><div class=\"thumbnail-overlay\"><div class=\"rbsTitle \">OdpustMB (13)<\/div><div class=\"rbsIcons\"><i class=\"fa fa-search-plus rbsZoomIcon \" ><\/i><\/div><\/div><\/div><\/div><div class=\"rbs-img  category2095 \" ><div class=\"rbs-img-image   rbs-lightbox \" ><div class=\"rbs-img-thumbs\"  data-thumbnail=\"https:\/\/parafia-chlewo.pl\/wp-content\/uploads\/2021\/10\/OdpustMB-14-1024x683.jpg\"  title=\"OdpustMB (14)\"  data-width=\"539\"  data-height=\"360\" ><\/div><div class=\"rbs-img-data-popup\"  data-popup=\"https:\/\/parafia-chlewo.pl\/wp-content\/uploads\/2021\/10\/OdpustMB-14.jpg\"  title=\"OdpustMB (14)\" ><\/div><div class=\"thumbnail-overlay\"><div class=\"rbsTitle \">OdpustMB (14)<\/div><div class=\"rbsIcons\"><i class=\"fa fa-search-plus rbsZoomIcon \" ><\/i><\/div><\/div><\/div><\/div><div class=\"rbs-img  category2095 \" ><div class=\"rbs-img-image   rbs-lightbox \" ><div class=\"rbs-img-thumbs\"  data-thumbnail=\"https:\/\/parafia-chlewo.pl\/wp-content\/uploads\/2021\/10\/OdpustMB-15-1024x683.jpg\"  title=\"OdpustMB (15)\"  data-width=\"539\"  data-height=\"360\" ><\/div><div class=\"rbs-img-data-popup\"  data-popup=\"https:\/\/parafia-chlewo.pl\/wp-content\/uploads\/2021\/10\/OdpustMB-15.jpg\"  title=\"OdpustMB (15)\" ><\/div><div class=\"thumbnail-overlay\"><div class=\"rbsTitle \">OdpustMB (15)<\/div><div class=\"rbsIcons\"><i class=\"fa fa-search-plus rbsZoomIcon \" ><\/i><\/div><\/div><\/div><\/div><div class=\"rbs-img  category2095 \" ><div class=\"rbs-img-image   rbs-lightbox \" ><div class=\"rbs-img-thumbs\"  data-thumbnail=\"https:\/\/parafia-chlewo.pl\/wp-content\/uploads\/2021\/10\/OdpustMB-16-1024x683.jpg\"  title=\"OdpustMB (16)\"  data-width=\"539\"  data-height=\"360\" ><\/div><div class=\"rbs-img-data-popup\"  data-popup=\"https:\/\/parafia-chlewo.pl\/wp-content\/uploads\/2021\/10\/OdpustMB-16.jpg\"  title=\"OdpustMB (16)\" ><\/div><div class=\"thumbnail-overlay\"><div class=\"rbsTitle \">OdpustMB (16)<\/div><div class=\"rbsIcons\"><i class=\"fa fa-search-plus rbsZoomIcon \" ><\/i><\/div><\/div><\/div><\/div><div class=\"rbs-img  category2095 \" ><div class=\"rbs-img-image   rbs-lightbox \" ><div class=\"rbs-img-thumbs\"  data-thumbnail=\"https:\/\/parafia-chlewo.pl\/wp-content\/uploads\/2021\/10\/OdpustMB-17-1024x683.jpg\"  title=\"OdpustMB (17)\"  data-width=\"539\"  data-height=\"360\" ><\/div><div class=\"rbs-img-data-popup\"  data-popup=\"https:\/\/parafia-chlewo.pl\/wp-content\/uploads\/2021\/10\/OdpustMB-17.jpg\"  title=\"OdpustMB (17)\" ><\/div><div class=\"thumbnail-overlay\"><div class=\"rbsTitle \">OdpustMB (17)<\/div><div class=\"rbsIcons\"><i class=\"fa fa-search-plus rbsZoomIcon \" ><\/i><\/div><\/div><\/div><\/div><div class=\"rbs-img  category2095 \" ><div class=\"rbs-img-image   rbs-lightbox \" ><div class=\"rbs-img-thumbs\"  data-thumbnail=\"https:\/\/parafia-chlewo.pl\/wp-content\/uploads\/2021\/10\/OdpustMB-18-1024x683.jpg\"  title=\"OdpustMB (18)\"  data-width=\"539\"  data-height=\"360\" ><\/div><div class=\"rbs-img-data-popup\"  data-popup=\"https:\/\/parafia-chlewo.pl\/wp-content\/uploads\/2021\/10\/OdpustMB-18.jpg\"  title=\"OdpustMB (18)\" ><\/div><div class=\"thumbnail-overlay\"><div class=\"rbsTitle \">OdpustMB (18)<\/div><div class=\"rbsIcons\"><i class=\"fa fa-search-plus rbsZoomIcon \" ><\/i><\/div><\/div><\/div><\/div><div class=\"rbs-img  category2095 \" ><div class=\"rbs-img-image   rbs-lightbox \" ><div class=\"rbs-img-thumbs\"  data-thumbnail=\"https:\/\/parafia-chlewo.pl\/wp-content\/uploads\/2021\/10\/OdpustMB-19-1024x683.jpg\"  title=\"OdpustMB (19)\"  data-width=\"539\"  data-height=\"360\" ><\/div><div class=\"rbs-img-data-popup\"  data-popup=\"https:\/\/parafia-chlewo.pl\/wp-content\/uploads\/2021\/10\/OdpustMB-19.jpg\"  title=\"OdpustMB (19)\" ><\/div><div class=\"thumbnail-overlay\"><div class=\"rbsTitle \">OdpustMB (19)<\/div><div class=\"rbsIcons\"><i class=\"fa fa-search-plus rbsZoomIcon \" ><\/i><\/div><\/div><\/div><\/div><div class=\"rbs-img  category2095 \" ><div class=\"rbs-img-image   rbs-lightbox \" ><div class=\"rbs-img-thumbs\"  data-thumbnail=\"https:\/\/parafia-chlewo.pl\/wp-content\/uploads\/2021\/10\/OdpustMB-20-1024x683.jpg\"  title=\"OdpustMB (20)\"  data-width=\"539\"  data-height=\"360\" ><\/div><div class=\"rbs-img-data-popup\"  data-popup=\"https:\/\/parafia-chlewo.pl\/wp-content\/uploads\/2021\/10\/OdpustMB-20.jpg\"  title=\"OdpustMB (20)\" ><\/div><div class=\"thumbnail-overlay\"><div class=\"rbsTitle \">OdpustMB (20)<\/div><div class=\"rbsIcons\"><i class=\"fa fa-search-plus rbsZoomIcon \" ><\/i><\/div><\/div><\/div><\/div><div class=\"rbs-img  category2095 \" ><div class=\"rbs-img-image   rbs-lightbox \" ><div class=\"rbs-img-thumbs\"  data-thumbnail=\"https:\/\/parafia-chlewo.pl\/wp-content\/uploads\/2021\/10\/OdpustMB-21-1024x683.jpg\"  title=\"OdpustMB (21)\"  data-width=\"539\"  data-height=\"360\" ><\/div><div class=\"rbs-img-data-popup\"  data-popup=\"https:\/\/parafia-chlewo.pl\/wp-content\/uploads\/2021\/10\/OdpustMB-21.jpg\"  title=\"OdpustMB (21)\" ><\/div><div class=\"thumbnail-overlay\"><div class=\"rbsTitle \">OdpustMB (21)<\/div><div class=\"rbsIcons\"><i class=\"fa fa-search-plus rbsZoomIcon \" ><\/i><\/div><\/div><\/div><\/div><div class=\"rbs-img  category2095 \" ><div class=\"rbs-img-image   rbs-lightbox \" ><div class=\"rbs-img-thumbs\"  data-thumbnail=\"https:\/\/parafia-chlewo.pl\/wp-content\/uploads\/2021\/10\/OdpustMB-22-1024x683.jpg\"  title=\"OdpustMB (22)\"  data-width=\"539\"  data-height=\"360\" ><\/div><div class=\"rbs-img-data-popup\"  data-popup=\"https:\/\/parafia-chlewo.pl\/wp-content\/uploads\/2021\/10\/OdpustMB-22.jpg\"  title=\"OdpustMB (22)\" ><\/div><div class=\"thumbnail-overlay\"><div class=\"rbsTitle \">OdpustMB (22)<\/div><div class=\"rbsIcons\"><i class=\"fa fa-search-plus rbsZoomIcon \" ><\/i><\/div><\/div><\/div><\/div><div class=\"rbs-img  category2095 \" ><div class=\"rbs-img-image   rbs-lightbox \" ><div class=\"rbs-img-thumbs\"  data-thumbnail=\"https:\/\/parafia-chlewo.pl\/wp-content\/uploads\/2021\/10\/OdpustMB-23-1024x683.jpg\"  title=\"OdpustMB (23)\"  data-width=\"539\"  data-height=\"360\" ><\/div><div class=\"rbs-img-data-popup\"  data-popup=\"https:\/\/parafia-chlewo.pl\/wp-content\/uploads\/2021\/10\/OdpustMB-23.jpg\"  title=\"OdpustMB (23)\" ><\/div><div class=\"thumbnail-overlay\"><div class=\"rbsTitle \">OdpustMB (23)<\/div><div class=\"rbsIcons\"><i class=\"fa fa-search-plus rbsZoomIcon \" ><\/i><\/div><\/div><\/div><\/div><div class=\"rbs-img  category2095 \" ><div class=\"rbs-img-image   rbs-lightbox \" ><div class=\"rbs-img-thumbs\"  data-thumbnail=\"https:\/\/parafia-chlewo.pl\/wp-content\/uploads\/2021\/10\/OdpustMB-24-1024x683.jpg\"  title=\"OdpustMB (24)\"  data-width=\"539\"  data-height=\"360\" ><\/div><div class=\"rbs-img-data-popup\"  data-popup=\"https:\/\/parafia-chlewo.pl\/wp-content\/uploads\/2021\/10\/OdpustMB-24.jpg\"  title=\"OdpustMB (24)\" ><\/div><div class=\"thumbnail-overlay\"><div class=\"rbsTitle \">OdpustMB (24)<\/div><div class=\"rbsIcons\"><i class=\"fa fa-search-plus rbsZoomIcon \" ><\/i><\/div><\/div><\/div><\/div><div class=\"rbs-img  category2095 \" ><div class=\"rbs-img-image   rbs-lightbox \" ><div class=\"rbs-img-thumbs\"  data-thumbnail=\"https:\/\/parafia-chlewo.pl\/wp-content\/uploads\/2021\/10\/OdpustMB-25-1024x683.jpg\"  title=\"OdpustMB (25)\"  data-width=\"539\"  data-height=\"360\" ><\/div><div class=\"rbs-img-data-popup\"  data-popup=\"https:\/\/parafia-chlewo.pl\/wp-content\/uploads\/2021\/10\/OdpustMB-25.jpg\"  title=\"OdpustMB (25)\" ><\/div><div class=\"thumbnail-overlay\"><div class=\"rbsTitle \">OdpustMB (25)<\/div><div class=\"rbsIcons\"><i class=\"fa fa-search-plus rbsZoomIcon \" ><\/i><\/div><\/div><\/div><\/div><div class=\"rbs-img  category2095 \" ><div class=\"rbs-img-image   rbs-lightbox \" ><div class=\"rbs-img-thumbs\"  data-thumbnail=\"https:\/\/parafia-chlewo.pl\/wp-content\/uploads\/2021\/10\/OdpustMB-26-1024x683.jpg\"  title=\"OdpustMB (26)\"  data-width=\"539\"  data-height=\"360\" ><\/div><div class=\"rbs-img-data-popup\"  data-popup=\"https:\/\/parafia-chlewo.pl\/wp-content\/uploads\/2021\/10\/OdpustMB-26.jpg\"  title=\"OdpustMB (26)\" ><\/div><div class=\"thumbnail-overlay\"><div class=\"rbsTitle \">OdpustMB (26)<\/div><div class=\"rbsIcons\"><i class=\"fa fa-search-plus rbsZoomIcon \" ><\/i><\/div><\/div><\/div><\/div><div class=\"rbs-img  category2095 \" ><div class=\"rbs-img-image   rbs-lightbox \" ><div class=\"rbs-img-thumbs\"  data-thumbnail=\"https:\/\/parafia-chlewo.pl\/wp-content\/uploads\/2021\/10\/OdpustMB-27-1024x683.jpg\"  title=\"OdpustMB (27)\"  data-width=\"539\"  data-height=\"360\" ><\/div><div class=\"rbs-img-data-popup\"  data-popup=\"https:\/\/parafia-chlewo.pl\/wp-content\/uploads\/2021\/10\/OdpustMB-27.jpg\"  title=\"OdpustMB (27)\" ><\/div><div class=\"thumbnail-overlay\"><div class=\"rbsTitle \">OdpustMB (27)<\/div><div class=\"rbsIcons\"><i class=\"fa fa-search-plus rbsZoomIcon \" ><\/i><\/div><\/div><\/div><\/div><div class=\"rbs-img  category2095 \" ><div class=\"rbs-img-image   rbs-lightbox \" ><div class=\"rbs-img-thumbs\"  data-thumbnail=\"https:\/\/parafia-chlewo.pl\/wp-content\/uploads\/2021\/10\/OdpustMB-28-1024x683.jpg\"  title=\"OdpustMB (28)\"  data-width=\"539\"  data-height=\"360\" ><\/div><div class=\"rbs-img-data-popup\"  data-popup=\"https:\/\/parafia-chlewo.pl\/wp-content\/uploads\/2021\/10\/OdpustMB-28.jpg\"  title=\"OdpustMB (28)\" ><\/div><div class=\"thumbnail-overlay\"><div class=\"rbsTitle \">OdpustMB (28)<\/div><div class=\"rbsIcons\"><i class=\"fa fa-search-plus rbsZoomIcon \" ><\/i><\/div><\/div><\/div><\/div><div class=\"rbs-img  category2095 \" ><div class=\"rbs-img-image   rbs-lightbox \" ><div class=\"rbs-img-thumbs\"  data-thumbnail=\"https:\/\/parafia-chlewo.pl\/wp-content\/uploads\/2021\/10\/OdpustMB-29-1024x683.jpg\"  title=\"OdpustMB (29)\"  data-width=\"539\"  data-height=\"360\" ><\/div><div class=\"rbs-img-data-popup\"  data-popup=\"https:\/\/parafia-chlewo.pl\/wp-content\/uploads\/2021\/10\/OdpustMB-29.jpg\"  title=\"OdpustMB (29)\" ><\/div><div class=\"thumbnail-overlay\"><div class=\"rbsTitle \">OdpustMB (29)<\/div><div class=\"rbsIcons\"><i class=\"fa fa-search-plus rbsZoomIcon \" ><\/i><\/div><\/div><\/div><\/div><div class=\"rbs-img  category2095 \" ><div class=\"rbs-img-image   rbs-lightbox \" ><div class=\"rbs-img-thumbs\"  data-thumbnail=\"https:\/\/parafia-chlewo.pl\/wp-content\/uploads\/2021\/10\/OdpustMB-30-1024x683.jpg\"  title=\"OdpustMB (30)\"  data-width=\"539\"  data-height=\"360\" ><\/div><div class=\"rbs-img-data-popup\"  data-popup=\"https:\/\/parafia-chlewo.pl\/wp-content\/uploads\/2021\/10\/OdpustMB-30.jpg\"  title=\"OdpustMB (30)\" ><\/div><div class=\"thumbnail-overlay\"><div class=\"rbsTitle \">OdpustMB (30)<\/div><div class=\"rbsIcons\"><i class=\"fa fa-search-plus rbsZoomIcon \" ><\/i><\/div><\/div><\/div><\/div><div class=\"rbs-img  category2095 \" ><div class=\"rbs-img-image   rbs-lightbox \" ><div class=\"rbs-img-thumbs\"  data-thumbnail=\"https:\/\/parafia-chlewo.pl\/wp-content\/uploads\/2021\/10\/OdpustMB-31-1024x683.jpg\"  title=\"OdpustMB (31)\"  data-width=\"539\"  data-height=\"360\" ><\/div><div class=\"rbs-img-data-popup\"  data-popup=\"https:\/\/parafia-chlewo.pl\/wp-content\/uploads\/2021\/10\/OdpustMB-31.jpg\"  title=\"OdpustMB (31)\" ><\/div><div class=\"thumbnail-overlay\"><div class=\"rbsTitle \">OdpustMB (31)<\/div><div class=\"rbsIcons\"><i class=\"fa fa-search-plus rbsZoomIcon \" ><\/i><\/div><\/div><\/div><\/div><div class=\"rbs-img  category2095 \" ><div class=\"rbs-img-image   rbs-lightbox \" ><div class=\"rbs-img-thumbs\"  data-thumbnail=\"https:\/\/parafia-chlewo.pl\/wp-content\/uploads\/2021\/10\/OdpustMB-32-1024x683.jpg\"  title=\"OdpustMB (32)\"  data-width=\"539\"  data-height=\"360\" ><\/div><div class=\"rbs-img-data-popup\"  data-popup=\"https:\/\/parafia-chlewo.pl\/wp-content\/uploads\/2021\/10\/OdpustMB-32.jpg\"  title=\"OdpustMB (32)\" ><\/div><div class=\"thumbnail-overlay\"><div class=\"rbsTitle \">OdpustMB (32)<\/div><div class=\"rbsIcons\"><i class=\"fa fa-search-plus rbsZoomIcon \" ><\/i><\/div><\/div><\/div><\/div><div class=\"rbs-img  category2095 \" ><div class=\"rbs-img-image   rbs-lightbox \" ><div class=\"rbs-img-thumbs\"  data-thumbnail=\"https:\/\/parafia-chlewo.pl\/wp-content\/uploads\/2021\/10\/OdpustMB-33-1024x683.jpg\"  title=\"OdpustMB (33)\"  data-width=\"539\"  data-height=\"360\" ><\/div><div class=\"rbs-img-data-popup\"  data-popup=\"https:\/\/parafia-chlewo.pl\/wp-content\/uploads\/2021\/10\/OdpustMB-33.jpg\"  title=\"OdpustMB (33)\" ><\/div><div class=\"thumbnail-overlay\"><div class=\"rbsTitle \">OdpustMB (33)<\/div><div class=\"rbsIcons\"><i class=\"fa fa-search-plus rbsZoomIcon \" ><\/i><\/div><\/div><\/div><\/div><div class=\"rbs-img  category2095 \" ><div class=\"rbs-img-image   rbs-lightbox \" ><div class=\"rbs-img-thumbs\"  data-thumbnail=\"https:\/\/parafia-chlewo.pl\/wp-content\/uploads\/2021\/10\/OdpustMB-34-1024x683.jpg\"  title=\"OdpustMB (34)\"  data-width=\"539\"  data-height=\"360\" ><\/div><div class=\"rbs-img-data-popup\"  data-popup=\"https:\/\/parafia-chlewo.pl\/wp-content\/uploads\/2021\/10\/OdpustMB-34.jpg\"  title=\"OdpustMB (34)\" ><\/div><div class=\"thumbnail-overlay\"><div class=\"rbsTitle \">OdpustMB (34)<\/div><div class=\"rbsIcons\"><i class=\"fa fa-search-plus rbsZoomIcon \" ><\/i><\/div><\/div><\/div><\/div><\/div><\/div><\/div><script>var rbs_gallery_69ff4150344f4 = {\"version\":\"5.0.3\",\"id\":2095,\"class\":\"id2095\",\"roboGalleryDelay\":1000,\"mainContainer\":\"#robo_gallery_main_block_rbs_gallery_69ff4150344f4\",\"loadingContainer\":\"#rbs_gallery_69ff4150344f4-block-loader\",\"loadingContainerObj\":\"rbs_gallery_69ff4150344f4-block-loader\",\"columnWidth\":\"auto\",\"columns\":3,\"resolutions\":[{\"columnWidth\":\"auto\",\"columns\":3,\"maxWidth\":960},{\"columnWidth\":\"auto\",\"columns\":2,\"maxWidth\":650},{\"columnWidth\":\"auto\",\"columns\":1,\"maxWidth\":450}],\"lightboxOptions\":{\"gallery\":{\"enabled\":true,\"tCounter\":\"%curr% of %total%\"}},\"overlayEffect\":\"direction-aware-fade\",\"boxesToLoadStart\":12,\"boxesToLoad\":8,\"waitUntilThumbLoads\":1,\"LoadingWord\":\"Loading...\",\"loadMoreWord\":\"Load More\",\"noMoreEntriesWord\":\"No More Entries\",\"horizontalSpaceBetweenBoxes\":15,\"verticalSpaceBetweenBoxes\":15,\"lazyLoad\":1,\"wrapContainer\":\"#robo-gallery-wrap-rbs_gallery_69ff4150344f4\"};<\/script>\n","protected":false},"excerpt":{"rendered":"","protected":false},"author":1,"featured_media":0,"parent":1530,"menu_order":0,"comment_status":"closed","ping_status":"closed","template":"","meta":{"footnotes":""},"class_list":["post-2140","page","type-page","status-publish","hentry"],"_links":{"self":[{"href":"https:\/\/parafia-chlewo.pl\/index.php?rest_route=\/wp\/v2\/pages\/2140","targetHints":{"allow":["GET"]}}],"collection":[{"href":"https:\/\/parafia-chlewo.pl\/index.php?rest_route=\/wp\/v2\/pages"}],"about":[{"href":"https:\/\/parafia-chlewo.pl\/index.php?rest_route=\/wp\/v2\/types\/page"}],"author":[{"embeddable":true,"href":"https:\/\/parafia-chlewo.pl\/index.php?rest_route=\/wp\/v2\/users\/1"}],"replies":[{"embeddable":true,"href":"https:\/\/parafia-chlewo.pl\/index.php?rest_route=%2Fwp%2Fv2%2Fcomments&post=2140"}],"version-history":[{"count":1,"href":"https:\/\/parafia-chlewo.pl\/index.php?rest_route=\/wp\/v2\/pages\/2140\/revisions"}],"predecessor-version":[{"id":2141,"href":"https:\/\/parafia-chlewo.pl\/index.php?rest_route=\/wp\/v2\/pages\/2140\/revisions\/2141"}],"up":[{"embeddable":true,"href":"https:\/\/parafia-chlewo.pl\/index.php?rest_route=\/wp\/v2\/pages\/1530"}],"wp:attachment":[{"href":"https:\/\/parafia-chlewo.pl\/index.php?rest_route=%2Fwp%2Fv2%2Fmedia&parent=2140"}],"curies":[{"name":"wp","href":"https:\/\/api.w.org\/{rel}","templated":true}]}}