{"id":1939,"date":"2021-07-18T19:52:33","date_gmt":"2021-07-18T17:52:33","guid":{"rendered":"https:\/\/parafia-chlewo.pl\/?page_id=1939"},"modified":"2021-07-18T20:01:40","modified_gmt":"2021-07-18T18:01:40","slug":"odpust-ku-czci-sw-malgorzaty-antiochenskiej-w-gaci","status":"publish","type":"page","link":"https:\/\/parafia-chlewo.pl\/?page_id=1939","title":{"rendered":"Odpust ku czci \u015bw. Ma\u0142gorzaty Antioche\u0144skiej w Gaci"},"content":{"rendered":"<style type=\"text\/css\" scoped>.rbs_gallery_69ff41d5d44b7Spinner{\r\n\t\t\t\tmargin: 50px auto;\r\n\t\t\t\twidth: 50px;\r\n\t\t\t\theight: 40px;\r\n\t\t\t\ttext-align: center;\r\n\t\t\t\tfont-size: 10px;\r\n\t\t\t}\r\n\t\t\t.rbs_gallery_69ff41d5d44b7Spinner > div{\r\n\t\t\t  background-color: #333;\r\n\t\t\t  height: 100%;\r\n\t\t\t  width: 6px;\r\n\t\t\t  display: inline-block;\r\n\t\t\t  -webkit-animation: rbs_gallery_69ff41d5d44b7-stretchdelay 1.2s infinite ease-in-out;\r\n\t\t\t  animation: rbs_gallery_69ff41d5d44b7-stretchdelay 1.2s infinite ease-in-out;\r\n\t\t\t}\r\n\t\t\t.rbs_gallery_69ff41d5d44b7Spinner .rbs_gallery_69ff41d5d44b7Rect2 {\r\n\t\t\t  -webkit-animation-delay: -1.1s;\r\n\t\t\t  animation-delay: -1.1s;\r\n\t\t\t}\r\n\t\t\t.rbs_gallery_69ff41d5d44b7Spinner .rbs_gallery_69ff41d5d44b7Rect3 {\r\n\t\t\t  -webkit-animation-delay: -1.0s;\r\n\t\t\t  animation-delay: -1.0s;\r\n\t\t\t}\r\n\t\t\t.rbs_gallery_69ff41d5d44b7Spinner .rbs_gallery_69ff41d5d44b7Rect4 {\r\n\t\t\t  -webkit-animation-delay: -0.9s;\r\n\t\t\t  animation-delay: -0.9s;\r\n\t\t\t}\r\n\t\t\t.rbs_gallery_69ff41d5d44b7Spinner .rbs_gallery_69ff41d5d44b7Rect5 {\r\n\t\t\t  -webkit-animation-delay: -0.8s;\r\n\t\t\t  animation-delay: -0.8s;\r\n\t\t\t}\r\n\t\t\t@-webkit-keyframes rbs_gallery_69ff41d5d44b7-stretchdelay {\r\n\t\t\t  0%, 40%, 100% { -webkit-transform: scaleY(0.4) }  \r\n\t\t\t  20% { -webkit-transform: scaleY(1.0) }\r\n\t\t\t}\r\n\t\t\t@keyframes rbs_gallery_69ff41d5d44b7-stretchdelay {\r\n\t\t\t  0%, 40%, 100% { \r\n\t\t\t    transform: scaleY(0.4);\r\n\t\t\t    -webkit-transform: scaleY(0.4);\r\n\t\t\t  }  20% { \r\n\t\t\t    transform: scaleY(1.0);\r\n\t\t\t    -webkit-transform: scaleY(1.0);\r\n\t\t\t  }\r\n\t\t\t}\r\n\t\t<\/style><div class=\"robo-gallery-wrap robo-gallery-wrap-id1926 robo-gallery-grid\" ><div id=\"rbs_gallery_69ff41d5d44b7-block-loader\" class=\"rbs_gallery_69ff41d5d44b7Spinner\"><div class=\"rbs_gallery_69ff41d5d44b7Rect1\"><\/div> <div class=\"rbs_gallery_69ff41d5d44b7Rect2\"><\/div> <div class=\"rbs_gallery_69ff41d5d44b7Rect3\"><\/div> <div class=\"rbs_gallery_69ff41d5d44b7Rect4\"><\/div> <div class=\"rbs_gallery_69ff41d5d44b7Rect5\"><\/div><\/div><div id=\"robo_gallery_main_block_rbs_gallery_69ff41d5d44b7\" class=\"robogallery-gallery-1926\" style=\"width:100%;  display: none;\"><div id=\"rbs_gallery_69ff41d5d44b7\" data-options=\"rbs_gallery_69ff41d5d44b7\" style=\"width:100%;\" class=\"robo_gallery  \"><div class=\"rbs-img  category1926 \" ><div class=\"rbs-img-image   rbs-lightbox \" ><div class=\"rbs-img-thumbs\"  data-thumbnail=\"https:\/\/parafia-chlewo.pl\/wp-content\/uploads\/2021\/07\/1-683x1024.jpg\"  title=\"1\"  data-width=\"539\"  data-height=\"808\" ><\/div><div class=\"rbs-img-data-popup\"  data-popup=\"https:\/\/parafia-chlewo.pl\/wp-content\/uploads\/2021\/07\/1.jpg\"  title=\"1\" ><\/div><div class=\"thumbnail-overlay\"><div class=\"rbsTitle \">1<\/div><div class=\"rbsIcons\"><i class=\"fa fa-search-plus rbsZoomIcon \" ><\/i><\/div><\/div><\/div><\/div><div class=\"rbs-img  category1926 \" ><div class=\"rbs-img-image   rbs-lightbox \" ><div class=\"rbs-img-thumbs\"  data-thumbnail=\"https:\/\/parafia-chlewo.pl\/wp-content\/uploads\/2021\/07\/2-1024x683.jpg\"  title=\"2\"  data-width=\"539\"  data-height=\"360\" ><\/div><div class=\"rbs-img-data-popup\"  data-popup=\"https:\/\/parafia-chlewo.pl\/wp-content\/uploads\/2021\/07\/2.jpg\"  title=\"2\" ><\/div><div class=\"thumbnail-overlay\"><div class=\"rbsTitle \">2<\/div><div class=\"rbsIcons\"><i class=\"fa fa-search-plus rbsZoomIcon \" ><\/i><\/div><\/div><\/div><\/div><div class=\"rbs-img  category1926 \" ><div class=\"rbs-img-image   rbs-lightbox \" ><div class=\"rbs-img-thumbs\"  data-thumbnail=\"https:\/\/parafia-chlewo.pl\/wp-content\/uploads\/2021\/07\/3-1024x683.jpg\"  title=\"3\"  data-width=\"539\"  data-height=\"360\" ><\/div><div class=\"rbs-img-data-popup\"  data-popup=\"https:\/\/parafia-chlewo.pl\/wp-content\/uploads\/2021\/07\/3.jpg\"  title=\"3\" ><\/div><div class=\"thumbnail-overlay\"><div class=\"rbsTitle \">3<\/div><div class=\"rbsIcons\"><i class=\"fa fa-search-plus rbsZoomIcon \" ><\/i><\/div><\/div><\/div><\/div><div class=\"rbs-img  category1926 \" ><div class=\"rbs-img-image   rbs-lightbox \" ><div class=\"rbs-img-thumbs\"  data-thumbnail=\"https:\/\/parafia-chlewo.pl\/wp-content\/uploads\/2021\/07\/4-1024x683.jpg\"  title=\"4\"  data-width=\"539\"  data-height=\"360\" ><\/div><div class=\"rbs-img-data-popup\"  data-popup=\"https:\/\/parafia-chlewo.pl\/wp-content\/uploads\/2021\/07\/4.jpg\"  title=\"4\" ><\/div><div class=\"thumbnail-overlay\"><div class=\"rbsTitle \">4<\/div><div class=\"rbsIcons\"><i class=\"fa fa-search-plus rbsZoomIcon \" ><\/i><\/div><\/div><\/div><\/div><div class=\"rbs-img  category1926 \" ><div class=\"rbs-img-image   rbs-lightbox \" ><div class=\"rbs-img-thumbs\"  data-thumbnail=\"https:\/\/parafia-chlewo.pl\/wp-content\/uploads\/2021\/07\/5-1024x683.jpg\"  title=\"5\"  data-width=\"539\"  data-height=\"360\" ><\/div><div class=\"rbs-img-data-popup\"  data-popup=\"https:\/\/parafia-chlewo.pl\/wp-content\/uploads\/2021\/07\/5.jpg\"  title=\"5\" ><\/div><div class=\"thumbnail-overlay\"><div class=\"rbsTitle \">5<\/div><div class=\"rbsIcons\"><i class=\"fa fa-search-plus rbsZoomIcon \" ><\/i><\/div><\/div><\/div><\/div><div class=\"rbs-img  category1926 \" ><div class=\"rbs-img-image   rbs-lightbox \" ><div class=\"rbs-img-thumbs\"  data-thumbnail=\"https:\/\/parafia-chlewo.pl\/wp-content\/uploads\/2021\/07\/6-1024x683.jpg\"  title=\"6\"  data-width=\"539\"  data-height=\"360\" ><\/div><div class=\"rbs-img-data-popup\"  data-popup=\"https:\/\/parafia-chlewo.pl\/wp-content\/uploads\/2021\/07\/6.jpg\"  title=\"6\" ><\/div><div class=\"thumbnail-overlay\"><div class=\"rbsTitle \">6<\/div><div class=\"rbsIcons\"><i class=\"fa fa-search-plus rbsZoomIcon \" ><\/i><\/div><\/div><\/div><\/div><div class=\"rbs-img  category1926 \" ><div class=\"rbs-img-image   rbs-lightbox \" ><div class=\"rbs-img-thumbs\"  data-thumbnail=\"https:\/\/parafia-chlewo.pl\/wp-content\/uploads\/2021\/07\/7-1024x683.jpg\"  title=\"7\"  data-width=\"539\"  data-height=\"360\" ><\/div><div class=\"rbs-img-data-popup\"  data-popup=\"https:\/\/parafia-chlewo.pl\/wp-content\/uploads\/2021\/07\/7.jpg\"  title=\"7\" ><\/div><div class=\"thumbnail-overlay\"><div class=\"rbsTitle \">7<\/div><div class=\"rbsIcons\"><i class=\"fa fa-search-plus rbsZoomIcon \" ><\/i><\/div><\/div><\/div><\/div><div class=\"rbs-img  category1926 \" ><div class=\"rbs-img-image   rbs-lightbox \" ><div class=\"rbs-img-thumbs\"  data-thumbnail=\"https:\/\/parafia-chlewo.pl\/wp-content\/uploads\/2021\/07\/8-1024x683.jpg\"  title=\"8\"  data-width=\"539\"  data-height=\"360\" ><\/div><div class=\"rbs-img-data-popup\"  data-popup=\"https:\/\/parafia-chlewo.pl\/wp-content\/uploads\/2021\/07\/8.jpg\"  title=\"8\" ><\/div><div class=\"thumbnail-overlay\"><div class=\"rbsTitle \">8<\/div><div class=\"rbsIcons\"><i class=\"fa fa-search-plus rbsZoomIcon \" ><\/i><\/div><\/div><\/div><\/div><div class=\"rbs-img  category1926 \" ><div class=\"rbs-img-image   rbs-lightbox \" ><div class=\"rbs-img-thumbs\"  data-thumbnail=\"https:\/\/parafia-chlewo.pl\/wp-content\/uploads\/2021\/07\/9-1024x683.jpg\"  title=\"9\"  data-width=\"539\"  data-height=\"360\" ><\/div><div class=\"rbs-img-data-popup\"  data-popup=\"https:\/\/parafia-chlewo.pl\/wp-content\/uploads\/2021\/07\/9.jpg\"  title=\"9\" ><\/div><div class=\"thumbnail-overlay\"><div class=\"rbsTitle \">9<\/div><div class=\"rbsIcons\"><i class=\"fa fa-search-plus rbsZoomIcon \" ><\/i><\/div><\/div><\/div><\/div><div class=\"rbs-img  category1926 \" ><div class=\"rbs-img-image   rbs-lightbox \" ><div class=\"rbs-img-thumbs\"  data-thumbnail=\"https:\/\/parafia-chlewo.pl\/wp-content\/uploads\/2021\/07\/9a-1024x683.jpg\"  title=\"9a\"  data-width=\"539\"  data-height=\"360\" ><\/div><div class=\"rbs-img-data-popup\"  data-popup=\"https:\/\/parafia-chlewo.pl\/wp-content\/uploads\/2021\/07\/9a.jpg\"  title=\"9a\" ><\/div><div class=\"thumbnail-overlay\"><div class=\"rbsTitle \">9a<\/div><div class=\"rbsIcons\"><i class=\"fa fa-search-plus rbsZoomIcon \" ><\/i><\/div><\/div><\/div><\/div><\/div><\/div><\/div><script>var rbs_gallery_69ff41d5d44b7 = {\"version\":\"5.0.3\",\"id\":1926,\"class\":\"id1926\",\"roboGalleryDelay\":1000,\"mainContainer\":\"#robo_gallery_main_block_rbs_gallery_69ff41d5d44b7\",\"loadingContainer\":\"#rbs_gallery_69ff41d5d44b7-block-loader\",\"loadingContainerObj\":\"rbs_gallery_69ff41d5d44b7-block-loader\",\"columnWidth\":\"auto\",\"columns\":3,\"resolutions\":[{\"columnWidth\":\"auto\",\"columns\":3,\"maxWidth\":960},{\"columnWidth\":\"auto\",\"columns\":2,\"maxWidth\":650},{\"columnWidth\":\"auto\",\"columns\":1,\"maxWidth\":450}],\"lightboxOptions\":{\"gallery\":{\"enabled\":true,\"tCounter\":\"%curr% of %total%\"}},\"overlayEffect\":\"direction-aware-fade\",\"boxesToLoadStart\":12,\"boxesToLoad\":8,\"waitUntilThumbLoads\":1,\"LoadingWord\":\"Loading...\",\"loadMoreWord\":\"Load More\",\"noMoreEntriesWord\":\"No More Entries\",\"horizontalSpaceBetweenBoxes\":15,\"verticalSpaceBetweenBoxes\":15,\"lazyLoad\":1,\"wrapContainer\":\"#robo-gallery-wrap-rbs_gallery_69ff41d5d44b7\"};<\/script>\n","protected":false},"excerpt":{"rendered":"","protected":false},"author":1,"featured_media":0,"parent":1530,"menu_order":0,"comment_status":"closed","ping_status":"closed","template":"","meta":{"footnotes":""},"class_list":["post-1939","page","type-page","status-publish","hentry"],"_links":{"self":[{"href":"https:\/\/parafia-chlewo.pl\/index.php?rest_route=\/wp\/v2\/pages\/1939","targetHints":{"allow":["GET"]}}],"collection":[{"href":"https:\/\/parafia-chlewo.pl\/index.php?rest_route=\/wp\/v2\/pages"}],"about":[{"href":"https:\/\/parafia-chlewo.pl\/index.php?rest_route=\/wp\/v2\/types\/page"}],"author":[{"embeddable":true,"href":"https:\/\/parafia-chlewo.pl\/index.php?rest_route=\/wp\/v2\/users\/1"}],"replies":[{"embeddable":true,"href":"https:\/\/parafia-chlewo.pl\/index.php?rest_route=%2Fwp%2Fv2%2Fcomments&post=1939"}],"version-history":[{"count":1,"href":"https:\/\/parafia-chlewo.pl\/index.php?rest_route=\/wp\/v2\/pages\/1939\/revisions"}],"predecessor-version":[{"id":1940,"href":"https:\/\/parafia-chlewo.pl\/index.php?rest_route=\/wp\/v2\/pages\/1939\/revisions\/1940"}],"up":[{"embeddable":true,"href":"https:\/\/parafia-chlewo.pl\/index.php?rest_route=\/wp\/v2\/pages\/1530"}],"wp:attachment":[{"href":"https:\/\/parafia-chlewo.pl\/index.php?rest_route=%2Fwp%2Fv2%2Fmedia&parent=1939"}],"curies":[{"name":"wp","href":"https:\/\/api.w.org\/{rel}","templated":true}]}}