{"id":1659,"date":"2021-04-03T18:41:26","date_gmt":"2021-04-03T16:41:26","guid":{"rendered":"https:\/\/parafia-chlewo.pl\/?page_id=1659"},"modified":"2021-04-03T18:47:33","modified_gmt":"2021-04-03T16:47:33","slug":"dekoracja-grobu-panskiego-2021","status":"publish","type":"page","link":"https:\/\/parafia-chlewo.pl\/?page_id=1659","title":{"rendered":"Dekoracja Grobu Pa\u0144skiego -&#8222;Ojcze w Twoje r\u0119ce sk\u0142adam moje \u017cycie&#8221;."},"content":{"rendered":"<style type=\"text\/css\" scoped>.rbs_gallery_69ff41092a00eSpinner{\r\n\t\t\t\tmargin: 50px auto;\r\n\t\t\t\twidth: 50px;\r\n\t\t\t\theight: 40px;\r\n\t\t\t\ttext-align: center;\r\n\t\t\t\tfont-size: 10px;\r\n\t\t\t}\r\n\t\t\t.rbs_gallery_69ff41092a00eSpinner > div{\r\n\t\t\t  background-color: #333;\r\n\t\t\t  height: 100%;\r\n\t\t\t  width: 6px;\r\n\t\t\t  display: inline-block;\r\n\t\t\t  -webkit-animation: rbs_gallery_69ff41092a00e-stretchdelay 1.2s infinite ease-in-out;\r\n\t\t\t  animation: rbs_gallery_69ff41092a00e-stretchdelay 1.2s infinite ease-in-out;\r\n\t\t\t}\r\n\t\t\t.rbs_gallery_69ff41092a00eSpinner .rbs_gallery_69ff41092a00eRect2 {\r\n\t\t\t  -webkit-animation-delay: -1.1s;\r\n\t\t\t  animation-delay: -1.1s;\r\n\t\t\t}\r\n\t\t\t.rbs_gallery_69ff41092a00eSpinner .rbs_gallery_69ff41092a00eRect3 {\r\n\t\t\t  -webkit-animation-delay: -1.0s;\r\n\t\t\t  animation-delay: -1.0s;\r\n\t\t\t}\r\n\t\t\t.rbs_gallery_69ff41092a00eSpinner .rbs_gallery_69ff41092a00eRect4 {\r\n\t\t\t  -webkit-animation-delay: -0.9s;\r\n\t\t\t  animation-delay: -0.9s;\r\n\t\t\t}\r\n\t\t\t.rbs_gallery_69ff41092a00eSpinner .rbs_gallery_69ff41092a00eRect5 {\r\n\t\t\t  -webkit-animation-delay: -0.8s;\r\n\t\t\t  animation-delay: -0.8s;\r\n\t\t\t}\r\n\t\t\t@-webkit-keyframes rbs_gallery_69ff41092a00e-stretchdelay {\r\n\t\t\t  0%, 40%, 100% { -webkit-transform: scaleY(0.4) }  \r\n\t\t\t  20% { -webkit-transform: scaleY(1.0) }\r\n\t\t\t}\r\n\t\t\t@keyframes rbs_gallery_69ff41092a00e-stretchdelay {\r\n\t\t\t  0%, 40%, 100% { \r\n\t\t\t    transform: scaleY(0.4);\r\n\t\t\t    -webkit-transform: scaleY(0.4);\r\n\t\t\t  }  20% { \r\n\t\t\t    transform: scaleY(1.0);\r\n\t\t\t    -webkit-transform: scaleY(1.0);\r\n\t\t\t  }\r\n\t\t\t}\r\n\t\t<\/style><div class=\"robo-gallery-wrap robo-gallery-wrap-id1644 robo-gallery-mosaic\" ><div id=\"rbs_gallery_69ff41092a00e-block-loader\" class=\"rbs_gallery_69ff41092a00eSpinner\"><div class=\"rbs_gallery_69ff41092a00eRect1\"><\/div> <div class=\"rbs_gallery_69ff41092a00eRect2\"><\/div> <div class=\"rbs_gallery_69ff41092a00eRect3\"><\/div> <div class=\"rbs_gallery_69ff41092a00eRect4\"><\/div> <div class=\"rbs_gallery_69ff41092a00eRect5\"><\/div><\/div><div id=\"robo_gallery_main_block_rbs_gallery_69ff41092a00e\" class=\"robogallery-gallery-1644\" style=\"width:100%;  display: none;\"><div id=\"rbs_gallery_69ff41092a00e\" data-options=\"rbs_gallery_69ff41092a00e\" style=\"width:100%;\" class=\"robo_gallery  \"><div class=\"rbs-img  category1644 \"  data-columns=\"4\" ><div class=\"rbs-img-image   rbs-lightbox \" ><div class=\"rbs-img-thumbs\"  data-thumbnail=\"https:\/\/parafia-chlewo.pl\/wp-content\/uploads\/2021\/04\/Grob-Panski-2021-1-672x1024.jpg\"  title=\"Gr\u00f3b Pa\u0144ski 2021 (1)\"  data-width=\"539\"  data-height=\"821\" ><\/div><div class=\"rbs-img-data-popup\"  data-popup=\"https:\/\/parafia-chlewo.pl\/wp-content\/uploads\/2021\/04\/Grob-Panski-2021-1.jpg\"  title=\"Gr\u00f3b Pa\u0144ski 2021 (1)\" ><\/div><div class=\"thumbnail-overlay\"><div class=\"rbsIcons\"><i class=\"fa fa-image rbsZoomIcon \" ><\/i><\/div><\/div><\/div><\/div><div class=\"rbs-img  category1644 \" ><div class=\"rbs-img-image   rbs-lightbox \" ><div class=\"rbs-img-thumbs\"  data-thumbnail=\"https:\/\/parafia-chlewo.pl\/wp-content\/uploads\/2021\/04\/Grob-Panski-2021-2-1024x683.jpg\"  title=\"Gr\u00f3b Pa\u0144ski 2021 (2)\"  data-width=\"539\"  data-height=\"360\" ><\/div><div class=\"rbs-img-data-popup\"  data-popup=\"https:\/\/parafia-chlewo.pl\/wp-content\/uploads\/2021\/04\/Grob-Panski-2021-2.jpg\"  title=\"Gr\u00f3b Pa\u0144ski 2021 (2)\" ><\/div><div class=\"thumbnail-overlay\"><div class=\"rbsIcons\"><i class=\"fa fa-image rbsZoomIcon \" ><\/i><\/div><\/div><\/div><\/div><div class=\"rbs-img  category1644 \" ><div class=\"rbs-img-image   rbs-lightbox \" ><div class=\"rbs-img-thumbs\"  data-thumbnail=\"https:\/\/parafia-chlewo.pl\/wp-content\/uploads\/2021\/04\/Grob-Panski-2021-3-1024x869.jpg\"  title=\"Gr\u00f3b Pa\u0144ski 2021 (3)\"  data-width=\"539\"  data-height=\"457\" ><\/div><div class=\"rbs-img-data-popup\"  data-popup=\"https:\/\/parafia-chlewo.pl\/wp-content\/uploads\/2021\/04\/Grob-Panski-2021-3.jpg\"  title=\"Gr\u00f3b Pa\u0144ski 2021 (3)\" ><\/div><div class=\"thumbnail-overlay\"><div class=\"rbsIcons\"><i class=\"fa fa-image rbsZoomIcon \" ><\/i><\/div><\/div><\/div><\/div><div class=\"rbs-img  category1644 \" ><div class=\"rbs-img-image   rbs-lightbox \" ><div class=\"rbs-img-thumbs\"  data-thumbnail=\"https:\/\/parafia-chlewo.pl\/wp-content\/uploads\/2021\/04\/Grob-Panski-2021-4-1024x735.jpg\"  title=\"Gr\u00f3b Pa\u0144ski 2021 (4)\"  data-width=\"539\"  data-height=\"387\" ><\/div><div class=\"rbs-img-data-popup\"  data-popup=\"https:\/\/parafia-chlewo.pl\/wp-content\/uploads\/2021\/04\/Grob-Panski-2021-4.jpg\"  title=\"Gr\u00f3b Pa\u0144ski 2021 (4)\" ><\/div><div class=\"thumbnail-overlay\"><div class=\"rbsIcons\"><i class=\"fa fa-image rbsZoomIcon \" ><\/i><\/div><\/div><\/div><\/div><div class=\"rbs-img  category1644 \"  data-columns=\"3\" ><div class=\"rbs-img-image   rbs-lightbox \" ><div class=\"rbs-img-thumbs\"  data-thumbnail=\"https:\/\/parafia-chlewo.pl\/wp-content\/uploads\/2021\/04\/Grob-Panski-2021-5-1024x668.jpg\"  title=\"Gr\u00f3b Pa\u0144ski 2021 (5)\"  data-width=\"539\"  data-height=\"352\" ><\/div><div class=\"rbs-img-data-popup\"  data-popup=\"https:\/\/parafia-chlewo.pl\/wp-content\/uploads\/2021\/04\/Grob-Panski-2021-5.jpg\"  title=\"Gr\u00f3b Pa\u0144ski 2021 (5)\" ><\/div><div class=\"thumbnail-overlay\"><div class=\"rbsIcons\"><i class=\"fa fa-image rbsZoomIcon \" ><\/i><\/div><\/div><\/div><\/div><div class=\"rbs-img  category1644 \" ><div class=\"rbs-img-image   rbs-lightbox \" ><div class=\"rbs-img-thumbs\"  data-thumbnail=\"https:\/\/parafia-chlewo.pl\/wp-content\/uploads\/2021\/04\/Grob-Panski-2021-6-1024x659.jpg\"  title=\"Gr\u00f3b Pa\u0144ski 2021 (6)\"  data-width=\"539\"  data-height=\"347\" ><\/div><div class=\"rbs-img-data-popup\"  data-popup=\"https:\/\/parafia-chlewo.pl\/wp-content\/uploads\/2021\/04\/Grob-Panski-2021-6.jpg\"  title=\"Gr\u00f3b Pa\u0144ski 2021 (6)\" ><\/div><div class=\"thumbnail-overlay\"><div class=\"rbsIcons\"><i class=\"fa fa-image rbsZoomIcon \" ><\/i><\/div><\/div><\/div><\/div><div class=\"rbs-img  category1644 \" ><div class=\"rbs-img-image   rbs-lightbox \" ><div class=\"rbs-img-thumbs\"  data-thumbnail=\"https:\/\/parafia-chlewo.pl\/wp-content\/uploads\/2021\/04\/Grob-Panski-2021-7-1024x686.jpg\"  title=\"Gr\u00f3b Pa\u0144ski 2021 (7)\"  data-width=\"539\"  data-height=\"361\" ><\/div><div class=\"rbs-img-data-popup\"  data-popup=\"https:\/\/parafia-chlewo.pl\/wp-content\/uploads\/2021\/04\/Grob-Panski-2021-7.jpg\"  title=\"Gr\u00f3b Pa\u0144ski 2021 (7)\" ><\/div><div class=\"thumbnail-overlay\"><div class=\"rbsIcons\"><i class=\"fa fa-image rbsZoomIcon \" ><\/i><\/div><\/div><\/div><\/div><div class=\"rbs-img  category1644 \" ><div class=\"rbs-img-image   rbs-lightbox \" ><div class=\"rbs-img-thumbs\"  data-thumbnail=\"https:\/\/parafia-chlewo.pl\/wp-content\/uploads\/2021\/04\/Grob-Panski-2021-8-1024x683.jpg\"  title=\"Gr\u00f3b Pa\u0144ski 2021 (8)\"  data-width=\"539\"  data-height=\"360\" ><\/div><div class=\"rbs-img-data-popup\"  data-popup=\"https:\/\/parafia-chlewo.pl\/wp-content\/uploads\/2021\/04\/Grob-Panski-2021-8.jpg\"  title=\"Gr\u00f3b Pa\u0144ski 2021 (8)\" ><\/div><div class=\"thumbnail-overlay\"><div class=\"rbsIcons\"><i class=\"fa fa-image rbsZoomIcon \" ><\/i><\/div><\/div><\/div><\/div><div class=\"rbs-img  category1644 \" ><div class=\"rbs-img-image   rbs-lightbox \" ><div class=\"rbs-img-thumbs\"  data-thumbnail=\"https:\/\/parafia-chlewo.pl\/wp-content\/uploads\/2021\/04\/Grob-Panski-2021-9-1024x683.jpg\"  title=\"Gr\u00f3b Pa\u0144ski 2021 (9)\"  data-width=\"539\"  data-height=\"360\" ><\/div><div class=\"rbs-img-data-popup\"  data-popup=\"https:\/\/parafia-chlewo.pl\/wp-content\/uploads\/2021\/04\/Grob-Panski-2021-9.jpg\"  title=\"Gr\u00f3b Pa\u0144ski 2021 (9)\" ><\/div><div class=\"thumbnail-overlay\"><div class=\"rbsIcons\"><i class=\"fa fa-image rbsZoomIcon \" ><\/i><\/div><\/div><\/div><\/div><div class=\"rbs-img  category1644 \"  data-columns=\"2\" ><div class=\"rbs-img-image   rbs-lightbox \" ><div class=\"rbs-img-thumbs\"  data-thumbnail=\"https:\/\/parafia-chlewo.pl\/wp-content\/uploads\/2021\/04\/Grob-Panski-2021-10-1024x683.jpg\"  title=\"Gr\u00f3b Pa\u0144ski 2021 (10)\"  data-width=\"539\"  data-height=\"360\" ><\/div><div class=\"rbs-img-data-popup\"  data-popup=\"https:\/\/parafia-chlewo.pl\/wp-content\/uploads\/2021\/04\/Grob-Panski-2021-10.jpg\"  title=\"Gr\u00f3b Pa\u0144ski 2021 (10)\" ><\/div><div class=\"thumbnail-overlay\"><div class=\"rbsIcons\"><i class=\"fa fa-image rbsZoomIcon \" ><\/i><\/div><\/div><\/div><\/div><div class=\"rbs-img  category1644 \" ><div class=\"rbs-img-image   rbs-lightbox \" ><div class=\"rbs-img-thumbs\"  data-thumbnail=\"https:\/\/parafia-chlewo.pl\/wp-content\/uploads\/2021\/04\/Grob-Panski-2021-11-1024x683.jpg\"  title=\"Gr\u00f3b Pa\u0144ski 2021 (11)\"  data-width=\"539\"  data-height=\"360\" ><\/div><div class=\"rbs-img-data-popup\"  data-popup=\"https:\/\/parafia-chlewo.pl\/wp-content\/uploads\/2021\/04\/Grob-Panski-2021-11.jpg\"  title=\"Gr\u00f3b Pa\u0144ski 2021 (11)\" ><\/div><div class=\"thumbnail-overlay\"><div class=\"rbsIcons\"><i class=\"fa fa-image rbsZoomIcon \" ><\/i><\/div><\/div><\/div><\/div><div class=\"rbs-img  category1644 \" ><div class=\"rbs-img-image   rbs-lightbox \" ><div class=\"rbs-img-thumbs\"  data-thumbnail=\"https:\/\/parafia-chlewo.pl\/wp-content\/uploads\/2021\/04\/Grob-Panski-2021-12-1024x624.jpg\"  title=\"Gr\u00f3b Pa\u0144ski 2021 (12)\"  data-width=\"539\"  data-height=\"328\" ><\/div><div class=\"rbs-img-data-popup\"  data-popup=\"https:\/\/parafia-chlewo.pl\/wp-content\/uploads\/2021\/04\/Grob-Panski-2021-12.jpg\"  title=\"Gr\u00f3b Pa\u0144ski 2021 (12)\" ><\/div><div class=\"thumbnail-overlay\"><div class=\"rbsIcons\"><i class=\"fa fa-image rbsZoomIcon \" ><\/i><\/div><\/div><\/div><\/div><div class=\"rbs-img  category1644 \"  data-columns=\"4\" ><div class=\"rbs-img-image   rbs-lightbox \" ><div class=\"rbs-img-thumbs\"  data-thumbnail=\"https:\/\/parafia-chlewo.pl\/wp-content\/uploads\/2021\/04\/Grob-Panski-2021-13-1024x760.jpg\"  title=\"Gr\u00f3b Pa\u0144ski 2021 (13)\"  data-width=\"539\"  data-height=\"400\" ><\/div><div class=\"rbs-img-data-popup\"  data-popup=\"https:\/\/parafia-chlewo.pl\/wp-content\/uploads\/2021\/04\/Grob-Panski-2021-13.jpg\"  title=\"Gr\u00f3b Pa\u0144ski 2021 (13)\" ><\/div><div class=\"thumbnail-overlay\"><div class=\"rbsIcons\"><i class=\"fa fa-image rbsZoomIcon \" ><\/i><\/div><\/div><\/div><\/div><div class=\"rbs-img  category1644 \" ><div class=\"rbs-img-image   rbs-lightbox \" ><div class=\"rbs-img-thumbs\"  data-thumbnail=\"https:\/\/parafia-chlewo.pl\/wp-content\/uploads\/2021\/04\/Grob-Panski-2021-14-1024x643.jpg\"  title=\"Gr\u00f3b Pa\u0144ski 2021 (14)\"  data-width=\"539\"  data-height=\"338\" ><\/div><div class=\"rbs-img-data-popup\"  data-popup=\"https:\/\/parafia-chlewo.pl\/wp-content\/uploads\/2021\/04\/Grob-Panski-2021-14.jpg\"  title=\"Gr\u00f3b Pa\u0144ski 2021 (14)\" ><\/div><div class=\"thumbnail-overlay\"><div class=\"rbsIcons\"><i class=\"fa fa-image rbsZoomIcon \" ><\/i><\/div><\/div><\/div><\/div><\/div><\/div><\/div><script>var rbs_gallery_69ff41092a00e = {\"version\":\"5.0.3\",\"id\":1644,\"class\":\"id1644\",\"roboGalleryDelay\":1000,\"mainContainer\":\"#robo_gallery_main_block_rbs_gallery_69ff41092a00e\",\"loadingContainer\":\"#rbs_gallery_69ff41092a00e-block-loader\",\"loadingContainerObj\":\"rbs_gallery_69ff41092a00e-block-loader\",\"columnWidth\":\"auto\",\"columns\":8,\"resolutions\":[{\"columnWidth\":\"auto\",\"columns\":3,\"maxWidth\":960},{\"columnWidth\":\"auto\",\"columns\":2,\"maxWidth\":650},{\"columnWidth\":\"auto\",\"columns\":1,\"maxWidth\":450}],\"lightboxOptions\":{\"gallery\":{\"enabled\":true,\"tCounter\":\"%curr% of %total%\"}},\"borderSize\":5,\"overlayEffect\":\"direction-aware-fade\",\"boxesToLoadStart\":20,\"boxesToLoad\":8,\"waitUntilThumbLoads\":1,\"LoadingWord\":\"Loading...\",\"loadMoreWord\":\"Load More\",\"noMoreEntriesWord\":\"No More Entries\",\"horizontalSpaceBetweenBoxes\":15,\"verticalSpaceBetweenBoxes\":15,\"lazyLoad\":1,\"wrapContainer\":\"#robo-gallery-wrap-rbs_gallery_69ff41092a00e\"};<\/script>\n","protected":false},"excerpt":{"rendered":"","protected":false},"author":1,"featured_media":0,"parent":0,"menu_order":0,"comment_status":"closed","ping_status":"closed","template":"","meta":{"footnotes":""},"class_list":["post-1659","page","type-page","status-publish","hentry"],"_links":{"self":[{"href":"https:\/\/parafia-chlewo.pl\/index.php?rest_route=\/wp\/v2\/pages\/1659","targetHints":{"allow":["GET"]}}],"collection":[{"href":"https:\/\/parafia-chlewo.pl\/index.php?rest_route=\/wp\/v2\/pages"}],"about":[{"href":"https:\/\/parafia-chlewo.pl\/index.php?rest_route=\/wp\/v2\/types\/page"}],"author":[{"embeddable":true,"href":"https:\/\/parafia-chlewo.pl\/index.php?rest_route=\/wp\/v2\/users\/1"}],"replies":[{"embeddable":true,"href":"https:\/\/parafia-chlewo.pl\/index.php?rest_route=%2Fwp%2Fv2%2Fcomments&post=1659"}],"version-history":[{"count":2,"href":"https:\/\/parafia-chlewo.pl\/index.php?rest_route=\/wp\/v2\/pages\/1659\/revisions"}],"predecessor-version":[{"id":1664,"href":"https:\/\/parafia-chlewo.pl\/index.php?rest_route=\/wp\/v2\/pages\/1659\/revisions\/1664"}],"wp:attachment":[{"href":"https:\/\/parafia-chlewo.pl\/index.php?rest_route=%2Fwp%2Fv2%2Fmedia&parent=1659"}],"curies":[{"name":"wp","href":"https:\/\/api.w.org\/{rel}","templated":true}]}}