{"id":1530,"date":"2021-02-06T21:26:23","date_gmt":"2021-02-06T20:26:23","guid":{"rendered":"https:\/\/parafia-chlewo.pl\/?page_id=1530"},"modified":"2021-10-17T20:42:59","modified_gmt":"2021-10-17T18:42:59","slug":"galeria-roku-2021","status":"publish","type":"page","link":"https:\/\/parafia-chlewo.pl\/?page_id=1530","title":{"rendered":"Galeria roku 2021"},"content":{"rendered":"<h4><span style=\"color: #800000;\"><a style=\"color: #800000;\" href=\"https:\/\/parafia-chlewo.pl\/?page_id=1532\" target=\"_blank\" rel=\"noopener\">Relacja z wizyty Proboszcza na najwy\u017cszym poziomie<\/a><\/span><\/h4>\n<h4><span style=\"color: #800000;\"><a style=\"color: #800000;\" href=\"https:\/\/parafia-chlewo.pl\/?page_id=1563\" target=\"_blank\" rel=\"noopener\">Wielki Post &#8211; dekoracja ko\u015bcio\u0142a i nowe obrusy na o\u0142tarze<\/a><\/span><\/h4>\n<h4><span style=\"color: #800000;\"><a style=\"color: #800000;\" href=\"https:\/\/parafia-chlewo.pl\/?page_id=1610\" target=\"_blank\" rel=\"noopener\">Renowacja klawiatury organ\u00f3w w ko\u015bciele w Chlewie<\/a><\/span><\/h4>\n<h4><span style=\"color: #800000;\"><a style=\"color: #800000;\" href=\"https:\/\/parafia-chlewo.pl\/?page_id=1659\" target=\"_blank\" rel=\"noopener\">Dekoracja Grobu Pa\u0144skiego<\/a><\/span><\/h4>\n<h4><a href=\"https:\/\/parafia-chlewo.pl\/?page_id=1870\"><span style=\"color: #800000;\">Pierwsza Komunia \u015awi\u0119ta\u00a0<\/span><\/a><\/h4>\n<h4><a href=\"https:\/\/parafia-chlewo.pl\/?page_id=1872\"><span style=\"color: #800000;\">Uroczysto\u015b\u0107 Bo\u017cego Cia\u0142a<\/span><\/a><\/h4>\n<h4><span style=\"color: #800000;\"><a style=\"color: #800000;\" href=\"https:\/\/parafia-chlewo.pl\/?page_id=1937\">Odpust ku czci \u015bw. Benedykta Opata w Chlewie<\/a><\/span><\/h4>\n<h4><span style=\"color: #800000;\"><a style=\"color: #800000;\" href=\"https:\/\/parafia-chlewo.pl\/?page_id=1939\">Odpust ku czci \u015bw. Ma\u0142gorzaty Antioche\u0144skiej w Gaci<\/a><\/span><\/h4>\n<h4><span style=\"color: #800000;\"><a style=\"color: #800000;\" href=\"https:\/\/parafia-chlewo.pl\/?page_id=2131\" target=\"_blank\" rel=\"noopener\">Nasi parafianie pielgrzymuj\u0105 pieszo na Jasn\u0105 G\u00f3r\u0119<\/a><\/span><\/h4>\n<h4><span style=\"color: #800000;\"><a style=\"color: #800000;\" href=\"https:\/\/parafia-chlewo.pl\/?page_id=2133\" target=\"_blank\" rel=\"noopener\">Ministranci w Energylandii<\/a><\/span><\/h4>\n<h4><span style=\"color: #800000;\"><a style=\"color: #800000;\" href=\"https:\/\/parafia-chlewo.pl\/?page_id=2135\" target=\"_blank\" rel=\"noopener\">Bierzmowanie<\/a><\/span><\/h4>\n<h4><span style=\"color: #800000;\"><a style=\"color: #800000;\" href=\"https:\/\/parafia-chlewo.pl\/?page_id=2140\" target=\"_blank\" rel=\"noopener\">Odpust ku czci Matki Bo\u017cej R\u00f3\u017ca\u0144cowej<\/a><\/span><\/h4>\n","protected":false},"excerpt":{"rendered":"<p>Relacja z wizyty Proboszcza na najwy\u017cszym poziomie Wielki Post &#8211; dekoracja ko\u015bcio\u0142a i nowe obrusy na o\u0142tarze Renowacja klawiatury organ\u00f3w w ko\u015bciele w Chlewie Dekoracja Grobu Pa\u0144skiego Pierwsza Komunia \u015awi\u0119ta\u00a0 Uroczysto\u015b\u0107 Bo\u017cego Cia\u0142a Odpust ku czci \u015bw. Benedykta Opata w Chlewie Odpust ku czci \u015bw. Ma\u0142gorzaty Antioche\u0144skiej w Gaci Nasi parafianie pielgrzymuj\u0105 pieszo na Jasn\u0105 G\u00f3r\u0119 Ministranci w Energylandii Bierzmowanie Odpust ku czci Matki &hellip;<\/p>\n","protected":false},"author":1,"featured_media":0,"parent":68,"menu_order":0,"comment_status":"closed","ping_status":"closed","template":"","meta":{"footnotes":""},"class_list":["post-1530","page","type-page","status-publish","hentry"],"_links":{"self":[{"href":"https:\/\/parafia-chlewo.pl\/index.php?rest_route=\/wp\/v2\/pages\/1530","targetHints":{"allow":["GET"]}}],"collection":[{"href":"https:\/\/parafia-chlewo.pl\/index.php?rest_route=\/wp\/v2\/pages"}],"about":[{"href":"https:\/\/parafia-chlewo.pl\/index.php?rest_route=\/wp\/v2\/types\/page"}],"author":[{"embeddable":true,"href":"https:\/\/parafia-chlewo.pl\/index.php?rest_route=\/wp\/v2\/users\/1"}],"replies":[{"embeddable":true,"href":"https:\/\/parafia-chlewo.pl\/index.php?rest_route=%2Fwp%2Fv2%2Fcomments&post=1530"}],"version-history":[{"count":12,"href":"https:\/\/parafia-chlewo.pl\/index.php?rest_route=\/wp\/v2\/pages\/1530\/revisions"}],"predecessor-version":[{"id":2142,"href":"https:\/\/parafia-chlewo.pl\/index.php?rest_route=\/wp\/v2\/pages\/1530\/revisions\/2142"}],"up":[{"embeddable":true,"href":"https:\/\/parafia-chlewo.pl\/index.php?rest_route=\/wp\/v2\/pages\/68"}],"wp:attachment":[{"href":"https:\/\/parafia-chlewo.pl\/index.php?rest_route=%2Fwp%2Fv2%2Fmedia&parent=1530"}],"curies":[{"name":"wp","href":"https:\/\/api.w.org\/{rel}","templated":true}]}}