{"id":1371,"date":"2020-12-05T21:45:52","date_gmt":"2020-12-05T20:45:52","guid":{"rendered":"https:\/\/parafia-chlewo.pl\/?page_id=1371"},"modified":"2020-12-05T21:45:52","modified_gmt":"2020-12-05T20:45:52","slug":"kalendarium-dawnej-parafii-i-kosciola-w-gaci-pawezowej","status":"publish","type":"page","link":"https:\/\/parafia-chlewo.pl\/?page_id=1371","title":{"rendered":"KALENDARIUM DAWNEJ PARAFII I KO\u015aCIO\u0141A W GACI PAW\u0118ZOWEJ"},"content":{"rendered":"<h4><strong>KALENDARIUM DAWNEJ PARAFII I KO\u015aCIO\u0141A W GACI PAW\u0118ZOWEJ<\/strong><\/h4>\n<h4><strong>&#8211; 21 maja 1324 roku &#8211; najstarsza wzmianka o Gaci Paw\u0119zowej &#8211; Faliborg Stanis\u0142awowic z Gaci wymieniony w akcie zamiany d\u00f3br z arcybiskupem gnie\u017anie\u0144skim Janis\u0142awem.<\/strong><\/h4>\n<h4><strong>&#8211; 29 czerwca1444 roku &#8211; proboszcz z Gaci Paw\u0119zowej oddelegowany przez arcybiskupa gnie\u017anie\u0144skiego Wincentego Kota do ,,zainstalowania &#8221; na probostwie w Chlewie ksi\u0119dza Tomasza &#8211; syna Wysoty z Woli T\u0142omakowej.<\/strong><\/h4>\n<h4><strong>&#8211; 1519 rok &#8211; biskup gnie\u017anie\u0144ski Miko\u0142aj konsekruje ko\u015bci\u00f3\u0142 w Gaci Paw\u0119zowej ku czci \u015bw. Ma\u0142gorzaty &#8211; patronki ko\u015bcio\u0142a. W sk\u0142ad parafii wchodzi\u0142y: Ga\u0107 Paw\u0119zowa, Ga\u0107 Moskurna oraz Raszawy.<\/strong><\/h4>\n<h4><strong>&#8211; 1521 rok &#8211; Stanis\u0142aw Powasch (Paw\u0119\u017c) zapisuje ko\u015bcio\u0142owi w Gaci Paw\u0119zowej dwa \u0142any ziemi w Gaci Moskurnej. Proboszczem jest wtedy ks. Jan Radomski, a kolatorami ko\u015bcio\u0142a w\u0142a\u015bciciele Gaci &#8211; Rajski i Gacki.<\/strong><\/h4>\n<h4><strong>&#8211; w po\u0142owie XVI wieku w\u0142a\u015bciciele Gaci Paw\u0119zowej przechodz\u0105 na protestantyzm i wyp\u0119dzaj\u0105 proboszcza oraz przejmuj\u0105 ko\u015bci\u00f3\u0142.<\/strong><\/h4>\n<h4><strong>&#8211; 1594 rok &#8211; katolicy odzyskuj\u0105 ko\u015bci\u00f3\u0142. W\u0142a\u015bcicielami Gaci Paw\u0119zowej s\u0105 wtedy Wac\u0142aw Leszczy\u0144ski i Jan Mieszkowski, kt\u00f3rzy nabyli te dobra od syn\u00f3w Jana Rajskiego.<\/strong><\/h4>\n<h4><strong>&#8211; oko\u0142o 1600 roku probostwo w Gaci Paw\u0119zowej obejmuje ks. Wawrzyn Lutomierski: kolatorzy ko\u015bcio\u0142a Wac\u0142aw Lipski i Andrzej Mieszkowski buduj\u0105 now\u0105 plebani\u0119, a proboszcz szko\u0142\u0119.<\/strong><\/h4>\n<h4><strong>&#8211; 1608 rok &#8211; w sprawozdaniu z wizytacji ko\u015bcio\u0142a odnotowano, \u017ce s\u0105 w nim dwa o\u0142tarze : wielki, wymagaj\u0105cy naprawy i boczny, ze zniszczonymi obrazami. Przy ko\u015bciele sta\u0142a dzwonnica, a w niej dwa dzwony, na ko\u015bciele za\u015b znajdowa\u0142a si\u0119 sygnaturka z ma\u0142ym dzwonkiem.<\/strong><\/h4>\n<h4><strong>&#8211; oko\u0142o 1612 roku proboszcz zostaje ,, w okrutny spos\u00f3b zamordowany&#8221;. Prawdopodobnie by\u0142 nim ks. Wawrzyn Lutomierski, gdy\u017c z maja 1612 roku pochodzi ostatni zapis w ksi\u0119dze metrykalnej sporz\u0105dzony r\u0119k\u0105 tego kap\u0142ana. Wed\u0142ug ustnej tradycji mia\u0142 zosta\u0107 pochowany w progu ko\u015bcio\u0142a.<\/strong><\/h4>\n<h4><strong>&#8211; 1642 rok- arcybiskup gnie\u017anie\u0144ski Maciej \u0141ubie\u0144ski rozwi\u0105zuje parafi\u0119 w Gaci Paw\u0119zowej i ,,na wieczne czasy &#8221; przy\u0142\u0105cza j\u0105 do parafii w Chlewie &#8211; odt\u0105d jest fili\u0105 tej parafii. Zrujnowany ko\u015bci\u00f3\u0142 nakazuje rozebra\u0107, a zdrowe drewno przeznaczy\u0107 na ogrodzenie miejscowego cmentarza.<\/strong><\/h4>\n<h4><strong>&#8211; 1670 rok &#8211; ugoda pomi\u0119dzy proboszczem chlewskim ks. Kazimierzem Staniszewskim, a w\u0142a\u015bcicielem Gaci Paw\u0119zowej W\u0142adys\u0142awem Tarchalskim, w sprawie dochod\u00f3w pochodz\u0105cych z ziemi nale\u017c\u0105cej dawniej do parafii w Gaci Paw\u0119zowej.<\/strong><\/h4>\n<h4><strong>&#8211; 1719 rok- w sprawozdaniu z wizytacji zapisano, \u017ce drewniany ko\u015bci\u00f3\u0142 w Gaci Paw\u0119zowej wybudowa\u0142 ks. Staniszewski za odszkodowanie uzyskane od w\u0142a\u015bcicieli Gaci Paw\u0119zowej &#8211; Tarchalskich.<\/strong><\/h4>\n<h4><strong>&#8211; 1754 rok &#8211; kolejna wizytacja ko\u015bcio\u0142a w Gaci Paw\u0119zowej &#8211; zapisano wtedy, \u017ce ,, dach szkudlany zosta\u0142 naprawiony, a okna i szyby nie s\u0105 uszkodzone&#8221;. W ko\u015bciele znajdowa\u0142 si\u0119 wielki o\u0142tarz z obrazem Matki Bo\u017cej i boczny z obrazem \u015bw. Ma\u0142gorzaty.<\/strong><\/h4>\n<h4><strong>&#8211; 1789 rok &#8211; Salomea Cielecka sprzedaje Ga\u0107 Paw\u0119zow\u0105 Janowi Kosseckiemu (w\u0142a\u015bcicielowi Woli T\u0142omakowej) pozostawiaj\u0105c 3000 z\u0142p. na remont miejscowego ko\u015bcio\u0142a.<\/strong><\/h4>\n<h4><strong>&#8211; ks. Jan Karwat &#8211; kolejny proboszcz parafii Chlewo w latach 1773 &#8211; 1808 &#8211; nakazuje rozebra\u0107 drewniany ,,zrujnowany&#8221; ko\u015bci\u00f3\u0142ek, a zdrowe drewno u\u017cy\u0107 na ogrodzenie miejscowego cmentarza.<\/strong><br \/>\n<strong>&#8211; Jan Kossecki postanawia wybudowa\u0107 murowany z ceg\u0142y ko\u015bci\u00f3\u0142 i pokrywa go ,, dachem szkud\u0142owym&#8221;. Pami\u0105tk\u0105 po tej budowie jest \u017celiwny krzy\u017c nad sygnaturk\u0105 z wyt\u0142oczon\u0105 na nim dat\u0105 &#8211; 1807 rok.<\/strong><\/h4>\n<h4><strong>&#8211; 16 lipca 1808 roku &#8211; ks. Andrzej Rych\u0142owski, dziekan dekanatu stawskiego i zarazem proboszcz parafii Ko\u017aminek dokonuje aktu po\u015bwi\u0119cenia obecnego ko\u015bcio\u0142a z polecenia arcybiskupa gnie\u017anie\u0144skiego Ignacego Raczy\u0144skiego.<\/strong><\/h4>\n<h4><strong>&#8211; 1851 rok &#8211; kolejny w\u0142a\u015bciciel Gaci Paw\u0119zowej &#8211; Karol Osterloff pokrywa ko\u015bci\u00f3\u0142 nowymi ,,szkud\u0142ami&#8221; i maluje go wewn\u0105trz, a w roku nast\u0119pnym grodzi cmentarz murem z polnego kamienia.<\/strong><\/h4>\n<h4><strong>&#8211; oko\u0142o 1910 roku zainstalowany zostaje nowy wielki o\u0142tarz z obrazem \u015awi\u0119tej Rodziny. Wed\u0142ug ustnej tradycji pochodzi\u0107 ma z ko\u015bcio\u0142a w Opat\u00f3wku, kt\u00f3ry w latach 1905 &#8211; 1910 by\u0142 przebudowywany.<\/strong><\/h4>\n<h4><strong>&#8211; 17 listopada 1963 roku &#8211; po\u015bwi\u0119cenie prac zwi\u0105zanych z otynkowaniem ko\u015bcio\u0142a filialnego &#8211; proboszczem parafii Chlewo jest wtedy ks. Jan B\u0142aszczak.<\/strong><\/h4>\n<h4><strong>&#8211; 7 kwietnia 1968 roku &#8211; po\u015bwi\u0119cenie instalacji elektrycznej w ko\u015bciele przez ks. Lucjana Kurzawskiego- dziekana dekanatu b\u0142aszkowskiego.<\/strong><\/h4>\n<h4><strong>&#8211; pocz\u0105tek lat 70 &#8211; tych XX wieku &#8211; wymiana dachu na ko\u015bciele: cementowa dach\u00f3wka zast\u0105piona zostaje blach\u0105 ocynkowan\u0105. Wykonano te\u017c nowe ogrodzenie terenu ko\u015bcielnego. Proboszczem by\u0142 wtedy ks. Stanis\u0142aw Dobies.<\/strong><\/h4>\n<h4><strong>&#8211; 1993 rok &#8211; malowanie wn\u0119trza ko\u015bcio\u0142a przez firm\u0119 pana Juliana Wi\u0105cka z Ostrowa Wlkp. Wtedy te\u017c odnalezione zosta\u0142y na poddaszu ko\u015bcio\u0142a dwa zabytkowe obrazy: \u015bw. Antoniego i \u015bw. Ma\u0142gorzaty, kt\u00f3re po przeprowadzeniu prac renowacyjnych zdobi\u0105 dzi\u015b wn\u0119trze \u015bwi\u0105tyni. Proboszczem jest wtedy ks. Jan Dominiak.<\/strong><\/h4>\n<h4><strong>&#8211; 2011 rok &#8211; malowanie elewacji, a w roku nast\u0119pnym dachu ko\u015bcio\u0142a. Po\u015bwi\u0119cenia tych prac dokonuje ks. biskup Stanis\u0142aw Napiera\u0142a w dniu 17 pa\u017adziernika 2012 roku w czasie wizytacji parafii. W kolejnych latach wok\u00f3\u0142 ko\u015bcio\u0142a u\u0142o\u017cona zostaje alejka z kostki brukowej oraz zamontowane zostaj\u0105 nowe okna. Proboszczem jest ks. Pawe\u0142 Rogozi\u0144ski.<\/strong><\/h4>\n<h4><strong>&#8211; 2020 rok &#8211; zakup nowego \u017cyrandola oraz renowacja tabernakulum i zabytkowego relikwiarza \u015bw. Ma\u0142gorzaty. Proboszczem parafii Chlewo jest obecnie ks. S\u0142awomir Kosi\u0144ski.<\/strong><\/h4>\n<h4><\/h4>\n","protected":false},"excerpt":{"rendered":"<p>KALENDARIUM DAWNEJ PARAFII I KO\u015aCIO\u0141A W GACI PAW\u0118ZOWEJ &#8211; 21 maja 1324 roku &#8211; najstarsza wzmianka o Gaci Paw\u0119zowej &#8211; Faliborg Stanis\u0142awowic z Gaci wymieniony w akcie zamiany d\u00f3br z arcybiskupem gnie\u017anie\u0144skim Janis\u0142awem. &#8211; 29 czerwca1444 roku &#8211; proboszcz z Gaci Paw\u0119zowej oddelegowany przez arcybiskupa gnie\u017anie\u0144skiego Wincentego Kota do ,,zainstalowania &#8221; na probostwie w Chlewie ksi\u0119dza Tomasza &#8211; syna Wysoty z Woli T\u0142omakowej. &#8211; &hellip;<\/p>\n","protected":false},"author":1,"featured_media":0,"parent":71,"menu_order":0,"comment_status":"closed","ping_status":"closed","template":"","meta":{"footnotes":""},"class_list":["post-1371","page","type-page","status-publish","hentry"],"_links":{"self":[{"href":"https:\/\/parafia-chlewo.pl\/index.php?rest_route=\/wp\/v2\/pages\/1371","targetHints":{"allow":["GET"]}}],"collection":[{"href":"https:\/\/parafia-chlewo.pl\/index.php?rest_route=\/wp\/v2\/pages"}],"about":[{"href":"https:\/\/parafia-chlewo.pl\/index.php?rest_route=\/wp\/v2\/types\/page"}],"author":[{"embeddable":true,"href":"https:\/\/parafia-chlewo.pl\/index.php?rest_route=\/wp\/v2\/users\/1"}],"replies":[{"embeddable":true,"href":"https:\/\/parafia-chlewo.pl\/index.php?rest_route=%2Fwp%2Fv2%2Fcomments&post=1371"}],"version-history":[{"count":1,"href":"https:\/\/parafia-chlewo.pl\/index.php?rest_route=\/wp\/v2\/pages\/1371\/revisions"}],"predecessor-version":[{"id":1372,"href":"https:\/\/parafia-chlewo.pl\/index.php?rest_route=\/wp\/v2\/pages\/1371\/revisions\/1372"}],"up":[{"embeddable":true,"href":"https:\/\/parafia-chlewo.pl\/index.php?rest_route=\/wp\/v2\/pages\/71"}],"wp:attachment":[{"href":"https:\/\/parafia-chlewo.pl\/index.php?rest_route=%2Fwp%2Fv2%2Fmedia&parent=1371"}],"curies":[{"name":"wp","href":"https:\/\/api.w.org\/{rel}","templated":true}]}}