{"id":1369,"date":"2020-12-05T21:41:44","date_gmt":"2020-12-05T20:41:44","guid":{"rendered":"https:\/\/parafia-chlewo.pl\/?page_id=1369"},"modified":"2020-12-05T21:41:44","modified_gmt":"2020-12-05T20:41:44","slug":"kalendarium-parafii-w-chlewie","status":"publish","type":"page","link":"https:\/\/parafia-chlewo.pl\/?page_id=1369","title":{"rendered":"Kalendarium parafii w Chlewie"},"content":{"rendered":"<h4 align=\"center\"><strong><span style=\"font-size: large;\">Kalendarium parafii pw. \u015bw. Benedykta Opata w Chlewie<\/span><\/strong><\/h4>\n<h4 align=\"justify\"><strong><span style=\"font-size: large;\">1145 r.- najprawdopodobniej najdawniejszy zapis dotycz\u0105cy Chlewa &#8211; ksi\u0105\u017c\u0119 kaliski Mieszko Stary uposa\u017ca klasztor cysters\u00f3w w L\u0105dzie nad Wart\u0105 nadaj\u0105c im w posiadanie ,,osad\u0119 targow\u0105 z karczmami Chlew&#8221;. <\/span><\/strong><\/h4>\n<h4 align=\"justify\"><strong><span style=\"font-size: large;\">1335 r. &#8211; pierwsza wzmianka o istnieniu parafii w Chlewie. Arcybiskup gnie\u017anie\u0144ski Jaros\u0142aw Bogoria Skotnicki przyznaje prawo dziedzicowi Krowic o imieniu Chwalib\u00f3g do prezentowania proboszcz\u00f3w chlewskich.<\/span><\/strong><\/h4>\n<h4 align=\"justify\"><strong><span style=\"font-size: large;\">1433 r. &#8211; ks. Miko\u0142aj z Kalisza, kanonik gnie\u017anie\u0144ski i krakowski rozstrzyga sp\u00f3r o prawo patronatu nad ko\u015bcio\u0142em chlewskim, patronami s\u0105 Korabici. <\/span><\/strong><\/h4>\n<h4 align=\"justify\"><strong><span style=\"font-size: large;\">1521 r. &#8211; ksi\u0119ga uposa\u017ce\u0144 arcybiskupa gnie\u017anie\u0144skiego Jana \u0141askiego wymienia drewniany ko\u015bci\u00f3\u0142 w Chlewie pod wezwaniem \u015bw. Benedykta, oraz proboszcza ks. Jana Trzebi\u0144skiego. Kolatorami s\u0105 Piotr Chlewski z wnukami Piotrem i Benedyktem, a tak\u017ce Jan Orzega\u0142a i Stanis\u0142aw Rak. <\/span><\/strong><\/h4>\n<h4 align=\"justify\"><strong><span style=\"font-size: large;\">1591 r. &#8211; napad na plebani\u0119 po \u015bmierci proboszcza ks. Stanis\u0142awa. Zabrano z plebanii odzie\u017c, sprz\u0119ty, \u017cywno\u015b\u0107, byd\u0142o i konie. Nast\u0119pnej nocy w\u0142amano si\u0119 do ko\u015bcio\u0142a, sk\u0105d skradziono 15 grzywien srebra ukrytych w tabernakulum.<\/span><\/strong><\/h4>\n<h4 align=\"justify\"><strong><span style=\"font-size: large;\">1606 r. &#8211; pierwsza wizytacja, po\u015bwiadczona w \u017ar\u00f3d\u0142ach, przeprowadzona przez ks. Macieja D\u0105browskiego, archidiakona kaliskiego \u2013 stwierdza, \u017ce dach ko\u015bcio\u0142a zosta\u0142 powa\u017cnie uszkodzony i nakazuje jego gruntown\u0105 napraw\u0119. W opisie wyposa\u017cenia wymienia trzy o\u0142tarze z rze\u017abionymi figurami \u015bwi\u0119tych oraz czwarty ustawiony na kr\u00f3tko przed wizytacj\u0105.<\/span><\/strong><\/h4>\n<h4 align=\"justify\"><strong><span style=\"font-size: large;\">1642 r. &#8211; arcybiskup gnie\u017anie\u0144ski Maciej \u0141ubie\u0144ski znosi parafi\u0119 Ga\u0107 i przy\u0142\u0105cza do parafii Chlewo.<\/span><\/strong><\/h4>\n<h4 align=\"justify\"><strong><span style=\"font-size: large;\">1719 r. &#8211; w sprawozdaniu z wizytacji zapisano, \u017ce w ko\u015bciele by\u0142o pi\u0119\u0107 o\u0142tarzy: g\u0142\u00f3wny &#8211; stary z figurami \u015bwi\u0119tych, drugi z rze\u017ab\u0105 \u015bw. Krzy\u017ca, trzeci ze \u015bw. Antonim, czwarty \u015bw. J\u00f3zefem i pi\u0105ty posrebrzany, z wizerunkiem Matki Boskiej.<\/span><\/strong><\/h4>\n<h4 align=\"justify\"><strong><span style=\"font-size: large;\">1754 r. &#8211; w sprawozdaniu z wizytacji wymieniono 68 srebrnych wot, w\u015br\u00f3d nich obr\u0105czki, pier\u015bcionki i kolczyki, kt\u00f3re by\u0142y zawieszone wok\u00f3\u0142 obrazu Matki Boskiej, kt\u00f3ry okre\u015blony zosta\u0142 jako ,,\u0142askami s\u0142yn\u0105cy&#8221;.<\/span><\/strong><\/h4>\n<h4 align=\"justify\"><strong><span style=\"font-size: large;\">1713 r. &#8211; dziedzic Maciszewic i Domaniewa Pawe\u0142 Biernacki, przeznacza na budow\u0119 nowego murowanego ko\u015bcio\u0142a w Chlewie pi\u0119tna\u015bcie tysi\u0119cy z\u0142otych polskich. W roku 1716 Pawe\u0142 Biernacki umiera bezpotomnie. Po 60 latach proces\u00f3w s\u0105dowych jego spadkobiercy oddaj\u0105 zapisane w testamencie pieni\u0105dze na ko\u015bci\u00f3\u0142 w Chlewie.<\/span><\/strong><\/h4>\n<h4 align=\"justify\"><strong><span style=\"font-size: large;\">1779 r. &#8211; ks. proboszcz Jan Karwat rozpoczyna przygotowania do budowy ko\u015bcio\u0142a<\/span><\/strong><\/h4>\n<h4 align=\"justify\"><strong><span style=\"font-size: large;\">1788 r. &#8211; po\u015bwi\u0119cenie nowego ko\u015bci\u00f3\u0142 w Chlewie. Ko\u015bci\u00f3\u0142 pocz\u0105tkowo jest pokryty s\u0142om\u0105, dopiero po kilku latach Miko\u0142aj Jab\u0142kowski k\u0142adzie dach\u00f3wk\u0119. W 1817 Bonawentura Niemojowski, przeprowadza kolejny remont dachu ko\u015bcio\u0142a, kt\u00f3ry pokryto tym razem ulepszon\u0105 dach\u00f3wk\u0105 karpiow\u0105.<\/span><\/strong><\/h4>\n<h4 align=\"justify\"><strong><span style=\"font-size: large;\">1813 r. &#8211; w sprawozdaniu z wizytacji zapisano, \u017ce wn\u0119trze nowego ko\u015bcio\u0142a by\u0142o ,,zupe\u0142nie nagie\u201d. Nie by\u0142o \u017cadnego bocznego o\u0142tarza, a wielki o\u0142tarz by\u0142 ,,zmy\u015blony&#8221; i ,,wygl\u0105da\u0142 jak z tektury wykrojony&#8221;.<\/span><\/strong><\/h4>\n<h4 align=\"justify\"><strong><span style=\"font-size: large;\">1823 r. &#8211; za\u0142o\u017cenie cmentarza parafialnego ,,na d\u0142ugim polu poza wsi\u0105&#8221; przez proboszcza ks. Wincentego S\u0142awi\u0144skiego.<\/span><\/strong><\/h4>\n<h4 align=\"justify\"><strong><span style=\"font-size: large;\">1879 r. &#8211; budowa istniej\u0105cej do dzi\u015b murowanej plebanii &#8211; proboszczem jest ks. J\u00f3zef Akali\u0144ski.<\/span><\/strong><\/h4>\n<h4 align=\"justify\"><strong><span style=\"font-size: large;\">1883 r. &#8211; ustawienie w prezbiterium nowego o\u0142tarza z kopi\u0105 obrazu Rubensa ,,Zdj\u0119cie z Krzy\u017ca&#8217;\u201d. W g\u00f3rnej nastawie o\u0142tarza obraz z wyobra\u017ceniem \u015bw. Benedykta Opata &#8211; patrona parafii.<\/span><\/strong><\/h4>\n<h4 align=\"justify\"><strong><span style=\"font-size: large;\">1889 r. &#8211; otoczenie ko\u015bcio\u0142a drewnianym parkanem z murowanymi s\u0142upkami z dwoma metalowym bramami i furtkami.<\/span><\/strong><\/h4>\n<h4 align=\"justify\"><strong><span style=\"font-size: large;\">1908 r. &#8211; uroczysto\u015b\u0107 po\u015bwi\u0119cenia Domu Ludowego (nazywanego dzi\u015b ,,organist\u00f3wk\u0105&#8221;) przez \u00f3wczesnego proboszcza ks. J\u00f3zefa Pe\u0142czy\u0144skiego. W latach dwudziestych mie\u015bci\u0142a si\u0119 tam szko\u0142a. <\/span><\/strong><\/h4>\n<h4 align=\"justify\"><strong><span style=\"font-size: large;\">I wojna \u015bwiatowa &#8211; Niemcy ograbiaj\u0105 ko\u015bci\u00f3\u0142 &#8211; rekwiruj\u0105 na potrzeby przemys\u0142u zbrojeniowego cynowe piszcza\u0142ki z organ\u00f3w. Dwa du\u017ce dzwony ko\u015bcielne, zosta\u0142y ukryte na cmentarzu grzebalnym. Wr\u00f3ci\u0142y na Nowy Rok 1919. W czasie wojny sp\u0142on\u0119\u0142o te\u017c zgromadzone na podw\u00f3rzu proboszczowskim (wraz z drewnian\u0105 stodo\u0142\u0105) drewno na budow\u0119 wie\u017cy ko\u015bcielnej, kt\u00f3ra mia\u0142a by\u0107 usytuowana z boku ko\u015bcio\u0142a nad zakrysti\u0105 i lo\u017c\u0105 kolatorsk\u0105.<\/span><\/strong><\/h4>\n<h4 align=\"justify\"><strong><span style=\"font-size: large;\">1923 \u2013 1927 &#8211; prace przy cmentarzu grzebalnym: wycinka drzew, opasanie wa\u0142em ziemnym i rowami, ogrodzenie siatk\u0105. <\/span><\/strong><\/h4>\n<h4 align=\"justify\"><strong><span style=\"font-size: large;\">1924 r. (28 wrze\u015bnia) \u2013 ks. biskup W\u0142adys\u0142aw Krynicki konsekruje ko\u015bci\u00f3\u0142 pw. \u015bw. Benedykta Opata w Chlewie. Proboszczem jest ks. Kazimierz Jung.<\/span><\/strong><\/h4>\n<h4 align=\"justify\"><strong><span style=\"font-size: large;\">1925 r. &#8211; zakup do ko\u015bcio\u0142a barokowych stacji Drogi Krzy\u017cowej.<\/span><\/strong><\/h4>\n<h4 align=\"justify\"><strong><span style=\"font-size: large;\">1930 r. &#8211; wykonano istniej\u0105c\u0105 do dzisiaj polichromi\u0119. <\/span><\/strong><\/h4>\n<h4 align=\"justify\"><strong><span style=\"font-size: large;\">1931 r. &#8211; remont organ\u00f3w (nowe piszcza\u0142ki) przez Firm\u0119 Braci Jezierskich z Warszawy.<\/span><\/strong><\/h4>\n<h4 align=\"justify\"><strong><span style=\"font-size: large;\">1932 r. (30 kwietnia &#8211; 8 maja) &#8211; misje prowadzone przez ojc\u00f3w Redemptoryst\u00f3w z Torunia. W czasie ich trwania rozdano ponad siedem tysi\u0119cy Komunii \u015aw. <\/span><\/strong><\/h4>\n<h4 align=\"justify\"><strong><span style=\"font-size: large;\">1932 r. (4 listopada) &#8211; kradzie\u017c i \u015bwi\u0119tokradztwo w ko\u015bciele. Z\u0142odzieje w\u0142amuj\u0105 si\u0119 do ko\u015bcio\u0142a i otwieraj\u0105 tabernakulum. Kradn\u0105 monstrancj\u0119, poz\u0142acane kielichy\u00a0i relikwiarz\u00a0\u015bw. Benedykta. Biskup w\u0142oc\u0142awski nakazuje ,,urz\u0105dzi\u0107\u00a0 kilkugodzinne wystawienie Naj\u015bwi\u0119tszego Sakramentu po sko\u0144czonej sumie, na znak pokuty\u201d. Ustanowiono str\u00f3\u017ca nocnego do pilnowania ko\u015bcio\u0142a.<\/span><\/strong><\/h4>\n<h4 align=\"justify\"><strong><span style=\"font-size: large;\">II wojna \u015bwiatowa &#8211; \u00f3wczesny proboszcz ks. Kazimierz Jung s\u0142u\u017cy pos\u0142ug\u0105 duszpastersk\u0105 mieszka\u0144com pozamykanych okolicznych parafii. W roku 1942 w ko\u015bciele w Chlewie udziela chrztu 1175 dzieciom. W czasie jednego z nabo\u017ce\u0144stw Niemcy otaczaj\u0105 ko\u015bci\u00f3\u0142 i wy\u0142apuj\u0105 wychodz\u0105c\u0105 m\u0142odzie\u017c, wysy\u0142aj\u0105c j\u0105 na przymusowe roboty do Rzeszy Niemieckiej. Za odmow\u0119 wsp\u00f3\u0142pracy z Niemcami ks. Jung zosta\u0142 usuni\u0119ty z plebanii zamieszka\u0142 w ch\u0142opskiej chacie przygarni\u0119ty przez jedn\u0105 z rodzin. (Plebani\u0119 zaj\u0105\u0142 niemiecki \u017candarm.) Dotkliwie pobity przez Niemc\u00f3w umiera w dniu 13 lipca 1943 roku. Po jego \u015bmierci ko\u015bci\u00f3\u0142 zostaje zamkni\u0119ty. Od tego czasu parafianie korzystaj\u0105 z pos\u0142ugi w parafii D\u0119be. W siedzibie organist\u00f3wki Niemcy urz\u0105dzili szko\u0142\u0119 Hitlerjugend, w kt\u00f3rej uczy\u0142a si\u0119 m\u0142odzie\u017c niemieckich osiedle\u0144c\u00f3w.<\/span><\/strong><\/h4>\n<h4 align=\"justify\"><strong><span style=\"font-size: large;\">1945 r. (prawdopodobnie od lutego) &#8211; proboszczem w Chlewie jest <span style=\"font-family: Times New Roman, serif;\">Ks. Franciszek Bujalski, a od sierpnia 1946 Ks. Edward Prandota<\/span><\/span><\/strong><\/h4>\n<h4 align=\"justify\"><strong><span style=\"font-size: large;\">1953 r. &#8211; projekt obecnego g\u0142\u00f3wnego o\u0142tarza do ko\u015bcio\u0142a zatwierdzony do realizacji przez Kuri\u0119 Diecezjaln\u0105 we W\u0142oc\u0142awku z obrazem Matki Bo\u017cej. <\/span><\/strong><\/h4>\n<h4 align=\"justify\"><strong><span style=\"font-size: large;\">1971 r. &#8211; ogrodzono cmentarz parkanem z bia\u0142ej ceg\u0142y. Proboszczem jest ks. Stanis\u0142aw Dobies.<\/span><\/strong><\/h4>\n<h4 align=\"justify\"><strong><span style=\"font-size: large;\">1975 r. (7 &#8211; 8 marca) \u2013 nawiedzenie kopii Obrazu Matki Bo\u017cej Cz\u0119stochowskiej<\/span><\/strong><\/h4>\n<h4 align=\"justify\"><strong><span style=\"font-size: large;\">1975 r. &#8211; Henryk Domurat z Poznania odnawia polichromi\u0119 w ko\u015bciele. <\/span><\/strong><\/h4>\n<h4 align=\"justify\"><strong><span style=\"font-size: large;\">1987 r. &#8211; wylano posadk\u0119 i za\u0142o\u017cono parkiet w ko\u015bciele. Proboszczem jest ks. Jan Dominiak<\/span><\/strong><\/h4>\n<h4 align=\"justify\"><strong><span style=\"font-size: large;\">1989 r. &#8211; wykonano nowe boczne o\u0142tarze w stolarni Jana Gano w Gostyniu k. Poznania<\/span><\/strong><\/h4>\n<h4 align=\"justify\"><strong><span style=\"font-size: large;\">1992 \u2013 1993 r. &#8211; remont ko\u015bcio\u0142a. Wn\u0119trze ko\u015bcio\u0142a odnawia firma Juliana Wi\u0105cka z Ostrowa Wielkopolskiego. <\/span><\/strong><\/h4>\n<h4 align=\"justify\"><strong><span style=\"font-size: large;\">1995 r. (3 maja) \u2013 nawiedzenie kopii obrazu \u015bw. J\u00f3zefa <\/span><\/strong><\/h4>\n<h4 align=\"justify\"><strong><span style=\"font-size: large;\">1999 r. (14 &#8211; 21 listopada) \u2013 Misje \u015bwi\u0119te prowadzi o. Bonawentura G\u00f3rski &#8211; franciszkanin<\/span><\/strong><\/h4>\n<h4 align=\"justify\"><strong><span style=\"font-size: large;\">2010 r. (24 &#8211; 25 wrze\u015bnia) \u2013 nawiedzenie kopii obrazu Matki Bo\u017cej Cz\u0119stochowskiej. Proboszczem jest ks. Pawe\u0142 Rogozi\u0144ski.<\/span><\/strong><\/h4>\n<h4 align=\"justify\"><strong><span style=\"font-size: large;\">2011 r. (4 &#8211; 11 VI) \u2013 Misje Bo\u017cego Mi\u0142osierdzia prowadz\u0105 ksi\u0119\u017ca Jezuici.<\/span><\/strong><\/h4>\n<h4 align=\"justify\"><strong><span style=\"font-size: large;\">2019 r. (od 1 pa\u017adziernika) \u2013 proboszczem jest ks. S\u0142awomir Kosi\u0144ski<\/span><\/strong><\/h4>\n<h4 align=\"justify\"><\/h4>\n<h4 align=\"justify\"><\/h4>\n","protected":false},"excerpt":{"rendered":"<p>Kalendarium parafii pw. \u015bw. Benedykta Opata w Chlewie 1145 r.- najprawdopodobniej najdawniejszy zapis dotycz\u0105cy Chlewa &#8211; ksi\u0105\u017c\u0119 kaliski Mieszko Stary uposa\u017ca klasztor cysters\u00f3w w L\u0105dzie nad Wart\u0105 nadaj\u0105c im w posiadanie ,,osad\u0119 targow\u0105 z karczmami Chlew&#8221;. 1335 r. &#8211; pierwsza wzmianka o istnieniu parafii w Chlewie. Arcybiskup gnie\u017anie\u0144ski Jaros\u0142aw Bogoria Skotnicki przyznaje prawo dziedzicowi Krowic o imieniu Chwalib\u00f3g do prezentowania proboszcz\u00f3w chlewskich. 1433 r. &hellip;<\/p>\n","protected":false},"author":1,"featured_media":0,"parent":71,"menu_order":0,"comment_status":"closed","ping_status":"closed","template":"","meta":{"footnotes":""},"class_list":["post-1369","page","type-page","status-publish","hentry"],"_links":{"self":[{"href":"https:\/\/parafia-chlewo.pl\/index.php?rest_route=\/wp\/v2\/pages\/1369","targetHints":{"allow":["GET"]}}],"collection":[{"href":"https:\/\/parafia-chlewo.pl\/index.php?rest_route=\/wp\/v2\/pages"}],"about":[{"href":"https:\/\/parafia-chlewo.pl\/index.php?rest_route=\/wp\/v2\/types\/page"}],"author":[{"embeddable":true,"href":"https:\/\/parafia-chlewo.pl\/index.php?rest_route=\/wp\/v2\/users\/1"}],"replies":[{"embeddable":true,"href":"https:\/\/parafia-chlewo.pl\/index.php?rest_route=%2Fwp%2Fv2%2Fcomments&post=1369"}],"version-history":[{"count":1,"href":"https:\/\/parafia-chlewo.pl\/index.php?rest_route=\/wp\/v2\/pages\/1369\/revisions"}],"predecessor-version":[{"id":1370,"href":"https:\/\/parafia-chlewo.pl\/index.php?rest_route=\/wp\/v2\/pages\/1369\/revisions\/1370"}],"up":[{"embeddable":true,"href":"https:\/\/parafia-chlewo.pl\/index.php?rest_route=\/wp\/v2\/pages\/71"}],"wp:attachment":[{"href":"https:\/\/parafia-chlewo.pl\/index.php?rest_route=%2Fwp%2Fv2%2Fmedia&parent=1369"}],"curies":[{"name":"wp","href":"https:\/\/api.w.org\/{rel}","templated":true}]}}