{"id":125,"date":"2019-12-06T00:42:39","date_gmt":"2019-12-05T23:42:39","guid":{"rendered":"http:\/\/parafia-chlewo.pl\/?page_id=125"},"modified":"2021-02-01T12:36:22","modified_gmt":"2021-02-01T11:36:22","slug":"2019-2","status":"publish","type":"page","link":"https:\/\/parafia-chlewo.pl\/?page_id=125","title":{"rendered":"Galeria roku 2019"},"content":{"rendered":"<h3><span style=\"color: #000080;\"><a style=\"color: #000080;\" href=\"https:\/\/parafia-chlewo.pl\/?page_id=227\" target=\"_blank\" rel=\"noopener\">Po\u017cegnanie ks. Paw\u0142a Rogozi\u0144skiego<\/a><\/span><\/h3>\n<h3><span style=\"color: #000080;\"><a style=\"color: #000080;\" href=\"https:\/\/parafia-chlewo.pl\/?page_id=222\" target=\"_blank\" rel=\"noopener\">Powitanie ks. S\u0142awomira Kosi\u0144skiego<\/a><\/span><\/h3>\n<h3><span style=\"color: #000080;\"><a style=\"color: #000080;\" href=\"https:\/\/parafia-chlewo.pl\/?page_id=282\" target=\"_blank\" rel=\"noopener\">Odpust Matki Bo\u017cej R\u00f3\u017ca\u0144cowej<\/a><\/span><\/h3>\n<h3><span style=\"color: #000080;\"><a style=\"color: #000080;\" href=\"https:\/\/parafia-chlewo.pl\/?page_id=355\" target=\"_blank\" rel=\"noopener\">Renowacje<\/a><\/span><\/h3>\n","protected":false},"excerpt":{"rendered":"<p>Po\u017cegnanie ks. Paw\u0142a Rogozi\u0144skiego Powitanie ks. S\u0142awomira Kosi\u0144skiego Odpust Matki Bo\u017cej R\u00f3\u017ca\u0144cowej Renowacje<\/p>\n","protected":false},"author":1,"featured_media":0,"parent":68,"menu_order":0,"comment_status":"closed","ping_status":"closed","template":"","meta":{"footnotes":""},"class_list":["post-125","page","type-page","status-publish","hentry"],"_links":{"self":[{"href":"https:\/\/parafia-chlewo.pl\/index.php?rest_route=\/wp\/v2\/pages\/125","targetHints":{"allow":["GET"]}}],"collection":[{"href":"https:\/\/parafia-chlewo.pl\/index.php?rest_route=\/wp\/v2\/pages"}],"about":[{"href":"https:\/\/parafia-chlewo.pl\/index.php?rest_route=\/wp\/v2\/types\/page"}],"author":[{"embeddable":true,"href":"https:\/\/parafia-chlewo.pl\/index.php?rest_route=\/wp\/v2\/users\/1"}],"replies":[{"embeddable":true,"href":"https:\/\/parafia-chlewo.pl\/index.php?rest_route=%2Fwp%2Fv2%2Fcomments&post=125"}],"version-history":[{"count":8,"href":"https:\/\/parafia-chlewo.pl\/index.php?rest_route=\/wp\/v2\/pages\/125\/revisions"}],"predecessor-version":[{"id":1491,"href":"https:\/\/parafia-chlewo.pl\/index.php?rest_route=\/wp\/v2\/pages\/125\/revisions\/1491"}],"up":[{"embeddable":true,"href":"https:\/\/parafia-chlewo.pl\/index.php?rest_route=\/wp\/v2\/pages\/68"}],"wp:attachment":[{"href":"https:\/\/parafia-chlewo.pl\/index.php?rest_route=%2Fwp%2Fv2%2Fmedia&parent=125"}],"curies":[{"name":"wp","href":"https:\/\/api.w.org\/{rel}","templated":true}]}}